{"id":2548,"date":"2020-07-24T12:49:06","date_gmt":"2020-07-24T11:49:06","guid":{"rendered":"https:\/\/www.edubox.ch\/shop\/?page_id=2548"},"modified":"2025-08-08T09:34:01","modified_gmt":"2025-08-08T08:34:01","slug":"merkblatt-fuer-kandidaten-ecdl-typing-skills-certificate-zu-hause-oder-im-geschaeft-per-fernueberwachung-durchfuehren","status":"publish","type":"page","link":"https:\/\/www.edubox.ch\/shop\/merkblatt-fuer-kandidaten-ecdl-typing-skills-certificate-zu-hause-oder-im-geschaeft-per-fernueberwachung-durchfuehren\/","title":{"rendered":"Merkblatt f\u00fcr Kandidaten: ICDL Typing Skills Certificate zu Hause oder im Gesch\u00e4ft per Fern\u00fcberwachung durchf\u00fchren"},"content":{"rendered":"\n<h2 class=\"wp-block-heading\" id=\"h-einleitung\">Einleitung<\/h2>\n\n\n\n<p>Die EduBox GmbH f\u00fchrt als akkreditiertes ICDL Test Center \u00abICDL Typing Skills Certificate\u00bb Zertifikatspr\u00fcfungen virtuelle per Fern\u00fcberwachung durch. D. h. Sie k\u00f6nnen die Pr\u00fcfung an Ihrem Windows-PC oder Mac durchf\u00fchren. Ein ICDL Tester bzw. eine ICDL Testerin der EduBox GmbH wird Sie w\u00e4hrend der ganzen Pr\u00fcfungszeit per Audio- und Video\u00fcbertragung \u00fcberwachen. Zudem steht der\/die Tester\/in bei Problemen w\u00e4hrend der Pr\u00fcfung jederzeit zur Verf\u00fcgung.<br>Anmeldung unter: <a href=\"https:\/\/www.edubox.ch\/shop\/produkt\/ecdl-typing-skills-certificate\/\">https:\/\/www.edubox.ch\/shop\/produkt\/ecdl-typing-skills-certificate\/<\/a><\/p>\n\n\n\n<p><strong>Tipp:<\/strong> Absolvieren Sie vor der Zertifikatspr\u00fcfung eine kostenpflichtige Probepr\u00fcfung NORMAL (Diagnosetest). So wissen Sie, ob Sie f\u00fcr die Pr\u00fcfung bereit sind und lernen gleichzeitig das Pr\u00fcfungssystem Sophia kennen. Einen solche  Probepr\u00fcfung NORMAL k\u00f6nnen Sie hier erwerben: <a href=\"https:\/\/www.edubox.ch\/shop\/produkt\/ecdl-typing-skills-diagnosetest\/\"><\/a><a href=\"https:\/\/www.edubox.ch\/shop\/produkt\/ecdl-typing-skills-diagnosetest\/\">https:\/\/www.edubox.ch\/shop\/produkt\/ecdl-typing-skills-diagnosetest\/<\/a><\/p>\n\n\n\n<p>Bei Fragen<strong>*<\/strong> stehen wir Ihnen gerne unter <a href=\"mailto:icdl@edubox.ch\">icdl@edubox.ch<\/a> oder +41 52 534 00 96 zur Verf\u00fcgung.<\/p>\n\n\n\n<p><strong>* Die EduBox GmbH kann weder telefonisch noch per E-Mail technische Unterst\u00fctzung an<br>den Ger\u00e4ten des Kunden bieten. <\/strong>Testen Sie insbesondere bei Gesch\u00e4ftsger\u00e4ten im Vorfeld<br>die volle Funktionalit\u00e4t. Auf Gesch\u00e4ftsger\u00e4ten muss meist mit Einschr\u00e4nkungen gerechnet<br>werden. Noch besser, organisieren Sie sich w\u00e4hrend der Schulungs-\/Pr\u00fcfungsphase ein privates Ger\u00e4t ohne Einschr\u00e4nkungen.<\/p>\n\n\n\n<h2 class=\"wp-block-heading\" id=\"h-technische-hard-und-software-voraussetzungen\">Technische (Hard- und Software) Voraussetzungen<\/h2>\n\n\n\n<h3 class=\"wp-block-heading\" id=\"h-hardware-dienste\">Hardware\/Dienste<\/h3>\n\n\n\n<ul class=\"wp-block-list\">\n<li>Windows-PC bzw. Mac<\/li>\n\n\n\n<li>2 Webcams, z. B. eine am\/im PC und eine separate (Smartphone\/Tablet) <\/li>\n\n\n\n<li>Headset ODER Mikrofon und Lautsprecher ODER Telefon\/Smartphone mit Festnetz Flatrate<\/li>\n\n\n\n<li>Stabile Internetverbindung<\/li>\n<\/ul>\n\n\n\n<h3 class=\"wp-block-heading\" id=\"h-software\">Software<\/h3>\n\n\n\n<ul class=\"wp-block-list\">\n<li>Testsystem <strong>Sophia<\/strong><\/li>\n\n\n\n<li>Fern\u00fcberwachungs-Tool <strong>ZOOM<\/strong><\/li>\n<\/ul>\n\n\n\n<h2 class=\"wp-block-heading\" id=\"h-regeln-wahrend-der-zertifikatsprufung\">Regeln w\u00e4hrend der Zertifikatspr\u00fcfung<\/h2>\n\n\n\n<ul class=\"wp-block-list\">\n<li>Sie befinden sich alleine in einem ruhigen Raum.<\/li>\n\n\n\n<li>Sie ben\u00f6tigen zwei Ger\u00e4te mit Kamera:\n<ul class=\"wp-block-list\">\n<li>Eine Kamera (z. B. Notebook, Webcam) damit wir Sie w\u00e4hrend der ganzen Pr\u00fcfungszeit sehen k\u00f6nnen.<\/li>\n\n\n\n<li>Eine zweite Kamera (z. B. Smartphone, Tablet) die auf Ihre Finger bzw. auf die Tastatur gerichtet ist.<\/li>\n<\/ul>\n<\/li>\n\n\n\n<li>Sie stellen sicher, dass die Audio- und Video\u00fcbermittlung per PC oder Telefon w\u00e4hrend der ganzen Pr\u00fcfung funktioniert.<\/li>\n\n\n\n<li>W\u00e4hrend des Tests sind jegliche Audio-, Bild- und Videoaufnahmen verboten.<\/li>\n<\/ul>\n\n\n\n<h2 class=\"wp-block-heading\" id=\"h-ablauf-der-zertifikatsprufung-im-detail\">Ablauf der Zertifikatspr\u00fcfung im Detail<\/h2>\n\n\n\n<h3 class=\"wp-block-heading\" id=\"h-vor-der-zertifikatsprufung\">Vor der Zertifikatspr\u00fcfung<\/h3>\n\n\n\n<ul class=\"wp-block-list\">\n<li>Sie <strong>melden <\/strong>sich \u00fcber <a href=\"https:\/\/www.edubox.ch\/shop\/produkt\/ecdl-typing-skills-certificate\/\">https:\/\/www.edubox.ch\/shop\/produkt\/ecdl-typing-skills-certificate\/<\/a> <strong>f\u00fcr <\/strong>eine <strong>Zertifikatspr\u00fcfung an<\/strong> und <strong>bezahlen<\/strong> diese <strong>vor Pr\u00fcfungsbeginn<\/strong>.<\/li>\n\n\n\n<li>Sie <strong>erhalten <\/strong>von uns eine <strong>Terminbest\u00e4tigung <\/strong>bzw. Einladung inkl. Link f\u00fcr den Pr\u00fcfungstag <strong>per E-Mail<\/strong> zugestellt.<\/li>\n\n\n\n<li>Sie <strong>laden <\/strong>das Testsystem <strong>Sophia herunter <\/strong>und speichern es auf dem Desktop (Windows-PC) bzw. Schreibtisch (Mac) ab:\n<ul class=\"wp-block-list\">\n<li>Download f\u00fcr Windows-PC:&nbsp;<a rel=\"noreferrer noopener\" href=\"http:\/\/www.sophiatesting.com\/download\/Sophia.exe\" target=\"_blank\">http:\/\/www.sophiatesting.com\/download\/Sophia.exe<\/a><\/li>\n\n\n\n<li>Download f\u00fcr Mac:&nbsp;<a rel=\"noreferrer noopener\" href=\"https:\/\/www.icdl.ch\/fileadmin\/ECDL\/CH\/Dokumente\/Downloads\/Leitfaden_fuer_KandidatInnen_Sophia-App_fuer_MAC.pdf\" target=\"_blank\">Testsystem Sophia (Software f\u00fcr Mac)<\/a>&nbsp;inkl. genaue Anleitung zur Installation.<\/li>\n<\/ul>\n<\/li>\n\n\n\n<li><span style=\"color:#ff0000\" class=\"tadv-color\">Sie <strong>testen <\/strong>das Testsystem <strong>Sophia <\/strong>mit einem Diagnose-Demo-Code (Dauer: 2 Minuten, kostenlos). Starten Sie dazu Sophia und geben Sie dann im Register \u00abTyping Test\u00bb folgenden \u00abZugangscode\u00bb ein: <strong>tscdemo1<\/strong><\/span><\/li>\n\n\n\n<li>Sie <strong>testen <\/strong>das Fern\u00fcberwachungs-Tool <strong>ZOOM. <\/strong>\n<ul class=\"wp-block-list\">\n<li>Am <strong>PC <\/strong>\u00fcber den Link <a href=\"https:\/\/zoom.us\/test\">https:\/\/zoom.us\/test<\/a>, um die Funktionalit\u00e4t folgender Komponenten sicherzustellen:\n<ul class=\"wp-block-list\">\n<li>Webcam<\/li>\n\n\n\n<li>Headset ODER Mikrofon und Lautsprecher ODER Telefon\/Smartphone mit Festnetz Flatrate<\/li>\n\n\n\n<li>Stabile Internetverbindung<\/li>\n<\/ul>\n<\/li>\n\n\n\n<li>Am <strong>Smartphone <\/strong>oder <strong>Tablet <\/strong>\u00fcber den Link <a href=\"https:\/\/zoom.us\/test\">https:\/\/zoom.us\/test<\/a> wird eine Webseite aufgerufen bei der Sie mit einem Klick auf \u00abHerunterladen aus dem App-Store\u00bb oder \u00abDownload von Google Play\u00bb in Ihren App Store oder Play Store weitergeleitet werden. Dort k\u00f6nnen Sie das ZOOM-App installieren. Ist das App installiert, klicken Sie erneut auf den Link <a href=\"https:\/\/zoom.us\/test\">https:\/\/zoom.us\/test<\/a>.<\/li>\n<\/ul>\n<\/li>\n<\/ul>\n\n\n\n<h3 class=\"wp-block-heading\" id=\"h-am-prufungstag-funf-minuten-vor-prufungsbeginn\">Am Pr\u00fcfungstag: F\u00fcnf Minuten vor Pr\u00fcfungsbeginn<\/h3>\n\n\n\n<ul class=\"wp-block-list\">\n<li>Schliessen Sie alle Anwendungen (Programme).<\/li>\n\n\n\n<li>Klicken Sie auf den Link im Einladungs-E-Mail auf dem PC und auf dem Smartphone oder Tablet und verbinden Sie sich so mit dem virtuellen Pr\u00fcfungsraum (ZOOM Meeting \u00f6ffnen). <strong>Wichtig: Lassen Sie die ZOOM-Software unbedingt w\u00e4hrend der ganzen Pr\u00fcfung ge\u00f6ffnet!<\/strong><\/li>\n\n\n\n<li>Haben Sie weder ein Headset noch Mikrofon und Lautsprecher an Ihrem Ger\u00e4t, so rufen Sie zus\u00e4tzlich folgende Nummer an und stellen so eine Audioverbindung mit Ihrem Tester her (zum Schweizer Festnetztarife):\n<ul class=\"wp-block-list\">\n<li>+41 31 528 09 88<\/li>\n\n\n\n<li>+41 43 210 70 42<\/li>\n\n\n\n<li>+41 43 210 71 08<\/li>\n\n\n\n<li>+41 22 591 00 05<\/li>\n\n\n\n<li>+41 22 591 01 56<\/li>\n<\/ul>\n<\/li>\n<\/ul>\n\n\n\n<h3 class=\"wp-block-heading\" id=\"h-am-prufungstag-wahrend-der-zertifikatsprufung\">Am Pr\u00fcfungstag: W\u00e4hrend der Zertifikatspr\u00fcfung<\/h3>\n\n\n\n<ul class=\"wp-block-list\">\n<li><mark>Am Pr\u00fcfungstag vor der Pr\u00fcfung k\u00f6nnen wir Ihnen aus Zeitgr\u00fcnden keine Fragen mehr beantworten. Lesen Sie deshalb vor der Pr\u00fcfung das Merkblatt f\u00fcr Kandidaten durch und testen Sie die Pr\u00fcfungssoftware.<\/mark><\/li>\n\n\n\n<li>Der Tester spricht Schweizer-Deutsch. Auf Ihren Wunsch hin wechselt er gerne auf Hochdeutsch.<\/li>\n\n\n\n<li>Es erfolgt als erstes die Begr\u00fcssung und ID- bzw. Pass-Kontrolle per Webcam durch den Tester.<\/li>\n\n\n\n<li>Danach teilen Sie Ihren Bildschirm mit dem Testcenter. Klick Sie dazu am unteren Bildschirmrand auf \u00abBildschirm freigeben\u00bb &#8211;&gt; \u00abBildschirm\u00bb &#8211;&gt; \u00abTeilen\u00bb.<\/li>\n<\/ul>\n\n\n\n<p><em>Ab dem jetzigen Zeitpunkt unterst\u00fctzt Sie der Tester bei jedem Schritt m\u00fcndlich oder bei Bedarf auch direkt auf Ihrem Ger\u00e4t.<\/em><\/p>\n\n\n\n<ul class=\"wp-block-list\">\n<li>Pr\u00fcfungsdurchf\u00fchrung<br><strong>WICHTIG: W\u00e4hrend der kompletten Pr\u00fcfung m\u00fcssen die Webcam, der Bildschirm sowie das Audiosignal des Kandidaten dem Tester live \u00fcbermittelt werden. Der Pr\u00fcfungstext muss mit dem Zehnfingersystem geschrieben werden. Besteht irgendein Verdacht auf Betrug, darf der Tester jederzeit die Pr\u00fcfung abbrechen und als ung\u00fcltig erkl\u00e4ren. Die Pr\u00fcfungsgeb\u00fchr geht zu Lasten des Kandidaten.<\/strong><ul><li>\u00d6ffnen Sie Sophia<\/li><li>Klicken Sie auf \u00abTyping Test\u00bb.<\/li><\/ul>\n<ul class=\"wp-block-list\">\n<li>Geben Sie den \u00abZugangscode\u00bb ein, welchen Sie vom Tester erhalten und klicken Sie auf \u00abWeiter\u00bb.<\/li>\n\n\n\n<li>W\u00e4hlen Sie den Typing Test aus und klicken Sie auf \u00abOK\u00bb.<\/li>\n\n\n\n<li>Lesen Sie Hinweistext genau durch und starten Sie dann die Pr\u00fcfung mit Klick auf \u00abTest starten\u00bb.<\/li>\n\n\n\n<li>Der Tester wird nun sein Audio stumm schalten und sein Video deaktivieren, um Sie w\u00e4hrend der Pr\u00fcfung nicht zu st\u00f6ren. Bei (technischen) Problemen m\u00fcssen Sie sich sofort an den Testern wenden. Er wird unverz\u00fcglich sein Audio aktivieren und Sie unterst\u00fctzten.<\/li>\n<\/ul>\n<\/li>\n<\/ul>\n\n\n\n<h3 class=\"wp-block-heading\" id=\"h-am-prufungstag-direkt-nach-der-zertifikatsprufung\">Am Pr\u00fcfungstag: Direkt nach der Zertifikatspr\u00fcfung<\/h3>\n\n\n\n<ul class=\"wp-block-list\">\n<li>Wenige Sekunden nachdem die 10 Minuten abgelaufen sind, wird Ihnen Ihr Resultat direkt auf Ihrem Bildschirm angezeigt.<\/li>\n\n\n\n<li>Resultat drucken (freiwillig):\n<ul class=\"wp-block-list\">\n<li>Drucken Sie das Resultat auf Ihrem Drucker vor Ort aus.<\/li>\n<\/ul>\n<\/li>\n\n\n\n<li>Resultat per E-Mail erhalten (freiwillig):\n<ul class=\"wp-block-list\">\n<li>Aktivieren Sie unterhalb des Resultats das Kontrollk\u00e4stchen \u00abIch m\u00f6chte mein Ergebnis zugesendet bekommen\u00bb.<\/li>\n\n\n\n<li>Geben Sie Ihre E-Mail-Adresse unter \u00abE-Mail\u00bb ein.<\/li>\n\n\n\n<li>Klicken Sie auf \u00abSchliessen\u00bb.<\/li>\n<\/ul>\n<\/li>\n\n\n\n<li>Sie kopieren gem\u00e4ss den Anweisungen Ihres Testers die Sophia-Log-Datei (Datum_Modul_Pr\u00fcfungsnummer.log) auf Ihrem Ger\u00e4t in den ZOOM Chat (Alt + H) oben am Bildschirmrand unter \u00ab\u2026 Mehr\u00bb. Der Tester kopiert diese sogleich in die Test Center Log Ablage.<\/li>\n\n\n\n<li>Der Tester verabschiedet sich von Ihnen und beendet dann das Meeting.<\/li>\n<\/ul>\n\n\n\n<h3 class=\"wp-block-heading\" id=\"h-1-bis-2-wochen-nach-der-zertifikatsprufung\">1 bis 2 Wochen nach der Zertifikatspr\u00fcfung<\/h3>\n\n\n\n<ul class=\"wp-block-list\">\n<li>Bei Bestehen der Typing Skills Zertifikatspr\u00fcfung erhalten Sie innert 1 bis 2 Wochen Ihr <a href=\"https:\/\/www.icdl.ch\/kandidaten\/zertifikate-und-module\/\">ICDL Zertifikat<\/a> von uns per Post zugestellt.<\/li>\n<\/ul>\n\n\n","protected":false},"excerpt":{"rendered":"<p>Einleitung Die EduBox GmbH f\u00fchrt als akkreditiertes ICDL Test Center \u00abICDL Typing Skills Certificate\u00bb Zertifikatspr\u00fcfungen virtuelle per Fern\u00fcberwachung durch. D. h. Sie k\u00f6nnen die Pr\u00fcfung an Ihrem Windows-PC oder Mac durchf\u00fchren. Ein ICDL Tester bzw. eine ICDL Testerin der EduBox GmbH wird Sie w\u00e4hrend der ganzen Pr\u00fcfungszeit per Audio- und Video\u00fcbertragung \u00fcberwachen. Zudem steht der\/die [&hellip;]<\/p>\n","protected":false},"author":2,"featured_media":0,"parent":0,"menu_order":0,"comment_status":"closed","ping_status":"closed","template":"","meta":{"_lmt_disableupdate":"","_lmt_disable":"","footnotes":""},"class_list":["post-2548","page","type-page","status-publish","hentry"],"yoast_head":"<!-- This site is optimized with the Yoast SEO plugin v27.2 - https:\/\/yoast.com\/product\/yoast-seo-wordpress\/ -->\n<title>Merkblatt f\u00fcr Kandidaten: ICDL Typing Skills Certificate zu Hause oder im Gesch\u00e4ft per Fern\u00fcberwachung durchf\u00fchren - EduBox GmbH<\/title>\n<meta name=\"robots\" content=\"index, follow, max-snippet:-1, max-image-preview:large, max-video-preview:-1\" \/>\n<link rel=\"canonical\" href=\"https:\/\/www.edubox.ch\/shop\/merkblatt-fuer-kandidaten-ecdl-typing-skills-certificate-zu-hause-oder-im-geschaeft-per-fernueberwachung-durchfuehren\/\" \/>\n<meta property=\"og:locale\" content=\"de_DE\" \/>\n<meta property=\"og:type\" content=\"article\" \/>\n<meta property=\"og:title\" content=\"Merkblatt f\u00fcr Kandidaten: ICDL Typing Skills Certificate zu Hause oder im Gesch\u00e4ft per Fern\u00fcberwachung durchf\u00fchren - EduBox GmbH\" \/>\n<meta property=\"og:description\" content=\"Einleitung Die EduBox GmbH f\u00fchrt als akkreditiertes ICDL Test Center \u00abICDL Typing Skills Certificate\u00bb Zertifikatspr\u00fcfungen virtuelle per Fern\u00fcberwachung durch. D. h. Sie k\u00f6nnen die Pr\u00fcfung an Ihrem Windows-PC oder Mac durchf\u00fchren. Ein ICDL Tester bzw. eine ICDL Testerin der EduBox GmbH wird Sie w\u00e4hrend der ganzen Pr\u00fcfungszeit per Audio- und Video\u00fcbertragung \u00fcberwachen. Zudem steht der\/die [&hellip;]\" \/>\n<meta property=\"og:url\" content=\"https:\/\/www.edubox.ch\/shop\/merkblatt-fuer-kandidaten-ecdl-typing-skills-certificate-zu-hause-oder-im-geschaeft-per-fernueberwachung-durchfuehren\/\" \/>\n<meta property=\"og:site_name\" content=\"EduBox GmbH\" \/>\n<meta property=\"article:publisher\" content=\"https:\/\/www.facebook.com\/EduBox.CH\" \/>\n<meta property=\"article:modified_time\" content=\"2025-08-08T08:34:01+00:00\" \/>\n<meta name=\"twitter:card\" content=\"summary_large_image\" \/>\n<meta name=\"twitter:site\" content=\"@EduBox_CH\" \/>\n<meta name=\"twitter:label1\" content=\"Gesch\u00e4tzte Lesezeit\" \/>\n\t<meta name=\"twitter:data1\" content=\"6\u00a0Minuten\" \/>\n<script type=\"application\/ld+json\" class=\"yoast-schema-graph\">{\"@context\":\"https:\/\/schema.org\",\"@graph\":[{\"@type\":\"WebPage\",\"@id\":\"https:\/\/www.edubox.ch\/shop\/merkblatt-fuer-kandidaten-ecdl-typing-skills-certificate-zu-hause-oder-im-geschaeft-per-fernueberwachung-durchfuehren\/\",\"url\":\"https:\/\/www.edubox.ch\/shop\/merkblatt-fuer-kandidaten-ecdl-typing-skills-certificate-zu-hause-oder-im-geschaeft-per-fernueberwachung-durchfuehren\/\",\"name\":\"Merkblatt f\u00fcr Kandidaten: ICDL Typing Skills Certificate zu Hause oder im Gesch\u00e4ft per Fern\u00fcberwachung durchf\u00fchren - EduBox GmbH\",\"isPartOf\":{\"@id\":\"https:\/\/www.edubox.ch\/shop\/#website\"},\"datePublished\":\"2020-07-24T11:49:06+00:00\",\"dateModified\":\"2025-08-08T08:34:01+00:00\",\"breadcrumb\":{\"@id\":\"https:\/\/www.edubox.ch\/shop\/merkblatt-fuer-kandidaten-ecdl-typing-skills-certificate-zu-hause-oder-im-geschaeft-per-fernueberwachung-durchfuehren\/#breadcrumb\"},\"inLanguage\":\"de-CH\",\"potentialAction\":[{\"@type\":\"ReadAction\",\"target\":[\"https:\/\/www.edubox.ch\/shop\/merkblatt-fuer-kandidaten-ecdl-typing-skills-certificate-zu-hause-oder-im-geschaeft-per-fernueberwachung-durchfuehren\/\"]}]},{\"@type\":\"BreadcrumbList\",\"@id\":\"https:\/\/www.edubox.ch\/shop\/merkblatt-fuer-kandidaten-ecdl-typing-skills-certificate-zu-hause-oder-im-geschaeft-per-fernueberwachung-durchfuehren\/#breadcrumb\",\"itemListElement\":[{\"@type\":\"ListItem\",\"position\":1,\"name\":\"Startseite\",\"item\":\"https:\/\/www.edubox.ch\/shop\/\"},{\"@type\":\"ListItem\",\"position\":2,\"name\":\"Merkblatt f\u00fcr Kandidaten: ICDL Typing Skills Certificate zu Hause oder im Gesch\u00e4ft per Fern\u00fcberwachung durchf\u00fchren\"}]},{\"@type\":\"WebSite\",\"@id\":\"https:\/\/www.edubox.ch\/shop\/#website\",\"url\":\"https:\/\/www.edubox.ch\/shop\/\",\"name\":\"EduBox GmbH\",\"description\":\"Die erste virtuelle ICT-Schule der Schweiz!\",\"publisher\":{\"@id\":\"https:\/\/www.edubox.ch\/shop\/#organization\"},\"potentialAction\":[{\"@type\":\"SearchAction\",\"target\":{\"@type\":\"EntryPoint\",\"urlTemplate\":\"https:\/\/www.edubox.ch\/shop\/?s={search_term_string}\"},\"query-input\":{\"@type\":\"PropertyValueSpecification\",\"valueRequired\":true,\"valueName\":\"search_term_string\"}}],\"inLanguage\":\"de-CH\"},{\"@type\":\"Organization\",\"@id\":\"https:\/\/www.edubox.ch\/shop\/#organization\",\"name\":\"EduBox GmbH\",\"url\":\"https:\/\/www.edubox.ch\/shop\/\",\"logo\":{\"@type\":\"ImageObject\",\"inLanguage\":\"de-CH\",\"@id\":\"https:\/\/www.edubox.ch\/shop\/#\/schema\/logo\/image\/\",\"url\":\"https:\/\/www.edubox.ch\/shop\/wp-content\/uploads\/Logo-Laengs-ohne-Slogan-Transparent-Hoehe-1.5cm-fuer-Lehrbuch-KfK.png\",\"contentUrl\":\"https:\/\/www.edubox.ch\/shop\/wp-content\/uploads\/Logo-Laengs-ohne-Slogan-Transparent-Hoehe-1.5cm-fuer-Lehrbuch-KfK.png\",\"width\":725,\"height\":177,\"caption\":\"EduBox GmbH\"},\"image\":{\"@id\":\"https:\/\/www.edubox.ch\/shop\/#\/schema\/logo\/image\/\"},\"sameAs\":[\"https:\/\/www.facebook.com\/EduBox.CH\",\"https:\/\/x.com\/EduBox_CH\",\"https:\/\/www.linkedin.com\/company\/2981682\/admin\/dashboard\/\",\"https:\/\/www.xing.com\/pages\/eduboxgmbh\"]}]}<\/script>\n<!-- \/ Yoast SEO plugin. -->","yoast_head_json":{"title":"Merkblatt f\u00fcr Kandidaten: ICDL Typing Skills Certificate zu Hause oder im Gesch\u00e4ft per Fern\u00fcberwachung durchf\u00fchren - EduBox GmbH","robots":{"index":"index","follow":"follow","max-snippet":"max-snippet:-1","max-image-preview":"max-image-preview:large","max-video-preview":"max-video-preview:-1"},"canonical":"https:\/\/www.edubox.ch\/shop\/merkblatt-fuer-kandidaten-ecdl-typing-skills-certificate-zu-hause-oder-im-geschaeft-per-fernueberwachung-durchfuehren\/","og_locale":"de_DE","og_type":"article","og_title":"Merkblatt f\u00fcr Kandidaten: ICDL Typing Skills Certificate zu Hause oder im Gesch\u00e4ft per Fern\u00fcberwachung durchf\u00fchren - EduBox GmbH","og_description":"Einleitung Die EduBox GmbH f\u00fchrt als akkreditiertes ICDL Test Center \u00abICDL Typing Skills Certificate\u00bb Zertifikatspr\u00fcfungen virtuelle per Fern\u00fcberwachung durch. D. h. Sie k\u00f6nnen die Pr\u00fcfung an Ihrem Windows-PC oder Mac durchf\u00fchren. Ein ICDL Tester bzw. eine ICDL Testerin der EduBox GmbH wird Sie w\u00e4hrend der ganzen Pr\u00fcfungszeit per Audio- und Video\u00fcbertragung \u00fcberwachen. Zudem steht der\/die [&hellip;]","og_url":"https:\/\/www.edubox.ch\/shop\/merkblatt-fuer-kandidaten-ecdl-typing-skills-certificate-zu-hause-oder-im-geschaeft-per-fernueberwachung-durchfuehren\/","og_site_name":"EduBox GmbH","article_publisher":"https:\/\/www.facebook.com\/EduBox.CH","article_modified_time":"2025-08-08T08:34:01+00:00","twitter_card":"summary_large_image","twitter_site":"@EduBox_CH","twitter_misc":{"Gesch\u00e4tzte Lesezeit":"6\u00a0Minuten"},"schema":{"@context":"https:\/\/schema.org","@graph":[{"@type":"WebPage","@id":"https:\/\/www.edubox.ch\/shop\/merkblatt-fuer-kandidaten-ecdl-typing-skills-certificate-zu-hause-oder-im-geschaeft-per-fernueberwachung-durchfuehren\/","url":"https:\/\/www.edubox.ch\/shop\/merkblatt-fuer-kandidaten-ecdl-typing-skills-certificate-zu-hause-oder-im-geschaeft-per-fernueberwachung-durchfuehren\/","name":"Merkblatt f\u00fcr Kandidaten: ICDL Typing Skills Certificate zu Hause oder im Gesch\u00e4ft per Fern\u00fcberwachung durchf\u00fchren - EduBox GmbH","isPartOf":{"@id":"https:\/\/www.edubox.ch\/shop\/#website"},"datePublished":"2020-07-24T11:49:06+00:00","dateModified":"2025-08-08T08:34:01+00:00","breadcrumb":{"@id":"https:\/\/www.edubox.ch\/shop\/merkblatt-fuer-kandidaten-ecdl-typing-skills-certificate-zu-hause-oder-im-geschaeft-per-fernueberwachung-durchfuehren\/#breadcrumb"},"inLanguage":"de-CH","potentialAction":[{"@type":"ReadAction","target":["https:\/\/www.edubox.ch\/shop\/merkblatt-fuer-kandidaten-ecdl-typing-skills-certificate-zu-hause-oder-im-geschaeft-per-fernueberwachung-durchfuehren\/"]}]},{"@type":"BreadcrumbList","@id":"https:\/\/www.edubox.ch\/shop\/merkblatt-fuer-kandidaten-ecdl-typing-skills-certificate-zu-hause-oder-im-geschaeft-per-fernueberwachung-durchfuehren\/#breadcrumb","itemListElement":[{"@type":"ListItem","position":1,"name":"Startseite","item":"https:\/\/www.edubox.ch\/shop\/"},{"@type":"ListItem","position":2,"name":"Merkblatt f\u00fcr Kandidaten: ICDL Typing Skills Certificate zu Hause oder im Gesch\u00e4ft per Fern\u00fcberwachung durchf\u00fchren"}]},{"@type":"WebSite","@id":"https:\/\/www.edubox.ch\/shop\/#website","url":"https:\/\/www.edubox.ch\/shop\/","name":"EduBox GmbH","description":"Die erste virtuelle ICT-Schule der Schweiz!","publisher":{"@id":"https:\/\/www.edubox.ch\/shop\/#organization"},"potentialAction":[{"@type":"SearchAction","target":{"@type":"EntryPoint","urlTemplate":"https:\/\/www.edubox.ch\/shop\/?s={search_term_string}"},"query-input":{"@type":"PropertyValueSpecification","valueRequired":true,"valueName":"search_term_string"}}],"inLanguage":"de-CH"},{"@type":"Organization","@id":"https:\/\/www.edubox.ch\/shop\/#organization","name":"EduBox GmbH","url":"https:\/\/www.edubox.ch\/shop\/","logo":{"@type":"ImageObject","inLanguage":"de-CH","@id":"https:\/\/www.edubox.ch\/shop\/#\/schema\/logo\/image\/","url":"https:\/\/www.edubox.ch\/shop\/wp-content\/uploads\/Logo-Laengs-ohne-Slogan-Transparent-Hoehe-1.5cm-fuer-Lehrbuch-KfK.png","contentUrl":"https:\/\/www.edubox.ch\/shop\/wp-content\/uploads\/Logo-Laengs-ohne-Slogan-Transparent-Hoehe-1.5cm-fuer-Lehrbuch-KfK.png","width":725,"height":177,"caption":"EduBox GmbH"},"image":{"@id":"https:\/\/www.edubox.ch\/shop\/#\/schema\/logo\/image\/"},"sameAs":["https:\/\/www.facebook.com\/EduBox.CH","https:\/\/x.com\/EduBox_CH","https:\/\/www.linkedin.com\/company\/2981682\/admin\/dashboard\/","https:\/\/www.xing.com\/pages\/eduboxgmbh"]}]}},"_links":{"self":[{"href":"https:\/\/www.edubox.ch\/shop\/wp-json\/wp\/v2\/pages\/2548","targetHints":{"allow":["GET"]}}],"collection":[{"href":"https:\/\/www.edubox.ch\/shop\/wp-json\/wp\/v2\/pages"}],"about":[{"href":"https:\/\/www.edubox.ch\/shop\/wp-json\/wp\/v2\/types\/page"}],"author":[{"embeddable":true,"href":"https:\/\/www.edubox.ch\/shop\/wp-json\/wp\/v2\/users\/2"}],"replies":[{"embeddable":true,"href":"https:\/\/www.edubox.ch\/shop\/wp-json\/wp\/v2\/comments?post=2548"}],"version-history":[{"count":13,"href":"https:\/\/www.edubox.ch\/shop\/wp-json\/wp\/v2\/pages\/2548\/revisions"}],"predecessor-version":[{"id":5651,"href":"https:\/\/www.edubox.ch\/shop\/wp-json\/wp\/v2\/pages\/2548\/revisions\/5651"}],"wp:attachment":[{"href":"https:\/\/www.edubox.ch\/shop\/wp-json\/wp\/v2\/media?parent=2548"}],"curies":[{"name":"wp","href":"https:\/\/api.w.org\/{rel}","templated":true}]}}