{"id":1029,"date":"2017-05-12T14:54:23","date_gmt":"2017-05-12T13:54:23","guid":{"rendered":"https:\/\/www.edubox.ch\/shop\/?post_type=product&#038;p=1029"},"modified":"2025-01-15T14:00:34","modified_gmt":"2025-01-15T13:00:34","slug":"demotest-ecdl-bildbearbeitung","status":"publish","type":"product","link":"https:\/\/www.edubox.ch\/shop\/produkt\/demotest-ecdl-bildbearbeitung\/","title":{"rendered":"ICDL\/ECDL Modul Bildbearbeitung: Probepr\u00fcfung NORMAL FREE (Diagnosetest)"},"content":{"rendered":"<p>ICDL Demotest f\u00fcr Bildbearbeitung (Diagnosetest).<\/p>\n","protected":false},"excerpt":{"rendered":"<p>Nutzen Sie die <strong>kostenlose Probepr\u00fcfung NORMAL FREE <\/strong>Bildbearbeitung (8 Fragen), um sich ein Bild vom neuen Test zum Modul Bildbearbeitung zu machen.<\/p>\n<p>Nutzen Sie die <strong>Probepr\u00fcfung NORMAL FREE<\/strong> auch, um die <strong>Pr\u00fcfungssoftware kennen<\/strong> zu lernen.<\/p>\n<p>Dieser Test ist vorerst nur f\u00fcr Windows Nutzer verf\u00fcgbar und kann mit Gimp, Photoshop Elements oder Photoshop abgelegt werden.<\/p>\n<p><span style=\"color: #ff0000;\"><strong>TIPP!<\/strong> <\/span>Bestellen Sie die <strong><a href=\"https:\/\/www.edubox.ch\/shop\/produkt\/ecdl-standard-diagnosetest\/\">Probepr\u00fcfung NORMAL<\/a><\/strong>\u00a0mit <strong>je etwa 65 Fragen<\/strong> f\u00fcr die <strong>umfassende und seri\u00f6se<\/strong> ICDL <strong>Pr\u00fcfungsvorbereitung<\/strong>!<\/p>\n","protected":false},"featured_media":3661,"comment_status":"closed","ping_status":"closed","template":"","meta":{"_lmt_disableupdate":"","_lmt_disable":""},"product_brand":[],"product_cat":[236],"product_tag":[51,235],"class_list":{"0":"post-1029","1":"product","2":"type-product","3":"status-publish","4":"has-post-thumbnail","6":"product_cat-demotest","7":"product_tag-bildbearbeitung","8":"product_tag-demotest","10":"first","11":"instock","12":"downloadable","13":"virtual","14":"sold-individually","15":"purchasable","16":"product-type-simple"},"yoast_head":"<!-- This site is optimized with the Yoast SEO plugin v27.2 - https:\/\/yoast.com\/product\/yoast-seo-wordpress\/ -->\n<title>ICDL\/ECDL Modul Bildbearbeitung: Probepr\u00fcfung NORMAL FREE (Diagnosetest) - EduBox GmbH<\/title>\n<meta name=\"robots\" content=\"index, follow, max-snippet:-1, max-image-preview:large, max-video-preview:-1\" \/>\n<link rel=\"canonical\" href=\"https:\/\/www.edubox.ch\/shop\/produkt\/demotest-ecdl-bildbearbeitung\/\" \/>\n<meta property=\"og:locale\" content=\"de_DE\" \/>\n<meta property=\"og:type\" content=\"article\" \/>\n<meta property=\"og:title\" content=\"ICDL\/ECDL Modul Bildbearbeitung: Probepr\u00fcfung NORMAL FREE (Diagnosetest) - EduBox GmbH\" \/>\n<meta property=\"og:description\" content=\"Nutzen Sie die kostenlose Probepr\u00fcfung NORMAL FREE Bildbearbeitung (8 Fragen), um sich ein Bild vom neuen Test zum Modul Bildbearbeitung zu machen.  Nutzen Sie die Probepr\u00fcfung NORMAL FREE auch, um die Pr\u00fcfungssoftware kennen zu lernen.  Dieser Test ist vorerst nur f\u00fcr Windows Nutzer verf\u00fcgbar und kann mit Gimp, Photoshop Elements oder Photoshop abgelegt werden.  TIPP! Bestellen Sie die Probepr\u00fcfung NORMAL\u00a0mit je etwa 65 Fragen f\u00fcr die umfassende und seri\u00f6se ICDL Pr\u00fcfungsvorbereitung!\" \/>\n<meta property=\"og:url\" content=\"https:\/\/www.edubox.ch\/shop\/produkt\/demotest-ecdl-bildbearbeitung\/\" \/>\n<meta property=\"og:site_name\" content=\"EduBox GmbH\" \/>\n<meta property=\"article:publisher\" content=\"https:\/\/www.facebook.com\/EduBox.CH\" \/>\n<meta property=\"article:modified_time\" content=\"2025-01-15T13:00:34+00:00\" \/>\n<meta property=\"og:image\" content=\"https:\/\/www.edubox.ch\/shop\/wp-content\/uploads\/Probepr\u00fcfungen-Free-eduzert.png\" \/>\n\t<meta property=\"og:image:width\" content=\"1000\" \/>\n\t<meta property=\"og:image:height\" content=\"1000\" \/>\n\t<meta property=\"og:image:type\" content=\"image\/png\" \/>\n<meta name=\"twitter:card\" content=\"summary_large_image\" \/>\n<meta name=\"twitter:site\" content=\"@EduBox_CH\" \/>\n<script type=\"application\/ld+json\" class=\"yoast-schema-graph\">{\"@context\":\"https:\/\/schema.org\",\"@graph\":[{\"@type\":\"WebPage\",\"@id\":\"https:\/\/www.edubox.ch\/shop\/produkt\/demotest-ecdl-bildbearbeitung\/\",\"url\":\"https:\/\/www.edubox.ch\/shop\/produkt\/demotest-ecdl-bildbearbeitung\/\",\"name\":\"ICDL\/ECDL Modul Bildbearbeitung: Probepr\u00fcfung NORMAL FREE (Diagnosetest) - EduBox GmbH\",\"isPartOf\":{\"@id\":\"https:\/\/www.edubox.ch\/shop\/#website\"},\"primaryImageOfPage\":{\"@id\":\"https:\/\/www.edubox.ch\/shop\/produkt\/demotest-ecdl-bildbearbeitung\/#primaryimage\"},\"image\":{\"@id\":\"https:\/\/www.edubox.ch\/shop\/produkt\/demotest-ecdl-bildbearbeitung\/#primaryimage\"},\"thumbnailUrl\":\"https:\/\/www.edubox.ch\/shop\/wp-content\/uploads\/Probepr\u00fcfungen-Free-eduzert.png\",\"datePublished\":\"2017-05-12T13:54:23+00:00\",\"dateModified\":\"2025-01-15T13:00:34+00:00\",\"breadcrumb\":{\"@id\":\"https:\/\/www.edubox.ch\/shop\/produkt\/demotest-ecdl-bildbearbeitung\/#breadcrumb\"},\"inLanguage\":\"de-CH\",\"potentialAction\":[{\"@type\":\"ReadAction\",\"target\":[\"https:\/\/www.edubox.ch\/shop\/produkt\/demotest-ecdl-bildbearbeitung\/\"]}]},{\"@type\":\"ImageObject\",\"inLanguage\":\"de-CH\",\"@id\":\"https:\/\/www.edubox.ch\/shop\/produkt\/demotest-ecdl-bildbearbeitung\/#primaryimage\",\"url\":\"https:\/\/www.edubox.ch\/shop\/wp-content\/uploads\/Probepr\u00fcfungen-Free-eduzert.png\",\"contentUrl\":\"https:\/\/www.edubox.ch\/shop\/wp-content\/uploads\/Probepr\u00fcfungen-Free-eduzert.png\",\"width\":1000,\"height\":1000},{\"@type\":\"BreadcrumbList\",\"@id\":\"https:\/\/www.edubox.ch\/shop\/produkt\/demotest-ecdl-bildbearbeitung\/#breadcrumb\",\"itemListElement\":[{\"@type\":\"ListItem\",\"position\":1,\"name\":\"Startseite\",\"item\":\"https:\/\/www.edubox.ch\/shop\/\"},{\"@type\":\"ListItem\",\"position\":2,\"name\":\"Alle Produkte\",\"item\":\"https:\/\/www.edubox.ch\/shop\/alle-produkte\/\"},{\"@type\":\"ListItem\",\"position\":3,\"name\":\"ICDL\/ECDL Modul Bildbearbeitung: Probepr\u00fcfung NORMAL FREE (Diagnosetest)\"}]},{\"@type\":\"WebSite\",\"@id\":\"https:\/\/www.edubox.ch\/shop\/#website\",\"url\":\"https:\/\/www.edubox.ch\/shop\/\",\"name\":\"EduBox GmbH\",\"description\":\"Die erste virtuelle ICT-Schule der Schweiz!\",\"publisher\":{\"@id\":\"https:\/\/www.edubox.ch\/shop\/#organization\"},\"potentialAction\":[{\"@type\":\"SearchAction\",\"target\":{\"@type\":\"EntryPoint\",\"urlTemplate\":\"https:\/\/www.edubox.ch\/shop\/?s={search_term_string}\"},\"query-input\":{\"@type\":\"PropertyValueSpecification\",\"valueRequired\":true,\"valueName\":\"search_term_string\"}}],\"inLanguage\":\"de-CH\"},{\"@type\":\"Organization\",\"@id\":\"https:\/\/www.edubox.ch\/shop\/#organization\",\"name\":\"EduBox GmbH\",\"url\":\"https:\/\/www.edubox.ch\/shop\/\",\"logo\":{\"@type\":\"ImageObject\",\"inLanguage\":\"de-CH\",\"@id\":\"https:\/\/www.edubox.ch\/shop\/#\/schema\/logo\/image\/\",\"url\":\"https:\/\/www.edubox.ch\/shop\/wp-content\/uploads\/Logo-Laengs-ohne-Slogan-Transparent-Hoehe-1.5cm-fuer-Lehrbuch-KfK.png\",\"contentUrl\":\"https:\/\/www.edubox.ch\/shop\/wp-content\/uploads\/Logo-Laengs-ohne-Slogan-Transparent-Hoehe-1.5cm-fuer-Lehrbuch-KfK.png\",\"width\":725,\"height\":177,\"caption\":\"EduBox GmbH\"},\"image\":{\"@id\":\"https:\/\/www.edubox.ch\/shop\/#\/schema\/logo\/image\/\"},\"sameAs\":[\"https:\/\/www.facebook.com\/EduBox.CH\",\"https:\/\/x.com\/EduBox_CH\",\"https:\/\/www.linkedin.com\/company\/2981682\/admin\/dashboard\/\",\"https:\/\/www.xing.com\/pages\/eduboxgmbh\"]}]}<\/script>\n<!-- \/ Yoast SEO plugin. -->","yoast_head_json":{"title":"ICDL\/ECDL Modul Bildbearbeitung: Probepr\u00fcfung NORMAL FREE (Diagnosetest) - EduBox GmbH","robots":{"index":"index","follow":"follow","max-snippet":"max-snippet:-1","max-image-preview":"max-image-preview:large","max-video-preview":"max-video-preview:-1"},"canonical":"https:\/\/www.edubox.ch\/shop\/produkt\/demotest-ecdl-bildbearbeitung\/","og_locale":"de_DE","og_type":"article","og_title":"ICDL\/ECDL Modul Bildbearbeitung: Probepr\u00fcfung NORMAL FREE (Diagnosetest) - EduBox GmbH","og_description":"Nutzen Sie die kostenlose Probepr\u00fcfung NORMAL FREE Bildbearbeitung (8 Fragen), um sich ein Bild vom neuen Test zum Modul Bildbearbeitung zu machen.  Nutzen Sie die Probepr\u00fcfung NORMAL FREE auch, um die Pr\u00fcfungssoftware kennen zu lernen.  Dieser Test ist vorerst nur f\u00fcr Windows Nutzer verf\u00fcgbar und kann mit Gimp, Photoshop Elements oder Photoshop abgelegt werden.  TIPP! Bestellen Sie die Probepr\u00fcfung NORMAL\u00a0mit je etwa 65 Fragen f\u00fcr die umfassende und seri\u00f6se ICDL Pr\u00fcfungsvorbereitung!","og_url":"https:\/\/www.edubox.ch\/shop\/produkt\/demotest-ecdl-bildbearbeitung\/","og_site_name":"EduBox GmbH","article_publisher":"https:\/\/www.facebook.com\/EduBox.CH","article_modified_time":"2025-01-15T13:00:34+00:00","og_image":[{"width":1000,"height":1000,"url":"https:\/\/www.edubox.ch\/shop\/wp-content\/uploads\/Probepr\u00fcfungen-Free-eduzert.png","type":"image\/png"}],"twitter_card":"summary_large_image","twitter_site":"@EduBox_CH","schema":{"@context":"https:\/\/schema.org","@graph":[{"@type":"WebPage","@id":"https:\/\/www.edubox.ch\/shop\/produkt\/demotest-ecdl-bildbearbeitung\/","url":"https:\/\/www.edubox.ch\/shop\/produkt\/demotest-ecdl-bildbearbeitung\/","name":"ICDL\/ECDL Modul Bildbearbeitung: Probepr\u00fcfung NORMAL FREE (Diagnosetest) - EduBox GmbH","isPartOf":{"@id":"https:\/\/www.edubox.ch\/shop\/#website"},"primaryImageOfPage":{"@id":"https:\/\/www.edubox.ch\/shop\/produkt\/demotest-ecdl-bildbearbeitung\/#primaryimage"},"image":{"@id":"https:\/\/www.edubox.ch\/shop\/produkt\/demotest-ecdl-bildbearbeitung\/#primaryimage"},"thumbnailUrl":"https:\/\/www.edubox.ch\/shop\/wp-content\/uploads\/Probepr\u00fcfungen-Free-eduzert.png","datePublished":"2017-05-12T13:54:23+00:00","dateModified":"2025-01-15T13:00:34+00:00","breadcrumb":{"@id":"https:\/\/www.edubox.ch\/shop\/produkt\/demotest-ecdl-bildbearbeitung\/#breadcrumb"},"inLanguage":"de-CH","potentialAction":[{"@type":"ReadAction","target":["https:\/\/www.edubox.ch\/shop\/produkt\/demotest-ecdl-bildbearbeitung\/"]}]},{"@type":"ImageObject","inLanguage":"de-CH","@id":"https:\/\/www.edubox.ch\/shop\/produkt\/demotest-ecdl-bildbearbeitung\/#primaryimage","url":"https:\/\/www.edubox.ch\/shop\/wp-content\/uploads\/Probepr\u00fcfungen-Free-eduzert.png","contentUrl":"https:\/\/www.edubox.ch\/shop\/wp-content\/uploads\/Probepr\u00fcfungen-Free-eduzert.png","width":1000,"height":1000},{"@type":"BreadcrumbList","@id":"https:\/\/www.edubox.ch\/shop\/produkt\/demotest-ecdl-bildbearbeitung\/#breadcrumb","itemListElement":[{"@type":"ListItem","position":1,"name":"Startseite","item":"https:\/\/www.edubox.ch\/shop\/"},{"@type":"ListItem","position":2,"name":"Alle Produkte","item":"https:\/\/www.edubox.ch\/shop\/alle-produkte\/"},{"@type":"ListItem","position":3,"name":"ICDL\/ECDL Modul Bildbearbeitung: Probepr\u00fcfung NORMAL FREE (Diagnosetest)"}]},{"@type":"WebSite","@id":"https:\/\/www.edubox.ch\/shop\/#website","url":"https:\/\/www.edubox.ch\/shop\/","name":"EduBox GmbH","description":"Die erste virtuelle ICT-Schule der Schweiz!","publisher":{"@id":"https:\/\/www.edubox.ch\/shop\/#organization"},"potentialAction":[{"@type":"SearchAction","target":{"@type":"EntryPoint","urlTemplate":"https:\/\/www.edubox.ch\/shop\/?s={search_term_string}"},"query-input":{"@type":"PropertyValueSpecification","valueRequired":true,"valueName":"search_term_string"}}],"inLanguage":"de-CH"},{"@type":"Organization","@id":"https:\/\/www.edubox.ch\/shop\/#organization","name":"EduBox GmbH","url":"https:\/\/www.edubox.ch\/shop\/","logo":{"@type":"ImageObject","inLanguage":"de-CH","@id":"https:\/\/www.edubox.ch\/shop\/#\/schema\/logo\/image\/","url":"https:\/\/www.edubox.ch\/shop\/wp-content\/uploads\/Logo-Laengs-ohne-Slogan-Transparent-Hoehe-1.5cm-fuer-Lehrbuch-KfK.png","contentUrl":"https:\/\/www.edubox.ch\/shop\/wp-content\/uploads\/Logo-Laengs-ohne-Slogan-Transparent-Hoehe-1.5cm-fuer-Lehrbuch-KfK.png","width":725,"height":177,"caption":"EduBox GmbH"},"image":{"@id":"https:\/\/www.edubox.ch\/shop\/#\/schema\/logo\/image\/"},"sameAs":["https:\/\/www.facebook.com\/EduBox.CH","https:\/\/x.com\/EduBox_CH","https:\/\/www.linkedin.com\/company\/2981682\/admin\/dashboard\/","https:\/\/www.xing.com\/pages\/eduboxgmbh"]}]}},"_links":{"self":[{"href":"https:\/\/www.edubox.ch\/shop\/wp-json\/wp\/v2\/product\/1029","targetHints":{"allow":["GET"]}}],"collection":[{"href":"https:\/\/www.edubox.ch\/shop\/wp-json\/wp\/v2\/product"}],"about":[{"href":"https:\/\/www.edubox.ch\/shop\/wp-json\/wp\/v2\/types\/product"}],"replies":[{"embeddable":true,"href":"https:\/\/www.edubox.ch\/shop\/wp-json\/wp\/v2\/comments?post=1029"}],"wp:featuredmedia":[{"embeddable":true,"href":"https:\/\/www.edubox.ch\/shop\/wp-json\/wp\/v2\/media\/3661"}],"wp:attachment":[{"href":"https:\/\/www.edubox.ch\/shop\/wp-json\/wp\/v2\/media?parent=1029"}],"wp:term":[{"taxonomy":"product_brand","embeddable":true,"href":"https:\/\/www.edubox.ch\/shop\/wp-json\/wp\/v2\/product_brand?post=1029"},{"taxonomy":"product_cat","embeddable":true,"href":"https:\/\/www.edubox.ch\/shop\/wp-json\/wp\/v2\/product_cat?post=1029"},{"taxonomy":"product_tag","embeddable":true,"href":"https:\/\/www.edubox.ch\/shop\/wp-json\/wp\/v2\/product_tag?post=1029"}],"curies":[{"name":"wp","href":"https:\/\/api.w.org\/{rel}","templated":true}]}}