{"id":1065,"date":"2017-05-19T08:36:38","date_gmt":"2017-05-19T07:36:38","guid":{"rendered":"https:\/\/www.edubox.ch\/shop\/?post_type=product&#038;p=1065"},"modified":"2026-03-11T17:36:50","modified_gmt":"2026-03-11T16:36:50","slug":"ecdl-typing-skills-diagnosetest","status":"publish","type":"product","link":"https:\/\/www.edubox.ch\/shop\/produkt\/ecdl-typing-skills-diagnosetest\/","title":{"rendered":"ICDL\/ECDL Typing Skills: Probepr\u00fcfung NORMAL (Diagnosetest)"},"content":{"rendered":"","protected":false},"excerpt":{"rendered":"<p>Mit der <strong>Probepr\u00fcfung NORMAL<\/strong> f\u00fcr Typing Skills k\u00f6nnen Sie Ihre aktuelle Fertigkeit, in der gleichen L\u00e4nge wie die Pr\u00fcfung (10 Minuten) testen. Die Auswertung zeigt Ihnen, welches der drei Niveaus (1&#8217;000, 1&#8217;800, 2&#8217;600 Anschl\u00e4ge) bei einer Fehlertoleranz von 0.5 % Sie erreicht haben.<\/p>\n<p>Die <strong>Probepr\u00fcfung NORMAL<\/strong> kann<strong><span style=\"color: #ff0000;\"> nur einmalig durchgef\u00fchrt werden<\/span><\/strong>.<\/p>\n","protected":false},"featured_media":3660,"comment_status":"closed","ping_status":"closed","template":"","meta":{"_lmt_disableupdate":"no","_lmt_disable":""},"product_brand":[],"product_cat":[237,120,68],"product_tag":[91,11,624,238],"class_list":{"0":"post-1065","1":"product","2":"type-product","3":"status-publish","4":"has-post-thumbnail","6":"product_cat-ecdl-typing-skills","7":"product_cat-ecdl-typing-skills-certificate","8":"product_cat-diagnosetest-ecdl","9":"product_tag-diagnosetest","10":"product_tag-ecdl","11":"product_tag-icdl","12":"product_tag-typing-skills","14":"first","15":"instock","16":"taxable","17":"shipping-taxable","18":"purchasable","19":"product-type-variable"},"yoast_head":"<!-- This site is optimized with the Yoast SEO plugin v27.2 - https:\/\/yoast.com\/product\/yoast-seo-wordpress\/ -->\n<title>ICDL\/ECDL Typing Skills: Probepr\u00fcfung NORMAL (Diagnosetest) - EduBox GmbH<\/title>\n<meta name=\"robots\" content=\"index, follow, max-snippet:-1, max-image-preview:large, max-video-preview:-1\" \/>\n<link rel=\"canonical\" href=\"https:\/\/www.edubox.ch\/shop\/produkt\/ecdl-typing-skills-diagnosetest\/\" \/>\n<meta property=\"og:locale\" content=\"de_DE\" \/>\n<meta property=\"og:type\" content=\"article\" \/>\n<meta property=\"og:title\" content=\"ICDL\/ECDL Typing Skills: Probepr\u00fcfung NORMAL (Diagnosetest) - EduBox GmbH\" \/>\n<meta property=\"og:description\" content=\"Mit der Probepr\u00fcfung NORMAL f\u00fcr Typing Skills k\u00f6nnen Sie Ihre aktuelle Fertigkeit, in der gleichen L\u00e4nge wie die Pr\u00fcfung (10 Minuten) testen. Die Auswertung zeigt Ihnen, welches der drei Niveaus (1&#039;000, 1&#039;800, 2&#039;600 Anschl\u00e4ge) bei einer Fehlertoleranz von 0.5 % Sie erreicht haben.  Die Probepr\u00fcfung NORMAL kann nur einmalig durchgef\u00fchrt werden.\" \/>\n<meta property=\"og:url\" content=\"https:\/\/www.edubox.ch\/shop\/produkt\/ecdl-typing-skills-diagnosetest\/\" \/>\n<meta property=\"og:site_name\" content=\"EduBox GmbH\" \/>\n<meta property=\"article:publisher\" content=\"https:\/\/www.facebook.com\/EduBox.CH\" \/>\n<meta property=\"article:modified_time\" content=\"2026-03-11T16:36:50+00:00\" \/>\n<meta property=\"og:image\" content=\"https:\/\/www.edubox.ch\/shop\/wp-content\/uploads\/Probepr\u00fcfungen-Normal-eduzert.png\" \/>\n\t<meta property=\"og:image:width\" content=\"1000\" \/>\n\t<meta property=\"og:image:height\" content=\"1000\" \/>\n\t<meta property=\"og:image:type\" content=\"image\/png\" \/>\n<meta name=\"twitter:card\" content=\"summary_large_image\" \/>\n<meta name=\"twitter:site\" content=\"@EduBox_CH\" \/>\n<meta name=\"twitter:label1\" content=\"Gesch\u00e4tzte Lesezeit\" \/>\n\t<meta name=\"twitter:data1\" content=\"1\u00a0Minute\" \/>\n<script type=\"application\/ld+json\" class=\"yoast-schema-graph\">{\"@context\":\"https:\/\/schema.org\",\"@graph\":[{\"@type\":\"WebPage\",\"@id\":\"https:\/\/www.edubox.ch\/shop\/produkt\/ecdl-typing-skills-diagnosetest\/\",\"url\":\"https:\/\/www.edubox.ch\/shop\/produkt\/ecdl-typing-skills-diagnosetest\/\",\"name\":\"ICDL\/ECDL Typing Skills: Probepr\u00fcfung NORMAL (Diagnosetest) - EduBox GmbH\",\"isPartOf\":{\"@id\":\"https:\/\/www.edubox.ch\/shop\/#website\"},\"primaryImageOfPage\":{\"@id\":\"https:\/\/www.edubox.ch\/shop\/produkt\/ecdl-typing-skills-diagnosetest\/#primaryimage\"},\"image\":{\"@id\":\"https:\/\/www.edubox.ch\/shop\/produkt\/ecdl-typing-skills-diagnosetest\/#primaryimage\"},\"thumbnailUrl\":\"https:\/\/www.edubox.ch\/shop\/wp-content\/uploads\/Probepr\u00fcfungen-Normal-eduzert.png\",\"datePublished\":\"2017-05-19T07:36:38+00:00\",\"dateModified\":\"2026-03-11T16:36:50+00:00\",\"breadcrumb\":{\"@id\":\"https:\/\/www.edubox.ch\/shop\/produkt\/ecdl-typing-skills-diagnosetest\/#breadcrumb\"},\"inLanguage\":\"de-CH\",\"potentialAction\":[{\"@type\":\"ReadAction\",\"target\":[\"https:\/\/www.edubox.ch\/shop\/produkt\/ecdl-typing-skills-diagnosetest\/\"]}]},{\"@type\":\"ImageObject\",\"inLanguage\":\"de-CH\",\"@id\":\"https:\/\/www.edubox.ch\/shop\/produkt\/ecdl-typing-skills-diagnosetest\/#primaryimage\",\"url\":\"https:\/\/www.edubox.ch\/shop\/wp-content\/uploads\/Probepr\u00fcfungen-Normal-eduzert.png\",\"contentUrl\":\"https:\/\/www.edubox.ch\/shop\/wp-content\/uploads\/Probepr\u00fcfungen-Normal-eduzert.png\",\"width\":1000,\"height\":1000},{\"@type\":\"BreadcrumbList\",\"@id\":\"https:\/\/www.edubox.ch\/shop\/produkt\/ecdl-typing-skills-diagnosetest\/#breadcrumb\",\"itemListElement\":[{\"@type\":\"ListItem\",\"position\":1,\"name\":\"Startseite\",\"item\":\"https:\/\/www.edubox.ch\/shop\/\"},{\"@type\":\"ListItem\",\"position\":2,\"name\":\"Alle Produkte\",\"item\":\"https:\/\/www.edubox.ch\/shop\/alle-produkte\/\"},{\"@type\":\"ListItem\",\"position\":3,\"name\":\"ICDL\/ECDL Typing Skills: Probepr\u00fcfung NORMAL (Diagnosetest)\"}]},{\"@type\":\"WebSite\",\"@id\":\"https:\/\/www.edubox.ch\/shop\/#website\",\"url\":\"https:\/\/www.edubox.ch\/shop\/\",\"name\":\"EduBox GmbH\",\"description\":\"Die erste virtuelle ICT-Schule der Schweiz!\",\"publisher\":{\"@id\":\"https:\/\/www.edubox.ch\/shop\/#organization\"},\"potentialAction\":[{\"@type\":\"SearchAction\",\"target\":{\"@type\":\"EntryPoint\",\"urlTemplate\":\"https:\/\/www.edubox.ch\/shop\/?s={search_term_string}\"},\"query-input\":{\"@type\":\"PropertyValueSpecification\",\"valueRequired\":true,\"valueName\":\"search_term_string\"}}],\"inLanguage\":\"de-CH\"},{\"@type\":\"Organization\",\"@id\":\"https:\/\/www.edubox.ch\/shop\/#organization\",\"name\":\"EduBox GmbH\",\"url\":\"https:\/\/www.edubox.ch\/shop\/\",\"logo\":{\"@type\":\"ImageObject\",\"inLanguage\":\"de-CH\",\"@id\":\"https:\/\/www.edubox.ch\/shop\/#\/schema\/logo\/image\/\",\"url\":\"https:\/\/www.edubox.ch\/shop\/wp-content\/uploads\/Logo-Laengs-ohne-Slogan-Transparent-Hoehe-1.5cm-fuer-Lehrbuch-KfK.png\",\"contentUrl\":\"https:\/\/www.edubox.ch\/shop\/wp-content\/uploads\/Logo-Laengs-ohne-Slogan-Transparent-Hoehe-1.5cm-fuer-Lehrbuch-KfK.png\",\"width\":725,\"height\":177,\"caption\":\"EduBox GmbH\"},\"image\":{\"@id\":\"https:\/\/www.edubox.ch\/shop\/#\/schema\/logo\/image\/\"},\"sameAs\":[\"https:\/\/www.facebook.com\/EduBox.CH\",\"https:\/\/x.com\/EduBox_CH\",\"https:\/\/www.linkedin.com\/company\/2981682\/admin\/dashboard\/\",\"https:\/\/www.xing.com\/pages\/eduboxgmbh\"]}]}<\/script>\n<!-- \/ Yoast SEO plugin. -->","yoast_head_json":{"title":"ICDL\/ECDL Typing Skills: Probepr\u00fcfung NORMAL (Diagnosetest) - EduBox GmbH","robots":{"index":"index","follow":"follow","max-snippet":"max-snippet:-1","max-image-preview":"max-image-preview:large","max-video-preview":"max-video-preview:-1"},"canonical":"https:\/\/www.edubox.ch\/shop\/produkt\/ecdl-typing-skills-diagnosetest\/","og_locale":"de_DE","og_type":"article","og_title":"ICDL\/ECDL Typing Skills: Probepr\u00fcfung NORMAL (Diagnosetest) - EduBox GmbH","og_description":"Mit der Probepr\u00fcfung NORMAL f\u00fcr Typing Skills k\u00f6nnen Sie Ihre aktuelle Fertigkeit, in der gleichen L\u00e4nge wie die Pr\u00fcfung (10 Minuten) testen. Die Auswertung zeigt Ihnen, welches der drei Niveaus (1'000, 1'800, 2'600 Anschl\u00e4ge) bei einer Fehlertoleranz von 0.5 % Sie erreicht haben.  Die Probepr\u00fcfung NORMAL kann nur einmalig durchgef\u00fchrt werden.","og_url":"https:\/\/www.edubox.ch\/shop\/produkt\/ecdl-typing-skills-diagnosetest\/","og_site_name":"EduBox GmbH","article_publisher":"https:\/\/www.facebook.com\/EduBox.CH","article_modified_time":"2026-03-11T16:36:50+00:00","og_image":[{"width":1000,"height":1000,"url":"https:\/\/www.edubox.ch\/shop\/wp-content\/uploads\/Probepr\u00fcfungen-Normal-eduzert.png","type":"image\/png"}],"twitter_card":"summary_large_image","twitter_site":"@EduBox_CH","twitter_misc":{"Gesch\u00e4tzte Lesezeit":"1\u00a0Minute"},"schema":{"@context":"https:\/\/schema.org","@graph":[{"@type":"WebPage","@id":"https:\/\/www.edubox.ch\/shop\/produkt\/ecdl-typing-skills-diagnosetest\/","url":"https:\/\/www.edubox.ch\/shop\/produkt\/ecdl-typing-skills-diagnosetest\/","name":"ICDL\/ECDL Typing Skills: Probepr\u00fcfung NORMAL (Diagnosetest) - EduBox GmbH","isPartOf":{"@id":"https:\/\/www.edubox.ch\/shop\/#website"},"primaryImageOfPage":{"@id":"https:\/\/www.edubox.ch\/shop\/produkt\/ecdl-typing-skills-diagnosetest\/#primaryimage"},"image":{"@id":"https:\/\/www.edubox.ch\/shop\/produkt\/ecdl-typing-skills-diagnosetest\/#primaryimage"},"thumbnailUrl":"https:\/\/www.edubox.ch\/shop\/wp-content\/uploads\/Probepr\u00fcfungen-Normal-eduzert.png","datePublished":"2017-05-19T07:36:38+00:00","dateModified":"2026-03-11T16:36:50+00:00","breadcrumb":{"@id":"https:\/\/www.edubox.ch\/shop\/produkt\/ecdl-typing-skills-diagnosetest\/#breadcrumb"},"inLanguage":"de-CH","potentialAction":[{"@type":"ReadAction","target":["https:\/\/www.edubox.ch\/shop\/produkt\/ecdl-typing-skills-diagnosetest\/"]}]},{"@type":"ImageObject","inLanguage":"de-CH","@id":"https:\/\/www.edubox.ch\/shop\/produkt\/ecdl-typing-skills-diagnosetest\/#primaryimage","url":"https:\/\/www.edubox.ch\/shop\/wp-content\/uploads\/Probepr\u00fcfungen-Normal-eduzert.png","contentUrl":"https:\/\/www.edubox.ch\/shop\/wp-content\/uploads\/Probepr\u00fcfungen-Normal-eduzert.png","width":1000,"height":1000},{"@type":"BreadcrumbList","@id":"https:\/\/www.edubox.ch\/shop\/produkt\/ecdl-typing-skills-diagnosetest\/#breadcrumb","itemListElement":[{"@type":"ListItem","position":1,"name":"Startseite","item":"https:\/\/www.edubox.ch\/shop\/"},{"@type":"ListItem","position":2,"name":"Alle Produkte","item":"https:\/\/www.edubox.ch\/shop\/alle-produkte\/"},{"@type":"ListItem","position":3,"name":"ICDL\/ECDL Typing Skills: Probepr\u00fcfung NORMAL (Diagnosetest)"}]},{"@type":"WebSite","@id":"https:\/\/www.edubox.ch\/shop\/#website","url":"https:\/\/www.edubox.ch\/shop\/","name":"EduBox GmbH","description":"Die erste virtuelle ICT-Schule der Schweiz!","publisher":{"@id":"https:\/\/www.edubox.ch\/shop\/#organization"},"potentialAction":[{"@type":"SearchAction","target":{"@type":"EntryPoint","urlTemplate":"https:\/\/www.edubox.ch\/shop\/?s={search_term_string}"},"query-input":{"@type":"PropertyValueSpecification","valueRequired":true,"valueName":"search_term_string"}}],"inLanguage":"de-CH"},{"@type":"Organization","@id":"https:\/\/www.edubox.ch\/shop\/#organization","name":"EduBox GmbH","url":"https:\/\/www.edubox.ch\/shop\/","logo":{"@type":"ImageObject","inLanguage":"de-CH","@id":"https:\/\/www.edubox.ch\/shop\/#\/schema\/logo\/image\/","url":"https:\/\/www.edubox.ch\/shop\/wp-content\/uploads\/Logo-Laengs-ohne-Slogan-Transparent-Hoehe-1.5cm-fuer-Lehrbuch-KfK.png","contentUrl":"https:\/\/www.edubox.ch\/shop\/wp-content\/uploads\/Logo-Laengs-ohne-Slogan-Transparent-Hoehe-1.5cm-fuer-Lehrbuch-KfK.png","width":725,"height":177,"caption":"EduBox GmbH"},"image":{"@id":"https:\/\/www.edubox.ch\/shop\/#\/schema\/logo\/image\/"},"sameAs":["https:\/\/www.facebook.com\/EduBox.CH","https:\/\/x.com\/EduBox_CH","https:\/\/www.linkedin.com\/company\/2981682\/admin\/dashboard\/","https:\/\/www.xing.com\/pages\/eduboxgmbh"]}]}},"_links":{"self":[{"href":"https:\/\/www.edubox.ch\/shop\/wp-json\/wp\/v2\/product\/1065","targetHints":{"allow":["GET"]}}],"collection":[{"href":"https:\/\/www.edubox.ch\/shop\/wp-json\/wp\/v2\/product"}],"about":[{"href":"https:\/\/www.edubox.ch\/shop\/wp-json\/wp\/v2\/types\/product"}],"replies":[{"embeddable":true,"href":"https:\/\/www.edubox.ch\/shop\/wp-json\/wp\/v2\/comments?post=1065"}],"wp:featuredmedia":[{"embeddable":true,"href":"https:\/\/www.edubox.ch\/shop\/wp-json\/wp\/v2\/media\/3660"}],"wp:attachment":[{"href":"https:\/\/www.edubox.ch\/shop\/wp-json\/wp\/v2\/media?parent=1065"}],"wp:term":[{"taxonomy":"product_brand","embeddable":true,"href":"https:\/\/www.edubox.ch\/shop\/wp-json\/wp\/v2\/product_brand?post=1065"},{"taxonomy":"product_cat","embeddable":true,"href":"https:\/\/www.edubox.ch\/shop\/wp-json\/wp\/v2\/product_cat?post=1065"},{"taxonomy":"product_tag","embeddable":true,"href":"https:\/\/www.edubox.ch\/shop\/wp-json\/wp\/v2\/product_tag?post=1065"}],"curies":[{"name":"wp","href":"https:\/\/api.w.org\/{rel}","templated":true}]}}