{"id":113,"date":"2017-03-01T13:52:36","date_gmt":"2017-03-01T12:52:36","guid":{"rendered":"https:\/\/www.edu-box.ch\/edushop\/?post_type=product&#038;p=113"},"modified":"2026-03-11T17:36:53","modified_gmt":"2026-03-11T16:36:53","slug":"ecdl-standard-diagnosetest","status":"publish","type":"product","link":"https:\/\/www.edubox.ch\/shop\/produkt\/ecdl-standard-diagnosetest\/","title":{"rendered":"ICDL\/ECDL Standard: Probepr\u00fcfungen NORMAL (Diagnosetest)"},"content":{"rendered":"<p>Zur \u00dcberpr\u00fcfung Ihres Wissensstanden k\u00f6nnen Sie auch die ICDL Syllabi als Checkliste verwenden.<\/p>\n<p>Hier geht&#8217;s zum kostenlosen Download: <a href=\"https:\/\/www.edubox.ch\/shop\/wp-content\/uploads\/syllabus\/ECDL-Syllabus-Standard-de_-_ab_September_2021.pdf\" target=\"_blank\" rel=\"noopener\">ICDL Syllabus Standard Module<\/a><\/p>\n<p><strong>Die Probepr\u00fcfungen NORMAL stehen in den folgenden Sprachen und Versionen zur Verf\u00fcgung: <\/strong><a href=\"https:\/\/www.deutsch.sophiatesting.com\/software-plattformen\" target=\"_blank\" rel=\"noopener\">https:\/\/www.deutsch.sophiatesting.com\/software-plattformen<\/a><\/p>\n","protected":false},"excerpt":{"rendered":"<p><strong>Probepr\u00fcfungen NORMAL<\/strong> decken s\u00e4mtliche Testinhalte ab und liefert Ihnen eine Bewertung in Prozent sowie eine detaillierte Aufstellung der falsch beantworteten Fragen. Dadurch erhalten Sie einen guten \u00dcberblick \u00fcber Ihren Kenntnisstand.<\/p>\n<p>Bei den <strong>Probepr\u00fcfungen NORMAL<\/strong> gibt es keine Zeitbegrenzung. Sie k\u00f6nnen beliebig oft unterbrochen, jedoch<strong><span style=\"color: #ff0000;\"> nur einmalig durchgef\u00fchrt werden<\/span><\/strong>.<\/p>\n<p>Pro Modul steht eine <strong>Probepr\u00fcfung NORMAL <\/strong>mit etwa 60 Fragen zur Verf\u00fcgung.<\/p>\n","protected":false},"featured_media":3660,"comment_status":"closed","ping_status":"closed","template":"","meta":{"_lmt_disableupdate":"no","_lmt_disable":""},"product_brand":[],"product_cat":[77,68],"product_tag":[51,96,91,11,624,94,95,52,97],"class_list":{"0":"post-113","1":"product","2":"type-product","3":"status-publish","4":"has-post-thumbnail","6":"product_cat-ecdl-standard","7":"product_cat-diagnosetest-ecdl","8":"product_tag-bildbearbeitung","9":"product_tag-datenbanken-anwenden","10":"product_tag-diagnosetest","11":"product_tag-ecdl","12":"product_tag-icdl","13":"product_tag-it-sicherheit","14":"product_tag-online-zusammenarbeit","15":"product_tag-praesentation","16":"product_tag-standard","18":"first","19":"instock","20":"taxable","21":"shipping-taxable","22":"purchasable","23":"product-type-variable"},"yoast_head":"<!-- This site is optimized with the Yoast SEO plugin v27.2 - https:\/\/yoast.com\/product\/yoast-seo-wordpress\/ -->\n<title>ICDL\/ECDL Standard: Probepr\u00fcfungen NORMAL (Diagnosetest) - EduBox GmbH<\/title>\n<meta name=\"robots\" content=\"index, follow, max-snippet:-1, max-image-preview:large, max-video-preview:-1\" \/>\n<link rel=\"canonical\" href=\"https:\/\/www.edubox.ch\/shop\/produkt\/ecdl-standard-diagnosetest\/\" \/>\n<meta property=\"og:locale\" content=\"de_DE\" \/>\n<meta property=\"og:type\" content=\"article\" \/>\n<meta property=\"og:title\" content=\"ICDL\/ECDL Standard: Probepr\u00fcfungen NORMAL (Diagnosetest) - EduBox GmbH\" \/>\n<meta property=\"og:description\" content=\"Probepr\u00fcfungen NORMAL decken s\u00e4mtliche Testinhalte ab und liefert Ihnen eine Bewertung in Prozent sowie eine detaillierte Aufstellung der falsch beantworteten Fragen. Dadurch erhalten Sie einen guten \u00dcberblick \u00fcber Ihren Kenntnisstand.  Bei den Probepr\u00fcfungen NORMAL gibt es keine Zeitbegrenzung. Sie k\u00f6nnen beliebig oft unterbrochen, jedoch nur einmalig durchgef\u00fchrt werden.  Pro Modul steht eine Probepr\u00fcfung NORMAL mit etwa 60 Fragen zur Verf\u00fcgung.\" \/>\n<meta property=\"og:url\" content=\"https:\/\/www.edubox.ch\/shop\/produkt\/ecdl-standard-diagnosetest\/\" \/>\n<meta property=\"og:site_name\" content=\"EduBox GmbH\" \/>\n<meta property=\"article:publisher\" content=\"https:\/\/www.facebook.com\/EduBox.CH\" \/>\n<meta property=\"article:modified_time\" content=\"2026-03-11T16:36:53+00:00\" \/>\n<meta property=\"og:image\" content=\"https:\/\/www.edubox.ch\/shop\/wp-content\/uploads\/Probepr\u00fcfungen-Normal-eduzert.png\" \/>\n\t<meta property=\"og:image:width\" content=\"1000\" \/>\n\t<meta property=\"og:image:height\" content=\"1000\" \/>\n\t<meta property=\"og:image:type\" content=\"image\/png\" \/>\n<meta name=\"twitter:card\" content=\"summary_large_image\" \/>\n<meta name=\"twitter:site\" content=\"@EduBox_CH\" \/>\n<meta name=\"twitter:label1\" content=\"Gesch\u00e4tzte Lesezeit\" \/>\n\t<meta name=\"twitter:data1\" content=\"1\u00a0Minute\" \/>\n<script type=\"application\/ld+json\" class=\"yoast-schema-graph\">{\"@context\":\"https:\/\/schema.org\",\"@graph\":[{\"@type\":\"WebPage\",\"@id\":\"https:\/\/www.edubox.ch\/shop\/produkt\/ecdl-standard-diagnosetest\/\",\"url\":\"https:\/\/www.edubox.ch\/shop\/produkt\/ecdl-standard-diagnosetest\/\",\"name\":\"ICDL\/ECDL Standard: Probepr\u00fcfungen NORMAL (Diagnosetest) - EduBox GmbH\",\"isPartOf\":{\"@id\":\"https:\/\/www.edubox.ch\/shop\/#website\"},\"primaryImageOfPage\":{\"@id\":\"https:\/\/www.edubox.ch\/shop\/produkt\/ecdl-standard-diagnosetest\/#primaryimage\"},\"image\":{\"@id\":\"https:\/\/www.edubox.ch\/shop\/produkt\/ecdl-standard-diagnosetest\/#primaryimage\"},\"thumbnailUrl\":\"https:\/\/www.edubox.ch\/shop\/wp-content\/uploads\/Probepr\u00fcfungen-Normal-eduzert.png\",\"datePublished\":\"2017-03-01T12:52:36+00:00\",\"dateModified\":\"2026-03-11T16:36:53+00:00\",\"breadcrumb\":{\"@id\":\"https:\/\/www.edubox.ch\/shop\/produkt\/ecdl-standard-diagnosetest\/#breadcrumb\"},\"inLanguage\":\"de-CH\",\"potentialAction\":[{\"@type\":\"ReadAction\",\"target\":[\"https:\/\/www.edubox.ch\/shop\/produkt\/ecdl-standard-diagnosetest\/\"]}]},{\"@type\":\"ImageObject\",\"inLanguage\":\"de-CH\",\"@id\":\"https:\/\/www.edubox.ch\/shop\/produkt\/ecdl-standard-diagnosetest\/#primaryimage\",\"url\":\"https:\/\/www.edubox.ch\/shop\/wp-content\/uploads\/Probepr\u00fcfungen-Normal-eduzert.png\",\"contentUrl\":\"https:\/\/www.edubox.ch\/shop\/wp-content\/uploads\/Probepr\u00fcfungen-Normal-eduzert.png\",\"width\":1000,\"height\":1000},{\"@type\":\"BreadcrumbList\",\"@id\":\"https:\/\/www.edubox.ch\/shop\/produkt\/ecdl-standard-diagnosetest\/#breadcrumb\",\"itemListElement\":[{\"@type\":\"ListItem\",\"position\":1,\"name\":\"Startseite\",\"item\":\"https:\/\/www.edubox.ch\/shop\/\"},{\"@type\":\"ListItem\",\"position\":2,\"name\":\"Alle Produkte\",\"item\":\"https:\/\/www.edubox.ch\/shop\/alle-produkte\/\"},{\"@type\":\"ListItem\",\"position\":3,\"name\":\"ICDL\/ECDL Standard: Probepr\u00fcfungen NORMAL (Diagnosetest)\"}]},{\"@type\":\"WebSite\",\"@id\":\"https:\/\/www.edubox.ch\/shop\/#website\",\"url\":\"https:\/\/www.edubox.ch\/shop\/\",\"name\":\"EduBox GmbH\",\"description\":\"Die erste virtuelle ICT-Schule der Schweiz!\",\"publisher\":{\"@id\":\"https:\/\/www.edubox.ch\/shop\/#organization\"},\"potentialAction\":[{\"@type\":\"SearchAction\",\"target\":{\"@type\":\"EntryPoint\",\"urlTemplate\":\"https:\/\/www.edubox.ch\/shop\/?s={search_term_string}\"},\"query-input\":{\"@type\":\"PropertyValueSpecification\",\"valueRequired\":true,\"valueName\":\"search_term_string\"}}],\"inLanguage\":\"de-CH\"},{\"@type\":\"Organization\",\"@id\":\"https:\/\/www.edubox.ch\/shop\/#organization\",\"name\":\"EduBox GmbH\",\"url\":\"https:\/\/www.edubox.ch\/shop\/\",\"logo\":{\"@type\":\"ImageObject\",\"inLanguage\":\"de-CH\",\"@id\":\"https:\/\/www.edubox.ch\/shop\/#\/schema\/logo\/image\/\",\"url\":\"https:\/\/www.edubox.ch\/shop\/wp-content\/uploads\/Logo-Laengs-ohne-Slogan-Transparent-Hoehe-1.5cm-fuer-Lehrbuch-KfK.png\",\"contentUrl\":\"https:\/\/www.edubox.ch\/shop\/wp-content\/uploads\/Logo-Laengs-ohne-Slogan-Transparent-Hoehe-1.5cm-fuer-Lehrbuch-KfK.png\",\"width\":725,\"height\":177,\"caption\":\"EduBox GmbH\"},\"image\":{\"@id\":\"https:\/\/www.edubox.ch\/shop\/#\/schema\/logo\/image\/\"},\"sameAs\":[\"https:\/\/www.facebook.com\/EduBox.CH\",\"https:\/\/x.com\/EduBox_CH\",\"https:\/\/www.linkedin.com\/company\/2981682\/admin\/dashboard\/\",\"https:\/\/www.xing.com\/pages\/eduboxgmbh\"]}]}<\/script>\n<!-- \/ Yoast SEO plugin. -->","yoast_head_json":{"title":"ICDL\/ECDL Standard: Probepr\u00fcfungen NORMAL (Diagnosetest) - EduBox GmbH","robots":{"index":"index","follow":"follow","max-snippet":"max-snippet:-1","max-image-preview":"max-image-preview:large","max-video-preview":"max-video-preview:-1"},"canonical":"https:\/\/www.edubox.ch\/shop\/produkt\/ecdl-standard-diagnosetest\/","og_locale":"de_DE","og_type":"article","og_title":"ICDL\/ECDL Standard: Probepr\u00fcfungen NORMAL (Diagnosetest) - EduBox GmbH","og_description":"Probepr\u00fcfungen NORMAL decken s\u00e4mtliche Testinhalte ab und liefert Ihnen eine Bewertung in Prozent sowie eine detaillierte Aufstellung der falsch beantworteten Fragen. Dadurch erhalten Sie einen guten \u00dcberblick \u00fcber Ihren Kenntnisstand.  Bei den Probepr\u00fcfungen NORMAL gibt es keine Zeitbegrenzung. Sie k\u00f6nnen beliebig oft unterbrochen, jedoch nur einmalig durchgef\u00fchrt werden.  Pro Modul steht eine Probepr\u00fcfung NORMAL mit etwa 60 Fragen zur Verf\u00fcgung.","og_url":"https:\/\/www.edubox.ch\/shop\/produkt\/ecdl-standard-diagnosetest\/","og_site_name":"EduBox GmbH","article_publisher":"https:\/\/www.facebook.com\/EduBox.CH","article_modified_time":"2026-03-11T16:36:53+00:00","og_image":[{"width":1000,"height":1000,"url":"https:\/\/www.edubox.ch\/shop\/wp-content\/uploads\/Probepr\u00fcfungen-Normal-eduzert.png","type":"image\/png"}],"twitter_card":"summary_large_image","twitter_site":"@EduBox_CH","twitter_misc":{"Gesch\u00e4tzte Lesezeit":"1\u00a0Minute"},"schema":{"@context":"https:\/\/schema.org","@graph":[{"@type":"WebPage","@id":"https:\/\/www.edubox.ch\/shop\/produkt\/ecdl-standard-diagnosetest\/","url":"https:\/\/www.edubox.ch\/shop\/produkt\/ecdl-standard-diagnosetest\/","name":"ICDL\/ECDL Standard: Probepr\u00fcfungen NORMAL (Diagnosetest) - EduBox GmbH","isPartOf":{"@id":"https:\/\/www.edubox.ch\/shop\/#website"},"primaryImageOfPage":{"@id":"https:\/\/www.edubox.ch\/shop\/produkt\/ecdl-standard-diagnosetest\/#primaryimage"},"image":{"@id":"https:\/\/www.edubox.ch\/shop\/produkt\/ecdl-standard-diagnosetest\/#primaryimage"},"thumbnailUrl":"https:\/\/www.edubox.ch\/shop\/wp-content\/uploads\/Probepr\u00fcfungen-Normal-eduzert.png","datePublished":"2017-03-01T12:52:36+00:00","dateModified":"2026-03-11T16:36:53+00:00","breadcrumb":{"@id":"https:\/\/www.edubox.ch\/shop\/produkt\/ecdl-standard-diagnosetest\/#breadcrumb"},"inLanguage":"de-CH","potentialAction":[{"@type":"ReadAction","target":["https:\/\/www.edubox.ch\/shop\/produkt\/ecdl-standard-diagnosetest\/"]}]},{"@type":"ImageObject","inLanguage":"de-CH","@id":"https:\/\/www.edubox.ch\/shop\/produkt\/ecdl-standard-diagnosetest\/#primaryimage","url":"https:\/\/www.edubox.ch\/shop\/wp-content\/uploads\/Probepr\u00fcfungen-Normal-eduzert.png","contentUrl":"https:\/\/www.edubox.ch\/shop\/wp-content\/uploads\/Probepr\u00fcfungen-Normal-eduzert.png","width":1000,"height":1000},{"@type":"BreadcrumbList","@id":"https:\/\/www.edubox.ch\/shop\/produkt\/ecdl-standard-diagnosetest\/#breadcrumb","itemListElement":[{"@type":"ListItem","position":1,"name":"Startseite","item":"https:\/\/www.edubox.ch\/shop\/"},{"@type":"ListItem","position":2,"name":"Alle Produkte","item":"https:\/\/www.edubox.ch\/shop\/alle-produkte\/"},{"@type":"ListItem","position":3,"name":"ICDL\/ECDL Standard: Probepr\u00fcfungen NORMAL (Diagnosetest)"}]},{"@type":"WebSite","@id":"https:\/\/www.edubox.ch\/shop\/#website","url":"https:\/\/www.edubox.ch\/shop\/","name":"EduBox GmbH","description":"Die erste virtuelle ICT-Schule der Schweiz!","publisher":{"@id":"https:\/\/www.edubox.ch\/shop\/#organization"},"potentialAction":[{"@type":"SearchAction","target":{"@type":"EntryPoint","urlTemplate":"https:\/\/www.edubox.ch\/shop\/?s={search_term_string}"},"query-input":{"@type":"PropertyValueSpecification","valueRequired":true,"valueName":"search_term_string"}}],"inLanguage":"de-CH"},{"@type":"Organization","@id":"https:\/\/www.edubox.ch\/shop\/#organization","name":"EduBox GmbH","url":"https:\/\/www.edubox.ch\/shop\/","logo":{"@type":"ImageObject","inLanguage":"de-CH","@id":"https:\/\/www.edubox.ch\/shop\/#\/schema\/logo\/image\/","url":"https:\/\/www.edubox.ch\/shop\/wp-content\/uploads\/Logo-Laengs-ohne-Slogan-Transparent-Hoehe-1.5cm-fuer-Lehrbuch-KfK.png","contentUrl":"https:\/\/www.edubox.ch\/shop\/wp-content\/uploads\/Logo-Laengs-ohne-Slogan-Transparent-Hoehe-1.5cm-fuer-Lehrbuch-KfK.png","width":725,"height":177,"caption":"EduBox GmbH"},"image":{"@id":"https:\/\/www.edubox.ch\/shop\/#\/schema\/logo\/image\/"},"sameAs":["https:\/\/www.facebook.com\/EduBox.CH","https:\/\/x.com\/EduBox_CH","https:\/\/www.linkedin.com\/company\/2981682\/admin\/dashboard\/","https:\/\/www.xing.com\/pages\/eduboxgmbh"]}]}},"_links":{"self":[{"href":"https:\/\/www.edubox.ch\/shop\/wp-json\/wp\/v2\/product\/113","targetHints":{"allow":["GET"]}}],"collection":[{"href":"https:\/\/www.edubox.ch\/shop\/wp-json\/wp\/v2\/product"}],"about":[{"href":"https:\/\/www.edubox.ch\/shop\/wp-json\/wp\/v2\/types\/product"}],"replies":[{"embeddable":true,"href":"https:\/\/www.edubox.ch\/shop\/wp-json\/wp\/v2\/comments?post=113"}],"wp:featuredmedia":[{"embeddable":true,"href":"https:\/\/www.edubox.ch\/shop\/wp-json\/wp\/v2\/media\/3660"}],"wp:attachment":[{"href":"https:\/\/www.edubox.ch\/shop\/wp-json\/wp\/v2\/media?parent=113"}],"wp:term":[{"taxonomy":"product_brand","embeddable":true,"href":"https:\/\/www.edubox.ch\/shop\/wp-json\/wp\/v2\/product_brand?post=113"},{"taxonomy":"product_cat","embeddable":true,"href":"https:\/\/www.edubox.ch\/shop\/wp-json\/wp\/v2\/product_cat?post=113"},{"taxonomy":"product_tag","embeddable":true,"href":"https:\/\/www.edubox.ch\/shop\/wp-json\/wp\/v2\/product_tag?post=113"}],"curies":[{"name":"wp","href":"https:\/\/api.w.org\/{rel}","templated":true}]}}