{"id":1175,"date":"2017-07-01T17:23:21","date_gmt":"2017-07-01T16:23:21","guid":{"rendered":"https:\/\/www.edubox.ch\/shop\/?post_type=product&#038;p=1175"},"modified":"2026-03-11T17:34:23","modified_gmt":"2026-03-11T16:34:23","slug":"ecdl-base-computer-grundlagen-mit-windows-10","status":"publish","type":"product","link":"https:\/\/www.edubox.ch\/shop\/produkt\/ecdl-base-computer-grundlagen-mit-windows-10\/","title":{"rendered":"Lehrbuch: Computer-Grundlagen mit Windows 10 (ICDL\/ECDL Base)"},"content":{"rendered":"<p>Schnell und einfach den kompletten Pr\u00fcfungsstoff des ICDL Base Moduls \u201eComputer-Grundlagen mit Windows 10\u201c erlernen. Alle Themen sind anhand \u00fcber 600 farbiger Bildschirmbilder und wenig Text Schritt f\u00fcr Schritt erkl\u00e4rt. Die Unterlage ist ein ICDL autorisiertes Lehrmaterial und basiert auf dem Syllabus Version 1.0 und beinhaltet nur Pr\u00fcfungsrelevante Themen.<\/p>\n","protected":false},"excerpt":{"rendered":"<p>ICDL Base Modul<\/p>\n<p><strong>Klick f\u00fcr Klick zum ICDL <\/strong>Lehrmittel enthalten jeweils die komplette Theorie zu den Testinhalten eines ICDL Moduls.<\/p>\n<p>Computer-Grundlagen mit <strong>Windows 10<\/strong>, Syllabus 1.0 (<a href=\"https:\/\/www.edubox.ch\/shop\/wp-content\/uploads\/Leseprobe-Windows-10-eShop.pdf\" target=\"_blank\" rel=\"noopener noreferrer\">Leseprobe<\/a>)<\/p>\n","protected":false},"featured_media":5114,"comment_status":"open","ping_status":"closed","template":"","meta":{"_lmt_disableupdate":"no","_lmt_disable":""},"product_brand":[],"product_cat":[31,30,239],"product_tag":[249,12,55,11,624,10,45],"class_list":{"0":"post-1175","1":"product","2":"type-product","3":"status-publish","4":"has-post-thumbnail","6":"product_cat-ecdl-base-module","7":"product_cat-ecdl-lehrmittel-kfk","8":"product_cat-lehrbuecher","9":"product_tag-249","10":"product_tag-base","11":"product_tag-computer-grundlagen","12":"product_tag-ecdl","13":"product_tag-icdl","14":"product_tag-kfk","15":"product_tag-windows","17":"first","18":"instock","19":"taxable","20":"shipping-taxable","21":"purchasable","22":"product-type-variable"},"yoast_head":"<!-- This site is optimized with the Yoast SEO plugin v27.2 - https:\/\/yoast.com\/product\/yoast-seo-wordpress\/ -->\n<title>Lehrbuch: Computer-Grundlagen mit Windows 10 (ICDL\/ECDL Base) - EduBox GmbH<\/title>\n<meta name=\"robots\" content=\"index, follow, max-snippet:-1, max-image-preview:large, max-video-preview:-1\" \/>\n<link rel=\"canonical\" href=\"https:\/\/www.edubox.ch\/shop\/produkt\/ecdl-base-computer-grundlagen-mit-windows-10\/\" \/>\n<meta property=\"og:locale\" content=\"de_DE\" \/>\n<meta property=\"og:type\" content=\"article\" \/>\n<meta property=\"og:title\" content=\"Lehrbuch: Computer-Grundlagen mit Windows 10 (ICDL\/ECDL Base) - EduBox GmbH\" \/>\n<meta property=\"og:description\" content=\"ICDL Base Modul  Klick f\u00fcr Klick zum ICDL Lehrmittel enthalten jeweils die komplette Theorie zu den Testinhalten eines ICDL Moduls.  Computer-Grundlagen mit Windows 10, Syllabus 1.0 (Leseprobe)\" \/>\n<meta property=\"og:url\" content=\"https:\/\/www.edubox.ch\/shop\/produkt\/ecdl-base-computer-grundlagen-mit-windows-10\/\" \/>\n<meta property=\"og:site_name\" content=\"EduBox GmbH\" \/>\n<meta property=\"article:publisher\" content=\"https:\/\/www.facebook.com\/EduBox.CH\" \/>\n<meta property=\"article:modified_time\" content=\"2026-03-11T16:34:23+00:00\" \/>\n<meta property=\"og:image\" content=\"https:\/\/www.edubox.ch\/shop\/wp-content\/uploads\/cover-2.png\" \/>\n\t<meta property=\"og:image:width\" content=\"2204\" \/>\n\t<meta property=\"og:image:height\" content=\"2250\" \/>\n\t<meta property=\"og:image:type\" content=\"image\/png\" \/>\n<meta name=\"twitter:card\" content=\"summary_large_image\" \/>\n<meta name=\"twitter:site\" content=\"@EduBox_CH\" \/>\n<meta name=\"twitter:label1\" content=\"Gesch\u00e4tzte Lesezeit\" \/>\n\t<meta name=\"twitter:data1\" content=\"1\u00a0Minute\" \/>\n<script type=\"application\/ld+json\" class=\"yoast-schema-graph\">{\"@context\":\"https:\/\/schema.org\",\"@graph\":[{\"@type\":\"WebPage\",\"@id\":\"https:\/\/www.edubox.ch\/shop\/produkt\/ecdl-base-computer-grundlagen-mit-windows-10\/\",\"url\":\"https:\/\/www.edubox.ch\/shop\/produkt\/ecdl-base-computer-grundlagen-mit-windows-10\/\",\"name\":\"Lehrbuch: Computer-Grundlagen mit Windows 10 (ICDL\/ECDL Base) - EduBox GmbH\",\"isPartOf\":{\"@id\":\"https:\/\/www.edubox.ch\/shop\/#website\"},\"primaryImageOfPage\":{\"@id\":\"https:\/\/www.edubox.ch\/shop\/produkt\/ecdl-base-computer-grundlagen-mit-windows-10\/#primaryimage\"},\"image\":{\"@id\":\"https:\/\/www.edubox.ch\/shop\/produkt\/ecdl-base-computer-grundlagen-mit-windows-10\/#primaryimage\"},\"thumbnailUrl\":\"https:\/\/www.edubox.ch\/shop\/wp-content\/uploads\/cover-2.png\",\"datePublished\":\"2017-07-01T16:23:21+00:00\",\"dateModified\":\"2026-03-11T16:34:23+00:00\",\"breadcrumb\":{\"@id\":\"https:\/\/www.edubox.ch\/shop\/produkt\/ecdl-base-computer-grundlagen-mit-windows-10\/#breadcrumb\"},\"inLanguage\":\"de-CH\",\"potentialAction\":[{\"@type\":\"ReadAction\",\"target\":[\"https:\/\/www.edubox.ch\/shop\/produkt\/ecdl-base-computer-grundlagen-mit-windows-10\/\"]}]},{\"@type\":\"ImageObject\",\"inLanguage\":\"de-CH\",\"@id\":\"https:\/\/www.edubox.ch\/shop\/produkt\/ecdl-base-computer-grundlagen-mit-windows-10\/#primaryimage\",\"url\":\"https:\/\/www.edubox.ch\/shop\/wp-content\/uploads\/cover-2.png\",\"contentUrl\":\"https:\/\/www.edubox.ch\/shop\/wp-content\/uploads\/cover-2.png\",\"width\":2204,\"height\":2250,\"caption\":\"Titelbild Computer-Grundlagen mit Windows 10\"},{\"@type\":\"BreadcrumbList\",\"@id\":\"https:\/\/www.edubox.ch\/shop\/produkt\/ecdl-base-computer-grundlagen-mit-windows-10\/#breadcrumb\",\"itemListElement\":[{\"@type\":\"ListItem\",\"position\":1,\"name\":\"Startseite\",\"item\":\"https:\/\/www.edubox.ch\/shop\/\"},{\"@type\":\"ListItem\",\"position\":2,\"name\":\"Alle Produkte\",\"item\":\"https:\/\/www.edubox.ch\/shop\/alle-produkte\/\"},{\"@type\":\"ListItem\",\"position\":3,\"name\":\"Lehrbuch: Computer-Grundlagen mit Windows 10 (ICDL\/ECDL Base)\"}]},{\"@type\":\"WebSite\",\"@id\":\"https:\/\/www.edubox.ch\/shop\/#website\",\"url\":\"https:\/\/www.edubox.ch\/shop\/\",\"name\":\"EduBox GmbH\",\"description\":\"Die erste virtuelle ICT-Schule der Schweiz!\",\"publisher\":{\"@id\":\"https:\/\/www.edubox.ch\/shop\/#organization\"},\"potentialAction\":[{\"@type\":\"SearchAction\",\"target\":{\"@type\":\"EntryPoint\",\"urlTemplate\":\"https:\/\/www.edubox.ch\/shop\/?s={search_term_string}\"},\"query-input\":{\"@type\":\"PropertyValueSpecification\",\"valueRequired\":true,\"valueName\":\"search_term_string\"}}],\"inLanguage\":\"de-CH\"},{\"@type\":\"Organization\",\"@id\":\"https:\/\/www.edubox.ch\/shop\/#organization\",\"name\":\"EduBox GmbH\",\"url\":\"https:\/\/www.edubox.ch\/shop\/\",\"logo\":{\"@type\":\"ImageObject\",\"inLanguage\":\"de-CH\",\"@id\":\"https:\/\/www.edubox.ch\/shop\/#\/schema\/logo\/image\/\",\"url\":\"https:\/\/www.edubox.ch\/shop\/wp-content\/uploads\/Logo-Laengs-ohne-Slogan-Transparent-Hoehe-1.5cm-fuer-Lehrbuch-KfK.png\",\"contentUrl\":\"https:\/\/www.edubox.ch\/shop\/wp-content\/uploads\/Logo-Laengs-ohne-Slogan-Transparent-Hoehe-1.5cm-fuer-Lehrbuch-KfK.png\",\"width\":725,\"height\":177,\"caption\":\"EduBox GmbH\"},\"image\":{\"@id\":\"https:\/\/www.edubox.ch\/shop\/#\/schema\/logo\/image\/\"},\"sameAs\":[\"https:\/\/www.facebook.com\/EduBox.CH\",\"https:\/\/x.com\/EduBox_CH\",\"https:\/\/www.linkedin.com\/company\/2981682\/admin\/dashboard\/\",\"https:\/\/www.xing.com\/pages\/eduboxgmbh\"]}]}<\/script>\n<!-- \/ Yoast SEO plugin. -->","yoast_head_json":{"title":"Lehrbuch: Computer-Grundlagen mit Windows 10 (ICDL\/ECDL Base) - EduBox GmbH","robots":{"index":"index","follow":"follow","max-snippet":"max-snippet:-1","max-image-preview":"max-image-preview:large","max-video-preview":"max-video-preview:-1"},"canonical":"https:\/\/www.edubox.ch\/shop\/produkt\/ecdl-base-computer-grundlagen-mit-windows-10\/","og_locale":"de_DE","og_type":"article","og_title":"Lehrbuch: Computer-Grundlagen mit Windows 10 (ICDL\/ECDL Base) - EduBox GmbH","og_description":"ICDL Base Modul  Klick f\u00fcr Klick zum ICDL Lehrmittel enthalten jeweils die komplette Theorie zu den Testinhalten eines ICDL Moduls.  Computer-Grundlagen mit Windows 10, Syllabus 1.0 (Leseprobe)","og_url":"https:\/\/www.edubox.ch\/shop\/produkt\/ecdl-base-computer-grundlagen-mit-windows-10\/","og_site_name":"EduBox GmbH","article_publisher":"https:\/\/www.facebook.com\/EduBox.CH","article_modified_time":"2026-03-11T16:34:23+00:00","og_image":[{"width":2204,"height":2250,"url":"https:\/\/www.edubox.ch\/shop\/wp-content\/uploads\/cover-2.png","type":"image\/png"}],"twitter_card":"summary_large_image","twitter_site":"@EduBox_CH","twitter_misc":{"Gesch\u00e4tzte Lesezeit":"1\u00a0Minute"},"schema":{"@context":"https:\/\/schema.org","@graph":[{"@type":"WebPage","@id":"https:\/\/www.edubox.ch\/shop\/produkt\/ecdl-base-computer-grundlagen-mit-windows-10\/","url":"https:\/\/www.edubox.ch\/shop\/produkt\/ecdl-base-computer-grundlagen-mit-windows-10\/","name":"Lehrbuch: Computer-Grundlagen mit Windows 10 (ICDL\/ECDL Base) - EduBox GmbH","isPartOf":{"@id":"https:\/\/www.edubox.ch\/shop\/#website"},"primaryImageOfPage":{"@id":"https:\/\/www.edubox.ch\/shop\/produkt\/ecdl-base-computer-grundlagen-mit-windows-10\/#primaryimage"},"image":{"@id":"https:\/\/www.edubox.ch\/shop\/produkt\/ecdl-base-computer-grundlagen-mit-windows-10\/#primaryimage"},"thumbnailUrl":"https:\/\/www.edubox.ch\/shop\/wp-content\/uploads\/cover-2.png","datePublished":"2017-07-01T16:23:21+00:00","dateModified":"2026-03-11T16:34:23+00:00","breadcrumb":{"@id":"https:\/\/www.edubox.ch\/shop\/produkt\/ecdl-base-computer-grundlagen-mit-windows-10\/#breadcrumb"},"inLanguage":"de-CH","potentialAction":[{"@type":"ReadAction","target":["https:\/\/www.edubox.ch\/shop\/produkt\/ecdl-base-computer-grundlagen-mit-windows-10\/"]}]},{"@type":"ImageObject","inLanguage":"de-CH","@id":"https:\/\/www.edubox.ch\/shop\/produkt\/ecdl-base-computer-grundlagen-mit-windows-10\/#primaryimage","url":"https:\/\/www.edubox.ch\/shop\/wp-content\/uploads\/cover-2.png","contentUrl":"https:\/\/www.edubox.ch\/shop\/wp-content\/uploads\/cover-2.png","width":2204,"height":2250,"caption":"Titelbild Computer-Grundlagen mit Windows 10"},{"@type":"BreadcrumbList","@id":"https:\/\/www.edubox.ch\/shop\/produkt\/ecdl-base-computer-grundlagen-mit-windows-10\/#breadcrumb","itemListElement":[{"@type":"ListItem","position":1,"name":"Startseite","item":"https:\/\/www.edubox.ch\/shop\/"},{"@type":"ListItem","position":2,"name":"Alle Produkte","item":"https:\/\/www.edubox.ch\/shop\/alle-produkte\/"},{"@type":"ListItem","position":3,"name":"Lehrbuch: Computer-Grundlagen mit Windows 10 (ICDL\/ECDL Base)"}]},{"@type":"WebSite","@id":"https:\/\/www.edubox.ch\/shop\/#website","url":"https:\/\/www.edubox.ch\/shop\/","name":"EduBox GmbH","description":"Die erste virtuelle ICT-Schule der Schweiz!","publisher":{"@id":"https:\/\/www.edubox.ch\/shop\/#organization"},"potentialAction":[{"@type":"SearchAction","target":{"@type":"EntryPoint","urlTemplate":"https:\/\/www.edubox.ch\/shop\/?s={search_term_string}"},"query-input":{"@type":"PropertyValueSpecification","valueRequired":true,"valueName":"search_term_string"}}],"inLanguage":"de-CH"},{"@type":"Organization","@id":"https:\/\/www.edubox.ch\/shop\/#organization","name":"EduBox GmbH","url":"https:\/\/www.edubox.ch\/shop\/","logo":{"@type":"ImageObject","inLanguage":"de-CH","@id":"https:\/\/www.edubox.ch\/shop\/#\/schema\/logo\/image\/","url":"https:\/\/www.edubox.ch\/shop\/wp-content\/uploads\/Logo-Laengs-ohne-Slogan-Transparent-Hoehe-1.5cm-fuer-Lehrbuch-KfK.png","contentUrl":"https:\/\/www.edubox.ch\/shop\/wp-content\/uploads\/Logo-Laengs-ohne-Slogan-Transparent-Hoehe-1.5cm-fuer-Lehrbuch-KfK.png","width":725,"height":177,"caption":"EduBox GmbH"},"image":{"@id":"https:\/\/www.edubox.ch\/shop\/#\/schema\/logo\/image\/"},"sameAs":["https:\/\/www.facebook.com\/EduBox.CH","https:\/\/x.com\/EduBox_CH","https:\/\/www.linkedin.com\/company\/2981682\/admin\/dashboard\/","https:\/\/www.xing.com\/pages\/eduboxgmbh"]}]}},"_links":{"self":[{"href":"https:\/\/www.edubox.ch\/shop\/wp-json\/wp\/v2\/product\/1175","targetHints":{"allow":["GET"]}}],"collection":[{"href":"https:\/\/www.edubox.ch\/shop\/wp-json\/wp\/v2\/product"}],"about":[{"href":"https:\/\/www.edubox.ch\/shop\/wp-json\/wp\/v2\/types\/product"}],"replies":[{"embeddable":true,"href":"https:\/\/www.edubox.ch\/shop\/wp-json\/wp\/v2\/comments?post=1175"}],"wp:featuredmedia":[{"embeddable":true,"href":"https:\/\/www.edubox.ch\/shop\/wp-json\/wp\/v2\/media\/5114"}],"wp:attachment":[{"href":"https:\/\/www.edubox.ch\/shop\/wp-json\/wp\/v2\/media?parent=1175"}],"wp:term":[{"taxonomy":"product_brand","embeddable":true,"href":"https:\/\/www.edubox.ch\/shop\/wp-json\/wp\/v2\/product_brand?post=1175"},{"taxonomy":"product_cat","embeddable":true,"href":"https:\/\/www.edubox.ch\/shop\/wp-json\/wp\/v2\/product_cat?post=1175"},{"taxonomy":"product_tag","embeddable":true,"href":"https:\/\/www.edubox.ch\/shop\/wp-json\/wp\/v2\/product_tag?post=1175"}],"curies":[{"name":"wp","href":"https:\/\/api.w.org\/{rel}","templated":true}]}}