{"id":2233,"date":"2020-03-17T10:56:41","date_gmt":"2020-03-17T09:56:41","guid":{"rendered":"https:\/\/www.edubox.ch\/shop\/?post_type=product&#038;p=2233"},"modified":"2026-03-11T17:46:12","modified_gmt":"2026-03-11T16:46:12","slug":"package-1-x-ecdl-id-4-x-ecdl-base-standard-zertifikatspruefung","status":"publish","type":"product","link":"https:\/\/www.edubox.ch\/shop\/produkt\/package-1-x-ecdl-id-4-x-ecdl-base-standard-zertifikatspruefung\/","title":{"rendered":"Package Base: 4 x ICDL\/ECDL Base Zertifikatspr\u00fcfungen + 1 x ICDL\/ECDL ID"},"content":{"rendered":"","protected":false},"excerpt":{"rendered":"<p>Die EduBox GmbH nimmt als approbiertes ICDL Test Center ICDL Zertifikatspr\u00fcfungen ab. Diese finden f\u00fcr Privatpersonen virtuell (online) statt. F\u00fcr die Mitarbeiter von Firmen bieten wir Zertifikatspr\u00fcfungen in Gruppen vor Ort an. Lassen Sie sich diese unter info@edubox.ch unverbindlich offerieren.<\/p>\n<p><b>Alle unsere ICDL Zertifikatspr\u00fcfungen werden virtuell (online per Fern\u00fcberwachung) durchgef\u00fchrt. <a href=\"https:\/\/www.edubox.ch\/shop\/zertifikatspruefungen-fernueberwachung\/\">F\u00dcR DETAILS HIER KLICKEN!<\/a><\/b><\/p>\n<p><span style=\"color: #ff0000;\">Aktuell verf\u00fcgbare Pr\u00fcfungstermine: <strong><a href=\"https:\/\/www.edubox.ch\/icdl\/Anmeldung_Uebersicht\" target=\"_blank\" rel=\"noopener\">https:\/\/www.edubox.ch\/icdl\/Anmeldung_Uebersicht<\/a><\/strong><\/span><\/p>\n","protected":false},"featured_media":5333,"comment_status":"closed","ping_status":"closed","template":"","meta":{"_lmt_disableupdate":"no","_lmt_disable":""},"product_brand":[],"product_cat":[122,121,269],"product_tag":[],"class_list":{"0":"post-2233","1":"product","2":"type-product","3":"status-publish","4":"has-post-thumbnail","6":"product_cat-base-ecdl","7":"product_cat-anmeldung-ecdl-pruefungen","8":"product_cat-packages","10":"first","11":"instock","12":"taxable","13":"shipping-taxable","14":"purchasable","15":"product-type-variable"},"yoast_head":"<!-- This site is optimized with the Yoast SEO plugin v27.2 - https:\/\/yoast.com\/product\/yoast-seo-wordpress\/ -->\n<title>Package Base: 4 x ICDL\/ECDL Base Zertifikatspr\u00fcfungen + 1 x ICDL\/ECDL ID - EduBox GmbH<\/title>\n<meta name=\"robots\" content=\"index, follow, max-snippet:-1, max-image-preview:large, max-video-preview:-1\" \/>\n<link rel=\"canonical\" href=\"https:\/\/www.edubox.ch\/shop\/produkt\/package-1-x-ecdl-id-4-x-ecdl-base-standard-zertifikatspruefung\/\" \/>\n<meta property=\"og:locale\" content=\"de_DE\" \/>\n<meta property=\"og:type\" content=\"article\" \/>\n<meta property=\"og:title\" content=\"Package Base: 4 x ICDL\/ECDL Base Zertifikatspr\u00fcfungen + 1 x ICDL\/ECDL ID - EduBox GmbH\" \/>\n<meta property=\"og:description\" content=\"Die EduBox GmbH nimmt als approbiertes ICDL Test Center ICDL Zertifikatspr\u00fcfungen ab. Diese finden f\u00fcr Privatpersonen virtuell (online) statt. F\u00fcr die Mitarbeiter von Firmen bieten wir Zertifikatspr\u00fcfungen in Gruppen vor Ort an. Lassen Sie sich diese unter info@edubox.ch unverbindlich offerieren.  Alle unsere ICDL Zertifikatspr\u00fcfungen werden virtuell (online per Fern\u00fcberwachung) durchgef\u00fchrt. F\u00dcR DETAILS HIER KLICKEN!  Aktuell verf\u00fcgbare Pr\u00fcfungstermine: https:\/\/www.edubox.ch\/icdl\/Anmeldung_Uebersicht\" \/>\n<meta property=\"og:url\" content=\"https:\/\/www.edubox.ch\/shop\/produkt\/package-1-x-ecdl-id-4-x-ecdl-base-standard-zertifikatspruefung\/\" \/>\n<meta property=\"og:site_name\" content=\"EduBox GmbH\" \/>\n<meta property=\"article:publisher\" content=\"https:\/\/www.facebook.com\/EduBox.CH\" \/>\n<meta property=\"article:modified_time\" content=\"2026-03-11T16:46:12+00:00\" \/>\n<meta property=\"og:image\" content=\"https:\/\/www.edubox.ch\/shop\/wp-content\/uploads\/Designer-3.jpg\" \/>\n\t<meta property=\"og:image:width\" content=\"1024\" \/>\n\t<meta property=\"og:image:height\" content=\"1024\" \/>\n\t<meta property=\"og:image:type\" content=\"image\/jpeg\" \/>\n<meta name=\"twitter:card\" content=\"summary_large_image\" \/>\n<meta name=\"twitter:site\" content=\"@EduBox_CH\" \/>\n<meta name=\"twitter:label1\" content=\"Gesch\u00e4tzte Lesezeit\" \/>\n\t<meta name=\"twitter:data1\" content=\"1\u00a0Minute\" \/>\n<script type=\"application\/ld+json\" class=\"yoast-schema-graph\">{\"@context\":\"https:\/\/schema.org\",\"@graph\":[{\"@type\":\"WebPage\",\"@id\":\"https:\/\/www.edubox.ch\/shop\/produkt\/package-1-x-ecdl-id-4-x-ecdl-base-standard-zertifikatspruefung\/\",\"url\":\"https:\/\/www.edubox.ch\/shop\/produkt\/package-1-x-ecdl-id-4-x-ecdl-base-standard-zertifikatspruefung\/\",\"name\":\"Package Base: 4 x ICDL\/ECDL Base Zertifikatspr\u00fcfungen + 1 x ICDL\/ECDL ID - EduBox GmbH\",\"isPartOf\":{\"@id\":\"https:\/\/www.edubox.ch\/shop\/#website\"},\"primaryImageOfPage\":{\"@id\":\"https:\/\/www.edubox.ch\/shop\/produkt\/package-1-x-ecdl-id-4-x-ecdl-base-standard-zertifikatspruefung\/#primaryimage\"},\"image\":{\"@id\":\"https:\/\/www.edubox.ch\/shop\/produkt\/package-1-x-ecdl-id-4-x-ecdl-base-standard-zertifikatspruefung\/#primaryimage\"},\"thumbnailUrl\":\"https:\/\/www.edubox.ch\/shop\/wp-content\/uploads\/Designer-3.jpg\",\"datePublished\":\"2020-03-17T09:56:41+00:00\",\"dateModified\":\"2026-03-11T16:46:12+00:00\",\"breadcrumb\":{\"@id\":\"https:\/\/www.edubox.ch\/shop\/produkt\/package-1-x-ecdl-id-4-x-ecdl-base-standard-zertifikatspruefung\/#breadcrumb\"},\"inLanguage\":\"de-CH\",\"potentialAction\":[{\"@type\":\"ReadAction\",\"target\":[\"https:\/\/www.edubox.ch\/shop\/produkt\/package-1-x-ecdl-id-4-x-ecdl-base-standard-zertifikatspruefung\/\"]}]},{\"@type\":\"ImageObject\",\"inLanguage\":\"de-CH\",\"@id\":\"https:\/\/www.edubox.ch\/shop\/produkt\/package-1-x-ecdl-id-4-x-ecdl-base-standard-zertifikatspruefung\/#primaryimage\",\"url\":\"https:\/\/www.edubox.ch\/shop\/wp-content\/uploads\/Designer-3.jpg\",\"contentUrl\":\"https:\/\/www.edubox.ch\/shop\/wp-content\/uploads\/Designer-3.jpg\",\"width\":1024,\"height\":1024},{\"@type\":\"BreadcrumbList\",\"@id\":\"https:\/\/www.edubox.ch\/shop\/produkt\/package-1-x-ecdl-id-4-x-ecdl-base-standard-zertifikatspruefung\/#breadcrumb\",\"itemListElement\":[{\"@type\":\"ListItem\",\"position\":1,\"name\":\"Startseite\",\"item\":\"https:\/\/www.edubox.ch\/shop\/\"},{\"@type\":\"ListItem\",\"position\":2,\"name\":\"Alle Produkte\",\"item\":\"https:\/\/www.edubox.ch\/shop\/alle-produkte\/\"},{\"@type\":\"ListItem\",\"position\":3,\"name\":\"Package Base: 4 x ICDL\/ECDL Base Zertifikatspr\u00fcfungen + 1 x ICDL\/ECDL ID\"}]},{\"@type\":\"WebSite\",\"@id\":\"https:\/\/www.edubox.ch\/shop\/#website\",\"url\":\"https:\/\/www.edubox.ch\/shop\/\",\"name\":\"EduBox GmbH\",\"description\":\"Die erste virtuelle ICT-Schule der Schweiz!\",\"publisher\":{\"@id\":\"https:\/\/www.edubox.ch\/shop\/#organization\"},\"potentialAction\":[{\"@type\":\"SearchAction\",\"target\":{\"@type\":\"EntryPoint\",\"urlTemplate\":\"https:\/\/www.edubox.ch\/shop\/?s={search_term_string}\"},\"query-input\":{\"@type\":\"PropertyValueSpecification\",\"valueRequired\":true,\"valueName\":\"search_term_string\"}}],\"inLanguage\":\"de-CH\"},{\"@type\":\"Organization\",\"@id\":\"https:\/\/www.edubox.ch\/shop\/#organization\",\"name\":\"EduBox GmbH\",\"url\":\"https:\/\/www.edubox.ch\/shop\/\",\"logo\":{\"@type\":\"ImageObject\",\"inLanguage\":\"de-CH\",\"@id\":\"https:\/\/www.edubox.ch\/shop\/#\/schema\/logo\/image\/\",\"url\":\"https:\/\/www.edubox.ch\/shop\/wp-content\/uploads\/Logo-Laengs-ohne-Slogan-Transparent-Hoehe-1.5cm-fuer-Lehrbuch-KfK.png\",\"contentUrl\":\"https:\/\/www.edubox.ch\/shop\/wp-content\/uploads\/Logo-Laengs-ohne-Slogan-Transparent-Hoehe-1.5cm-fuer-Lehrbuch-KfK.png\",\"width\":725,\"height\":177,\"caption\":\"EduBox GmbH\"},\"image\":{\"@id\":\"https:\/\/www.edubox.ch\/shop\/#\/schema\/logo\/image\/\"},\"sameAs\":[\"https:\/\/www.facebook.com\/EduBox.CH\",\"https:\/\/x.com\/EduBox_CH\",\"https:\/\/www.linkedin.com\/company\/2981682\/admin\/dashboard\/\",\"https:\/\/www.xing.com\/pages\/eduboxgmbh\"]}]}<\/script>\n<!-- \/ Yoast SEO plugin. -->","yoast_head_json":{"title":"Package Base: 4 x ICDL\/ECDL Base Zertifikatspr\u00fcfungen + 1 x ICDL\/ECDL ID - EduBox GmbH","robots":{"index":"index","follow":"follow","max-snippet":"max-snippet:-1","max-image-preview":"max-image-preview:large","max-video-preview":"max-video-preview:-1"},"canonical":"https:\/\/www.edubox.ch\/shop\/produkt\/package-1-x-ecdl-id-4-x-ecdl-base-standard-zertifikatspruefung\/","og_locale":"de_DE","og_type":"article","og_title":"Package Base: 4 x ICDL\/ECDL Base Zertifikatspr\u00fcfungen + 1 x ICDL\/ECDL ID - EduBox GmbH","og_description":"Die EduBox GmbH nimmt als approbiertes ICDL Test Center ICDL Zertifikatspr\u00fcfungen ab. Diese finden f\u00fcr Privatpersonen virtuell (online) statt. F\u00fcr die Mitarbeiter von Firmen bieten wir Zertifikatspr\u00fcfungen in Gruppen vor Ort an. Lassen Sie sich diese unter info@edubox.ch unverbindlich offerieren.  Alle unsere ICDL Zertifikatspr\u00fcfungen werden virtuell (online per Fern\u00fcberwachung) durchgef\u00fchrt. F\u00dcR DETAILS HIER KLICKEN!  Aktuell verf\u00fcgbare Pr\u00fcfungstermine: https:\/\/www.edubox.ch\/icdl\/Anmeldung_Uebersicht","og_url":"https:\/\/www.edubox.ch\/shop\/produkt\/package-1-x-ecdl-id-4-x-ecdl-base-standard-zertifikatspruefung\/","og_site_name":"EduBox GmbH","article_publisher":"https:\/\/www.facebook.com\/EduBox.CH","article_modified_time":"2026-03-11T16:46:12+00:00","og_image":[{"width":1024,"height":1024,"url":"https:\/\/www.edubox.ch\/shop\/wp-content\/uploads\/Designer-3.jpg","type":"image\/jpeg"}],"twitter_card":"summary_large_image","twitter_site":"@EduBox_CH","twitter_misc":{"Gesch\u00e4tzte Lesezeit":"1\u00a0Minute"},"schema":{"@context":"https:\/\/schema.org","@graph":[{"@type":"WebPage","@id":"https:\/\/www.edubox.ch\/shop\/produkt\/package-1-x-ecdl-id-4-x-ecdl-base-standard-zertifikatspruefung\/","url":"https:\/\/www.edubox.ch\/shop\/produkt\/package-1-x-ecdl-id-4-x-ecdl-base-standard-zertifikatspruefung\/","name":"Package Base: 4 x ICDL\/ECDL Base Zertifikatspr\u00fcfungen + 1 x ICDL\/ECDL ID - EduBox GmbH","isPartOf":{"@id":"https:\/\/www.edubox.ch\/shop\/#website"},"primaryImageOfPage":{"@id":"https:\/\/www.edubox.ch\/shop\/produkt\/package-1-x-ecdl-id-4-x-ecdl-base-standard-zertifikatspruefung\/#primaryimage"},"image":{"@id":"https:\/\/www.edubox.ch\/shop\/produkt\/package-1-x-ecdl-id-4-x-ecdl-base-standard-zertifikatspruefung\/#primaryimage"},"thumbnailUrl":"https:\/\/www.edubox.ch\/shop\/wp-content\/uploads\/Designer-3.jpg","datePublished":"2020-03-17T09:56:41+00:00","dateModified":"2026-03-11T16:46:12+00:00","breadcrumb":{"@id":"https:\/\/www.edubox.ch\/shop\/produkt\/package-1-x-ecdl-id-4-x-ecdl-base-standard-zertifikatspruefung\/#breadcrumb"},"inLanguage":"de-CH","potentialAction":[{"@type":"ReadAction","target":["https:\/\/www.edubox.ch\/shop\/produkt\/package-1-x-ecdl-id-4-x-ecdl-base-standard-zertifikatspruefung\/"]}]},{"@type":"ImageObject","inLanguage":"de-CH","@id":"https:\/\/www.edubox.ch\/shop\/produkt\/package-1-x-ecdl-id-4-x-ecdl-base-standard-zertifikatspruefung\/#primaryimage","url":"https:\/\/www.edubox.ch\/shop\/wp-content\/uploads\/Designer-3.jpg","contentUrl":"https:\/\/www.edubox.ch\/shop\/wp-content\/uploads\/Designer-3.jpg","width":1024,"height":1024},{"@type":"BreadcrumbList","@id":"https:\/\/www.edubox.ch\/shop\/produkt\/package-1-x-ecdl-id-4-x-ecdl-base-standard-zertifikatspruefung\/#breadcrumb","itemListElement":[{"@type":"ListItem","position":1,"name":"Startseite","item":"https:\/\/www.edubox.ch\/shop\/"},{"@type":"ListItem","position":2,"name":"Alle Produkte","item":"https:\/\/www.edubox.ch\/shop\/alle-produkte\/"},{"@type":"ListItem","position":3,"name":"Package Base: 4 x ICDL\/ECDL Base Zertifikatspr\u00fcfungen + 1 x ICDL\/ECDL ID"}]},{"@type":"WebSite","@id":"https:\/\/www.edubox.ch\/shop\/#website","url":"https:\/\/www.edubox.ch\/shop\/","name":"EduBox GmbH","description":"Die erste virtuelle ICT-Schule der Schweiz!","publisher":{"@id":"https:\/\/www.edubox.ch\/shop\/#organization"},"potentialAction":[{"@type":"SearchAction","target":{"@type":"EntryPoint","urlTemplate":"https:\/\/www.edubox.ch\/shop\/?s={search_term_string}"},"query-input":{"@type":"PropertyValueSpecification","valueRequired":true,"valueName":"search_term_string"}}],"inLanguage":"de-CH"},{"@type":"Organization","@id":"https:\/\/www.edubox.ch\/shop\/#organization","name":"EduBox GmbH","url":"https:\/\/www.edubox.ch\/shop\/","logo":{"@type":"ImageObject","inLanguage":"de-CH","@id":"https:\/\/www.edubox.ch\/shop\/#\/schema\/logo\/image\/","url":"https:\/\/www.edubox.ch\/shop\/wp-content\/uploads\/Logo-Laengs-ohne-Slogan-Transparent-Hoehe-1.5cm-fuer-Lehrbuch-KfK.png","contentUrl":"https:\/\/www.edubox.ch\/shop\/wp-content\/uploads\/Logo-Laengs-ohne-Slogan-Transparent-Hoehe-1.5cm-fuer-Lehrbuch-KfK.png","width":725,"height":177,"caption":"EduBox GmbH"},"image":{"@id":"https:\/\/www.edubox.ch\/shop\/#\/schema\/logo\/image\/"},"sameAs":["https:\/\/www.facebook.com\/EduBox.CH","https:\/\/x.com\/EduBox_CH","https:\/\/www.linkedin.com\/company\/2981682\/admin\/dashboard\/","https:\/\/www.xing.com\/pages\/eduboxgmbh"]}]}},"_links":{"self":[{"href":"https:\/\/www.edubox.ch\/shop\/wp-json\/wp\/v2\/product\/2233","targetHints":{"allow":["GET"]}}],"collection":[{"href":"https:\/\/www.edubox.ch\/shop\/wp-json\/wp\/v2\/product"}],"about":[{"href":"https:\/\/www.edubox.ch\/shop\/wp-json\/wp\/v2\/types\/product"}],"replies":[{"embeddable":true,"href":"https:\/\/www.edubox.ch\/shop\/wp-json\/wp\/v2\/comments?post=2233"}],"wp:featuredmedia":[{"embeddable":true,"href":"https:\/\/www.edubox.ch\/shop\/wp-json\/wp\/v2\/media\/5333"}],"wp:attachment":[{"href":"https:\/\/www.edubox.ch\/shop\/wp-json\/wp\/v2\/media?parent=2233"}],"wp:term":[{"taxonomy":"product_brand","embeddable":true,"href":"https:\/\/www.edubox.ch\/shop\/wp-json\/wp\/v2\/product_brand?post=2233"},{"taxonomy":"product_cat","embeddable":true,"href":"https:\/\/www.edubox.ch\/shop\/wp-json\/wp\/v2\/product_cat?post=2233"},{"taxonomy":"product_tag","embeddable":true,"href":"https:\/\/www.edubox.ch\/shop\/wp-json\/wp\/v2\/product_tag?post=2233"}],"curies":[{"name":"wp","href":"https:\/\/api.w.org\/{rel}","templated":true}]}}