{"id":2365,"date":"2020-06-15T18:15:16","date_gmt":"2020-06-15T17:15:16","guid":{"rendered":"https:\/\/www.edubox.ch\/shop\/?post_type=product&#038;p=2365"},"modified":"2026-03-11T17:46:17","modified_gmt":"2026-03-11T16:46:17","slug":"e-learning-im-selbststudium-mit-einzellektionen-ecdl-base-4-module","status":"publish","type":"product","link":"https:\/\/www.edubox.ch\/shop\/produkt\/e-learning-im-selbststudium-mit-einzellektionen-ecdl-base-4-module\/","title":{"rendered":"E-Learning im Selbststudium mit Einzellektionen ICDL\/ECDL Base (4 Module)"},"content":{"rendered":"<p>Der ICDL \u00a0\u00abInternational Certification of Digital Literacy\u00bb (auf Deutsch: \u00abInternationales Zertifikat f\u00fcr digitale F\u00e4higkeiten\u00bb) ist ein international anerkanntes Zertifikat, das praktische Fertigkeiten in den gebr\u00e4uchlichsten Computeranwendungen bescheinigt. Zur Erreichung eines ICDL Zertifikats werden einzelne Modulpr\u00fcfungen an einem ICDL Test Center (EduBox GmbH) absolviert. Kandidatinnen und Kandidaten k\u00f6nnen ihre Kenntnisse auf den Stufen \u00abICDL Base\u00bb, \u00abICDL Standard\u00bb und \u00abICDL Advanced\u00bb beweisen.<\/p>\n<p>In unseren virtuellen Schulungsangeboten erlernen Sie die Testinhalte der vier \u00abICDL Base\u00bb Module. Das \u00abICDL Base\u00bb Zertifikat belegt solide Kenntnisse im Umgang mit dem Betriebssystem, Internetanwendungen, Textverarbeitung und Tabellenkalkulation.<\/p>\n<ul>\n<li><strong>Textverarbeitung mit Word<br \/>\n<\/strong>Dieses Modul behandelt die wesentlichen Kenntnisse und Fertigkeiten, die beim Einsatz eines Textverarbeitungsprogrammes zur Erstellung allt\u00e4glicher Briefe und Dokumente erforderlich sind.<\/li>\n<li><strong>Tabellenkalkulation mit Excel <\/strong><br \/>\nDieses Modul behandelt grundlegende Begriffe der Tabellenkalkulation und die wesentlichen Fertigkeiten, die beim Einsatz eines Tabellenkalkulationsprogramms zur Einstellung von druckfertigen Unterlagen erforderlich sind.<\/li>\n<li><strong>Computer-Grundlagen mit Windows<br \/>\n<\/strong>Dieses Modul behandelt die wesentlichen Kenntnisse und Fertigkeiten, die bei der Nutzung von Computern und Mobilger\u00e4ten, bei der Erstellung und Verwaltung von Dateien, beim Umgang mit Netzwerken und zur Sicherstellung der Datensicherheit erforderlich sind.<\/li>\n<li><strong>Online-Grundlagen mit Outlook und Webbrowser<br \/>\n<\/strong>Dieses Modul behandelt die wesentlichen Kenntnisse und Fertigkeiten, die f\u00fcr Web-Browsing, effiziente Informationssuche, Online-Kommunikation und E-Mail-Nutzung ben\u00f6tigt werden.<\/li>\n<\/ul>\n<p>Das Ziel unserer virtuellen Schulungen ist somit die Vorbereitung, das Durchf\u00fchren sowie das Bestehen der vier \u00abICDL Base\u00bb Zertifikatspr\u00fcfungen und damit das Erlangen des \u00abICDL Base Zertifikates\u00bb.<\/p>\n","protected":false},"excerpt":{"rendered":"<p><a href=\"https:\/\/www.edubox.ch\/shop\/wp-content\/uploads\/broschueren\/Brosch%C3%BCre%20ICDL%20Base%20-%201.%20virtuelle%20ICT-Schule%20CH.pdf\" target=\"_blank\" rel=\"noopener\"><strong>&lt;&lt; Brosch\u00fcre herunterladen &gt;&gt;<\/strong><\/a><\/p>\n<p>Hier lernen Sie selbst\u00e4ndig mit den e-Learning Kurse von bit media. Diese stehen f\u00fcr praxisnahen Zugang zur Thematik und nachhaltigen Lernerfolg. Die Lernprogramme nutzen dabei modernste Content Technologie um effektive und kurzweilige Lernerlebnisse zu bieten: Einfache und \u00fcbersichtliche Navigation, volle Skalierbarkeit der Lerninhalte und die Suche nach individuellen Themen.<\/p>\n<p>Am Ende jedes Webkursmoduls f\u00fchren Sie zu Hause einen Probepr\u00fcfung NORMAL (ICDL Diagnosetest) zur Pr\u00fcfungsvorbereitung durch. Erg\u00e4nzend wird eine Fragestunde mit einer erfahrenen Lehrperson vor oder nach der Probepr\u00fcfung (Sie entscheiden) durchgef\u00fchrt. Danach vereinbaren Sie mit uns einen virtuellen Pr\u00fcfungstermin.<\/p>\n<p>Eine hohe Selbstdisziplin ist bei dieser Art des Lernens eine wichtige Voraussetzung.<\/p>\n<p><img loading=\"lazy\" decoding=\"async\" class=\"wp-image-2499 alignleft\" src=\"https:\/\/www.edubox.ch\/shop\/wp-content\/uploads\/SBFI_Link-Button_de.gif\" alt=\"\" width=\"200\" height=\"200\" \/>Wer sich mit einer ICDL Base Schulung auf die eidgen\u00f6ssische Pr\u00fcfung <strong>&#171;Hauswartinnen und Hauswarte mit eidgen\u00f6ssischem Fachausweis&#187;<\/strong> vorbereitet, wird neu vom Bund finanziell unterst\u00fctzt. Bei einer Berufspr\u00fcfung betr\u00e4gt der Bundesbeitrag 50% bis maximal 9&#8217;500 Franken. Die Regelung gilt seit dem 1. Januar 2018.<\/p>\n","protected":false},"featured_media":2382,"comment_status":"open","ping_status":"closed","template":"","meta":{"_lmt_disableupdate":"no","_lmt_disable":""},"product_brand":[],"product_cat":[459],"product_tag":[],"class_list":{"0":"post-2365","1":"product","2":"type-product","3":"status-publish","4":"has-post-thumbnail","6":"product_cat-schulungen","8":"first","9":"instock","10":"taxable","11":"shipping-taxable","12":"purchasable","13":"product-type-variable"},"yoast_head":"<!-- This site is optimized with the Yoast SEO plugin v27.2 - https:\/\/yoast.com\/product\/yoast-seo-wordpress\/ -->\n<title>E-Learning im Selbststudium mit Einzellektionen ICDL\/ECDL Base (4 Module) - EduBox GmbH<\/title>\n<meta name=\"robots\" content=\"index, follow, max-snippet:-1, max-image-preview:large, max-video-preview:-1\" \/>\n<link rel=\"canonical\" href=\"https:\/\/www.edubox.ch\/shop\/produkt\/e-learning-im-selbststudium-mit-einzellektionen-ecdl-base-4-module\/\" \/>\n<meta property=\"og:locale\" content=\"de_DE\" \/>\n<meta property=\"og:type\" content=\"article\" \/>\n<meta property=\"og:title\" content=\"E-Learning im Selbststudium mit Einzellektionen ICDL\/ECDL Base (4 Module) - EduBox GmbH\" \/>\n<meta property=\"og:description\" content=\"&lt;&lt; Brosch\u00fcre herunterladen &gt;&gt;  Hier lernen Sie selbst\u00e4ndig mit den e-Learning Kurse von bit media. Diese stehen f\u00fcr praxisnahen Zugang zur Thematik und nachhaltigen Lernerfolg. Die Lernprogramme nutzen dabei modernste Content Technologie um effektive und kurzweilige Lernerlebnisse zu bieten: Einfache und \u00fcbersichtliche Navigation, volle Skalierbarkeit der Lerninhalte und die Suche nach individuellen Themen.  Am Ende jedes Webkursmoduls f\u00fchren Sie zu Hause einen Probepr\u00fcfung NORMAL (ICDL Diagnosetest) zur Pr\u00fcfungsvorbereitung durch. Erg\u00e4nzend wird eine Fragestunde mit einer erfahrenen Lehrperson vor oder nach der Probepr\u00fcfung (Sie entscheiden) durchgef\u00fchrt. Danach vereinbaren Sie mit uns einen virtuellen Pr\u00fcfungstermin.  Eine hohe Selbstdisziplin ist bei dieser Art des Lernens eine wichtige Voraussetzung.  Wer sich mit einer ICDL Base Schulung auf die eidgen\u00f6ssische Pr\u00fcfung &quot;Hauswartinnen und Hauswarte mit eidgen\u00f6ssischem Fachausweis&quot; vorbereitet, wird neu vom Bund finanziell unterst\u00fctzt. Bei einer Berufspr\u00fcfung betr\u00e4gt der Bundesbeitrag 50% bis maximal 9&#039;500 Franken. Die Regelung gilt seit dem 1. Januar 2018.\" \/>\n<meta property=\"og:url\" content=\"https:\/\/www.edubox.ch\/shop\/produkt\/e-learning-im-selbststudium-mit-einzellektionen-ecdl-base-4-module\/\" \/>\n<meta property=\"og:site_name\" content=\"EduBox GmbH\" \/>\n<meta property=\"article:publisher\" content=\"https:\/\/www.facebook.com\/EduBox.CH\" \/>\n<meta property=\"article:modified_time\" content=\"2026-03-11T16:46:17+00:00\" \/>\n<meta property=\"og:image\" content=\"https:\/\/www.edubox.ch\/shop\/wp-content\/uploads\/shutterstock_376879774-scaled.jpg\" \/>\n\t<meta property=\"og:image:width\" content=\"2560\" \/>\n\t<meta property=\"og:image:height\" content=\"1707\" \/>\n\t<meta property=\"og:image:type\" content=\"image\/jpeg\" \/>\n<meta name=\"twitter:card\" content=\"summary_large_image\" \/>\n<meta name=\"twitter:site\" content=\"@EduBox_CH\" \/>\n<meta name=\"twitter:label1\" content=\"Gesch\u00e4tzte Lesezeit\" \/>\n\t<meta name=\"twitter:data1\" content=\"2\u00a0Minuten\" \/>\n<script type=\"application\/ld+json\" class=\"yoast-schema-graph\">{\"@context\":\"https:\/\/schema.org\",\"@graph\":[{\"@type\":\"WebPage\",\"@id\":\"https:\/\/www.edubox.ch\/shop\/produkt\/e-learning-im-selbststudium-mit-einzellektionen-ecdl-base-4-module\/\",\"url\":\"https:\/\/www.edubox.ch\/shop\/produkt\/e-learning-im-selbststudium-mit-einzellektionen-ecdl-base-4-module\/\",\"name\":\"E-Learning im Selbststudium mit Einzellektionen ICDL\/ECDL Base (4 Module) - EduBox GmbH\",\"isPartOf\":{\"@id\":\"https:\/\/www.edubox.ch\/shop\/#website\"},\"primaryImageOfPage\":{\"@id\":\"https:\/\/www.edubox.ch\/shop\/produkt\/e-learning-im-selbststudium-mit-einzellektionen-ecdl-base-4-module\/#primaryimage\"},\"image\":{\"@id\":\"https:\/\/www.edubox.ch\/shop\/produkt\/e-learning-im-selbststudium-mit-einzellektionen-ecdl-base-4-module\/#primaryimage\"},\"thumbnailUrl\":\"https:\/\/www.edubox.ch\/shop\/wp-content\/uploads\/shutterstock_376879774-scaled.jpg\",\"datePublished\":\"2020-06-15T17:15:16+00:00\",\"dateModified\":\"2026-03-11T16:46:17+00:00\",\"breadcrumb\":{\"@id\":\"https:\/\/www.edubox.ch\/shop\/produkt\/e-learning-im-selbststudium-mit-einzellektionen-ecdl-base-4-module\/#breadcrumb\"},\"inLanguage\":\"de-CH\",\"potentialAction\":[{\"@type\":\"ReadAction\",\"target\":[\"https:\/\/www.edubox.ch\/shop\/produkt\/e-learning-im-selbststudium-mit-einzellektionen-ecdl-base-4-module\/\"]}]},{\"@type\":\"ImageObject\",\"inLanguage\":\"de-CH\",\"@id\":\"https:\/\/www.edubox.ch\/shop\/produkt\/e-learning-im-selbststudium-mit-einzellektionen-ecdl-base-4-module\/#primaryimage\",\"url\":\"https:\/\/www.edubox.ch\/shop\/wp-content\/uploads\/shutterstock_376879774-scaled.jpg\",\"contentUrl\":\"https:\/\/www.edubox.ch\/shop\/wp-content\/uploads\/shutterstock_376879774-scaled.jpg\",\"width\":2560,\"height\":1707},{\"@type\":\"BreadcrumbList\",\"@id\":\"https:\/\/www.edubox.ch\/shop\/produkt\/e-learning-im-selbststudium-mit-einzellektionen-ecdl-base-4-module\/#breadcrumb\",\"itemListElement\":[{\"@type\":\"ListItem\",\"position\":1,\"name\":\"Startseite\",\"item\":\"https:\/\/www.edubox.ch\/shop\/\"},{\"@type\":\"ListItem\",\"position\":2,\"name\":\"Alle Produkte\",\"item\":\"https:\/\/www.edubox.ch\/shop\/alle-produkte\/\"},{\"@type\":\"ListItem\",\"position\":3,\"name\":\"E-Learning im Selbststudium mit Einzellektionen ICDL\/ECDL Base (4 Module)\"}]},{\"@type\":\"WebSite\",\"@id\":\"https:\/\/www.edubox.ch\/shop\/#website\",\"url\":\"https:\/\/www.edubox.ch\/shop\/\",\"name\":\"EduBox GmbH\",\"description\":\"Die erste virtuelle ICT-Schule der Schweiz!\",\"publisher\":{\"@id\":\"https:\/\/www.edubox.ch\/shop\/#organization\"},\"potentialAction\":[{\"@type\":\"SearchAction\",\"target\":{\"@type\":\"EntryPoint\",\"urlTemplate\":\"https:\/\/www.edubox.ch\/shop\/?s={search_term_string}\"},\"query-input\":{\"@type\":\"PropertyValueSpecification\",\"valueRequired\":true,\"valueName\":\"search_term_string\"}}],\"inLanguage\":\"de-CH\"},{\"@type\":\"Organization\",\"@id\":\"https:\/\/www.edubox.ch\/shop\/#organization\",\"name\":\"EduBox GmbH\",\"url\":\"https:\/\/www.edubox.ch\/shop\/\",\"logo\":{\"@type\":\"ImageObject\",\"inLanguage\":\"de-CH\",\"@id\":\"https:\/\/www.edubox.ch\/shop\/#\/schema\/logo\/image\/\",\"url\":\"https:\/\/www.edubox.ch\/shop\/wp-content\/uploads\/Logo-Laengs-ohne-Slogan-Transparent-Hoehe-1.5cm-fuer-Lehrbuch-KfK.png\",\"contentUrl\":\"https:\/\/www.edubox.ch\/shop\/wp-content\/uploads\/Logo-Laengs-ohne-Slogan-Transparent-Hoehe-1.5cm-fuer-Lehrbuch-KfK.png\",\"width\":725,\"height\":177,\"caption\":\"EduBox GmbH\"},\"image\":{\"@id\":\"https:\/\/www.edubox.ch\/shop\/#\/schema\/logo\/image\/\"},\"sameAs\":[\"https:\/\/www.facebook.com\/EduBox.CH\",\"https:\/\/x.com\/EduBox_CH\",\"https:\/\/www.linkedin.com\/company\/2981682\/admin\/dashboard\/\",\"https:\/\/www.xing.com\/pages\/eduboxgmbh\"]}]}<\/script>\n<!-- \/ Yoast SEO plugin. -->","yoast_head_json":{"title":"E-Learning im Selbststudium mit Einzellektionen ICDL\/ECDL Base (4 Module) - EduBox GmbH","robots":{"index":"index","follow":"follow","max-snippet":"max-snippet:-1","max-image-preview":"max-image-preview:large","max-video-preview":"max-video-preview:-1"},"canonical":"https:\/\/www.edubox.ch\/shop\/produkt\/e-learning-im-selbststudium-mit-einzellektionen-ecdl-base-4-module\/","og_locale":"de_DE","og_type":"article","og_title":"E-Learning im Selbststudium mit Einzellektionen ICDL\/ECDL Base (4 Module) - EduBox GmbH","og_description":"&lt;&lt; Brosch\u00fcre herunterladen &gt;&gt;  Hier lernen Sie selbst\u00e4ndig mit den e-Learning Kurse von bit media. Diese stehen f\u00fcr praxisnahen Zugang zur Thematik und nachhaltigen Lernerfolg. Die Lernprogramme nutzen dabei modernste Content Technologie um effektive und kurzweilige Lernerlebnisse zu bieten: Einfache und \u00fcbersichtliche Navigation, volle Skalierbarkeit der Lerninhalte und die Suche nach individuellen Themen.  Am Ende jedes Webkursmoduls f\u00fchren Sie zu Hause einen Probepr\u00fcfung NORMAL (ICDL Diagnosetest) zur Pr\u00fcfungsvorbereitung durch. Erg\u00e4nzend wird eine Fragestunde mit einer erfahrenen Lehrperson vor oder nach der Probepr\u00fcfung (Sie entscheiden) durchgef\u00fchrt. Danach vereinbaren Sie mit uns einen virtuellen Pr\u00fcfungstermin.  Eine hohe Selbstdisziplin ist bei dieser Art des Lernens eine wichtige Voraussetzung.  Wer sich mit einer ICDL Base Schulung auf die eidgen\u00f6ssische Pr\u00fcfung \"Hauswartinnen und Hauswarte mit eidgen\u00f6ssischem Fachausweis\" vorbereitet, wird neu vom Bund finanziell unterst\u00fctzt. Bei einer Berufspr\u00fcfung betr\u00e4gt der Bundesbeitrag 50% bis maximal 9'500 Franken. Die Regelung gilt seit dem 1. Januar 2018.","og_url":"https:\/\/www.edubox.ch\/shop\/produkt\/e-learning-im-selbststudium-mit-einzellektionen-ecdl-base-4-module\/","og_site_name":"EduBox GmbH","article_publisher":"https:\/\/www.facebook.com\/EduBox.CH","article_modified_time":"2026-03-11T16:46:17+00:00","og_image":[{"width":2560,"height":1707,"url":"https:\/\/www.edubox.ch\/shop\/wp-content\/uploads\/shutterstock_376879774-scaled.jpg","type":"image\/jpeg"}],"twitter_card":"summary_large_image","twitter_site":"@EduBox_CH","twitter_misc":{"Gesch\u00e4tzte Lesezeit":"2\u00a0Minuten"},"schema":{"@context":"https:\/\/schema.org","@graph":[{"@type":"WebPage","@id":"https:\/\/www.edubox.ch\/shop\/produkt\/e-learning-im-selbststudium-mit-einzellektionen-ecdl-base-4-module\/","url":"https:\/\/www.edubox.ch\/shop\/produkt\/e-learning-im-selbststudium-mit-einzellektionen-ecdl-base-4-module\/","name":"E-Learning im Selbststudium mit Einzellektionen ICDL\/ECDL Base (4 Module) - EduBox GmbH","isPartOf":{"@id":"https:\/\/www.edubox.ch\/shop\/#website"},"primaryImageOfPage":{"@id":"https:\/\/www.edubox.ch\/shop\/produkt\/e-learning-im-selbststudium-mit-einzellektionen-ecdl-base-4-module\/#primaryimage"},"image":{"@id":"https:\/\/www.edubox.ch\/shop\/produkt\/e-learning-im-selbststudium-mit-einzellektionen-ecdl-base-4-module\/#primaryimage"},"thumbnailUrl":"https:\/\/www.edubox.ch\/shop\/wp-content\/uploads\/shutterstock_376879774-scaled.jpg","datePublished":"2020-06-15T17:15:16+00:00","dateModified":"2026-03-11T16:46:17+00:00","breadcrumb":{"@id":"https:\/\/www.edubox.ch\/shop\/produkt\/e-learning-im-selbststudium-mit-einzellektionen-ecdl-base-4-module\/#breadcrumb"},"inLanguage":"de-CH","potentialAction":[{"@type":"ReadAction","target":["https:\/\/www.edubox.ch\/shop\/produkt\/e-learning-im-selbststudium-mit-einzellektionen-ecdl-base-4-module\/"]}]},{"@type":"ImageObject","inLanguage":"de-CH","@id":"https:\/\/www.edubox.ch\/shop\/produkt\/e-learning-im-selbststudium-mit-einzellektionen-ecdl-base-4-module\/#primaryimage","url":"https:\/\/www.edubox.ch\/shop\/wp-content\/uploads\/shutterstock_376879774-scaled.jpg","contentUrl":"https:\/\/www.edubox.ch\/shop\/wp-content\/uploads\/shutterstock_376879774-scaled.jpg","width":2560,"height":1707},{"@type":"BreadcrumbList","@id":"https:\/\/www.edubox.ch\/shop\/produkt\/e-learning-im-selbststudium-mit-einzellektionen-ecdl-base-4-module\/#breadcrumb","itemListElement":[{"@type":"ListItem","position":1,"name":"Startseite","item":"https:\/\/www.edubox.ch\/shop\/"},{"@type":"ListItem","position":2,"name":"Alle Produkte","item":"https:\/\/www.edubox.ch\/shop\/alle-produkte\/"},{"@type":"ListItem","position":3,"name":"E-Learning im Selbststudium mit Einzellektionen ICDL\/ECDL Base (4 Module)"}]},{"@type":"WebSite","@id":"https:\/\/www.edubox.ch\/shop\/#website","url":"https:\/\/www.edubox.ch\/shop\/","name":"EduBox GmbH","description":"Die erste virtuelle ICT-Schule der Schweiz!","publisher":{"@id":"https:\/\/www.edubox.ch\/shop\/#organization"},"potentialAction":[{"@type":"SearchAction","target":{"@type":"EntryPoint","urlTemplate":"https:\/\/www.edubox.ch\/shop\/?s={search_term_string}"},"query-input":{"@type":"PropertyValueSpecification","valueRequired":true,"valueName":"search_term_string"}}],"inLanguage":"de-CH"},{"@type":"Organization","@id":"https:\/\/www.edubox.ch\/shop\/#organization","name":"EduBox GmbH","url":"https:\/\/www.edubox.ch\/shop\/","logo":{"@type":"ImageObject","inLanguage":"de-CH","@id":"https:\/\/www.edubox.ch\/shop\/#\/schema\/logo\/image\/","url":"https:\/\/www.edubox.ch\/shop\/wp-content\/uploads\/Logo-Laengs-ohne-Slogan-Transparent-Hoehe-1.5cm-fuer-Lehrbuch-KfK.png","contentUrl":"https:\/\/www.edubox.ch\/shop\/wp-content\/uploads\/Logo-Laengs-ohne-Slogan-Transparent-Hoehe-1.5cm-fuer-Lehrbuch-KfK.png","width":725,"height":177,"caption":"EduBox GmbH"},"image":{"@id":"https:\/\/www.edubox.ch\/shop\/#\/schema\/logo\/image\/"},"sameAs":["https:\/\/www.facebook.com\/EduBox.CH","https:\/\/x.com\/EduBox_CH","https:\/\/www.linkedin.com\/company\/2981682\/admin\/dashboard\/","https:\/\/www.xing.com\/pages\/eduboxgmbh"]}]}},"_links":{"self":[{"href":"https:\/\/www.edubox.ch\/shop\/wp-json\/wp\/v2\/product\/2365","targetHints":{"allow":["GET"]}}],"collection":[{"href":"https:\/\/www.edubox.ch\/shop\/wp-json\/wp\/v2\/product"}],"about":[{"href":"https:\/\/www.edubox.ch\/shop\/wp-json\/wp\/v2\/types\/product"}],"replies":[{"embeddable":true,"href":"https:\/\/www.edubox.ch\/shop\/wp-json\/wp\/v2\/comments?post=2365"}],"wp:featuredmedia":[{"embeddable":true,"href":"https:\/\/www.edubox.ch\/shop\/wp-json\/wp\/v2\/media\/2382"}],"wp:attachment":[{"href":"https:\/\/www.edubox.ch\/shop\/wp-json\/wp\/v2\/media?parent=2365"}],"wp:term":[{"taxonomy":"product_brand","embeddable":true,"href":"https:\/\/www.edubox.ch\/shop\/wp-json\/wp\/v2\/product_brand?post=2365"},{"taxonomy":"product_cat","embeddable":true,"href":"https:\/\/www.edubox.ch\/shop\/wp-json\/wp\/v2\/product_cat?post=2365"},{"taxonomy":"product_tag","embeddable":true,"href":"https:\/\/www.edubox.ch\/shop\/wp-json\/wp\/v2\/product_tag?post=2365"}],"curies":[{"name":"wp","href":"https:\/\/api.w.org\/{rel}","templated":true}]}}