{"id":3542,"date":"2022-04-07T15:09:33","date_gmt":"2022-04-07T14:09:33","guid":{"rendered":"https:\/\/www.edubox.ch\/shop\/?post_type=product&#038;p=3542"},"modified":"2025-01-15T16:26:37","modified_gmt":"2025-01-15T15:26:37","slug":"ecdl-standard-syllabus","status":"publish","type":"product","link":"https:\/\/www.edubox.ch\/shop\/produkt\/ecdl-standard-syllabus\/","title":{"rendered":"ICDL\/ECDL Standard: Syllabus (Pr\u00fcfungsinhalte)"},"content":{"rendered":"<p>Das Zertifikat ICDL Standard bescheinigt, dass Sie den Computer kompetent und effizient nutzen k\u00f6nnen und umfassende praktische Fertigkeiten im Umgang mit g\u00e4ngigen Office-Programmen sowie weiteren wichtigen Anwendungen besitzen. Die ICDL Foundation hat dazu neue Module entwickelt und die Testinhalte dem neuesten Stand angepasst.<\/p>\n<p>Der vorliegende ICDL Syllabus beschreibt, \u00fcber welche Kenntnisse Sie verf\u00fcgen sollten, wenn Sie ICDL Standard Module absolvieren m\u00f6chten. Diese Brosch\u00fcre dient Ihnen auch als Checkliste, mit der Sie \u00fcberpr\u00fcfen k\u00f6nnen, welche Kenntnisse Ihnen noch fehlen. Zum Erreichen des Zertifikats ICDL Standard m\u00fcssen die vier Base Module, deren Inhalte im ICDL Base Syllabus aufgef\u00fchrt sind, plus drei Standard Module nach Ihrer Wahl erfolgreich absolviert werden.<\/p>\n<p>Computerkurse, die Ihnen die Inhalte der ICDL Module vermitteln, werden von den meisten ICDL Test Centern angeboten. Sie k\u00f6nnen die entsprechenden Pr\u00fcfungen an einem der rund 300 ICDL Test Center in der Schweiz (z. B. hier bei der www.EduZert.ch) und in Liechtenstein ablegen, unabh\u00e4ngig davon, ob Sie dort einen Kurs besucht haben.<\/p>\n","protected":false},"excerpt":{"rendered":"<p>Der ICDL Syllabus beschreibt, \u00fcber welche Kenntnisse Sie verf\u00fcgen sollten, wenn Sie die Pr\u00fcfungen der f\u00fcnf ICDL Standard Module ablegen wollen. Diese Brosch\u00fcre dient Ihnen auch als Checkliste, mit der Sie \u00fcberpr\u00fcfen k\u00f6nnen, welche Kenntnisse Ihnen noch fehlen.<\/p>\n<p>Hier kostenlos als PDF bestellen.<\/p>\n","protected":false},"featured_media":3551,"comment_status":"open","ping_status":"closed","template":"","meta":{"_lmt_disableupdate":"","_lmt_disable":""},"product_brand":[],"product_cat":[271],"product_tag":[],"class_list":{"0":"post-3542","1":"product","2":"type-product","3":"status-publish","4":"has-post-thumbnail","6":"product_cat-ecdl-syllabus","8":"first","9":"instock","10":"purchasable","11":"product-type-variable"},"yoast_head":"<!-- This site is optimized with the Yoast SEO plugin v27.2 - https:\/\/yoast.com\/product\/yoast-seo-wordpress\/ -->\n<title>ICDL\/ECDL Standard: Syllabus (Pr\u00fcfungsinhalte) - EduBox GmbH<\/title>\n<meta name=\"robots\" content=\"index, follow, max-snippet:-1, max-image-preview:large, max-video-preview:-1\" \/>\n<link rel=\"canonical\" href=\"https:\/\/www.edubox.ch\/shop\/produkt\/ecdl-standard-syllabus\/\" \/>\n<meta property=\"og:locale\" content=\"de_DE\" \/>\n<meta property=\"og:type\" content=\"article\" \/>\n<meta property=\"og:title\" content=\"ICDL\/ECDL Standard: Syllabus (Pr\u00fcfungsinhalte) - EduBox GmbH\" \/>\n<meta property=\"og:description\" content=\"Der ICDL Syllabus beschreibt, \u00fcber welche Kenntnisse Sie verf\u00fcgen sollten, wenn Sie die Pr\u00fcfungen der f\u00fcnf ICDL Standard Module ablegen wollen. Diese Brosch\u00fcre dient Ihnen auch als Checkliste, mit der Sie \u00fcberpr\u00fcfen k\u00f6nnen, welche Kenntnisse Ihnen noch fehlen.  Hier kostenlos als PDF bestellen.\" \/>\n<meta property=\"og:url\" content=\"https:\/\/www.edubox.ch\/shop\/produkt\/ecdl-standard-syllabus\/\" \/>\n<meta property=\"og:site_name\" content=\"EduBox GmbH\" \/>\n<meta property=\"article:publisher\" content=\"https:\/\/www.facebook.com\/EduBox.CH\" \/>\n<meta property=\"article:modified_time\" content=\"2025-01-15T15:26:37+00:00\" \/>\n<meta property=\"og:image\" content=\"https:\/\/www.edubox.ch\/shop\/wp-content\/uploads\/Titelbild_ECDL_Standard_Syllabus_ab_September_2021.jpg\" \/>\n\t<meta property=\"og:image:width\" content=\"636\" \/>\n\t<meta property=\"og:image:height\" content=\"906\" \/>\n\t<meta property=\"og:image:type\" content=\"image\/jpeg\" \/>\n<meta name=\"twitter:card\" content=\"summary_large_image\" \/>\n<meta name=\"twitter:site\" content=\"@EduBox_CH\" \/>\n<meta name=\"twitter:label1\" content=\"Gesch\u00e4tzte Lesezeit\" \/>\n\t<meta name=\"twitter:data1\" content=\"1\u00a0Minute\" \/>\n<script type=\"application\/ld+json\" class=\"yoast-schema-graph\">{\"@context\":\"https:\/\/schema.org\",\"@graph\":[{\"@type\":\"WebPage\",\"@id\":\"https:\/\/www.edubox.ch\/shop\/produkt\/ecdl-standard-syllabus\/\",\"url\":\"https:\/\/www.edubox.ch\/shop\/produkt\/ecdl-standard-syllabus\/\",\"name\":\"ICDL\/ECDL Standard: Syllabus (Pr\u00fcfungsinhalte) - EduBox GmbH\",\"isPartOf\":{\"@id\":\"https:\/\/www.edubox.ch\/shop\/#website\"},\"primaryImageOfPage\":{\"@id\":\"https:\/\/www.edubox.ch\/shop\/produkt\/ecdl-standard-syllabus\/#primaryimage\"},\"image\":{\"@id\":\"https:\/\/www.edubox.ch\/shop\/produkt\/ecdl-standard-syllabus\/#primaryimage\"},\"thumbnailUrl\":\"https:\/\/www.edubox.ch\/shop\/wp-content\/uploads\/Titelbild_ECDL_Standard_Syllabus_ab_September_2021.jpg\",\"datePublished\":\"2022-04-07T14:09:33+00:00\",\"dateModified\":\"2025-01-15T15:26:37+00:00\",\"breadcrumb\":{\"@id\":\"https:\/\/www.edubox.ch\/shop\/produkt\/ecdl-standard-syllabus\/#breadcrumb\"},\"inLanguage\":\"de-CH\",\"potentialAction\":[{\"@type\":\"ReadAction\",\"target\":[\"https:\/\/www.edubox.ch\/shop\/produkt\/ecdl-standard-syllabus\/\"]}]},{\"@type\":\"ImageObject\",\"inLanguage\":\"de-CH\",\"@id\":\"https:\/\/www.edubox.ch\/shop\/produkt\/ecdl-standard-syllabus\/#primaryimage\",\"url\":\"https:\/\/www.edubox.ch\/shop\/wp-content\/uploads\/Titelbild_ECDL_Standard_Syllabus_ab_September_2021.jpg\",\"contentUrl\":\"https:\/\/www.edubox.ch\/shop\/wp-content\/uploads\/Titelbild_ECDL_Standard_Syllabus_ab_September_2021.jpg\",\"width\":636,\"height\":906},{\"@type\":\"BreadcrumbList\",\"@id\":\"https:\/\/www.edubox.ch\/shop\/produkt\/ecdl-standard-syllabus\/#breadcrumb\",\"itemListElement\":[{\"@type\":\"ListItem\",\"position\":1,\"name\":\"Startseite\",\"item\":\"https:\/\/www.edubox.ch\/shop\/\"},{\"@type\":\"ListItem\",\"position\":2,\"name\":\"Alle Produkte\",\"item\":\"https:\/\/www.edubox.ch\/shop\/alle-produkte\/\"},{\"@type\":\"ListItem\",\"position\":3,\"name\":\"ICDL\/ECDL Standard: Syllabus (Pr\u00fcfungsinhalte)\"}]},{\"@type\":\"WebSite\",\"@id\":\"https:\/\/www.edubox.ch\/shop\/#website\",\"url\":\"https:\/\/www.edubox.ch\/shop\/\",\"name\":\"EduBox GmbH\",\"description\":\"Die erste virtuelle ICT-Schule der Schweiz!\",\"publisher\":{\"@id\":\"https:\/\/www.edubox.ch\/shop\/#organization\"},\"potentialAction\":[{\"@type\":\"SearchAction\",\"target\":{\"@type\":\"EntryPoint\",\"urlTemplate\":\"https:\/\/www.edubox.ch\/shop\/?s={search_term_string}\"},\"query-input\":{\"@type\":\"PropertyValueSpecification\",\"valueRequired\":true,\"valueName\":\"search_term_string\"}}],\"inLanguage\":\"de-CH\"},{\"@type\":\"Organization\",\"@id\":\"https:\/\/www.edubox.ch\/shop\/#organization\",\"name\":\"EduBox GmbH\",\"url\":\"https:\/\/www.edubox.ch\/shop\/\",\"logo\":{\"@type\":\"ImageObject\",\"inLanguage\":\"de-CH\",\"@id\":\"https:\/\/www.edubox.ch\/shop\/#\/schema\/logo\/image\/\",\"url\":\"https:\/\/www.edubox.ch\/shop\/wp-content\/uploads\/Logo-Laengs-ohne-Slogan-Transparent-Hoehe-1.5cm-fuer-Lehrbuch-KfK.png\",\"contentUrl\":\"https:\/\/www.edubox.ch\/shop\/wp-content\/uploads\/Logo-Laengs-ohne-Slogan-Transparent-Hoehe-1.5cm-fuer-Lehrbuch-KfK.png\",\"width\":725,\"height\":177,\"caption\":\"EduBox GmbH\"},\"image\":{\"@id\":\"https:\/\/www.edubox.ch\/shop\/#\/schema\/logo\/image\/\"},\"sameAs\":[\"https:\/\/www.facebook.com\/EduBox.CH\",\"https:\/\/x.com\/EduBox_CH\",\"https:\/\/www.linkedin.com\/company\/2981682\/admin\/dashboard\/\",\"https:\/\/www.xing.com\/pages\/eduboxgmbh\"]}]}<\/script>\n<!-- \/ Yoast SEO plugin. -->","yoast_head_json":{"title":"ICDL\/ECDL Standard: Syllabus (Pr\u00fcfungsinhalte) - EduBox GmbH","robots":{"index":"index","follow":"follow","max-snippet":"max-snippet:-1","max-image-preview":"max-image-preview:large","max-video-preview":"max-video-preview:-1"},"canonical":"https:\/\/www.edubox.ch\/shop\/produkt\/ecdl-standard-syllabus\/","og_locale":"de_DE","og_type":"article","og_title":"ICDL\/ECDL Standard: Syllabus (Pr\u00fcfungsinhalte) - EduBox GmbH","og_description":"Der ICDL Syllabus beschreibt, \u00fcber welche Kenntnisse Sie verf\u00fcgen sollten, wenn Sie die Pr\u00fcfungen der f\u00fcnf ICDL Standard Module ablegen wollen. Diese Brosch\u00fcre dient Ihnen auch als Checkliste, mit der Sie \u00fcberpr\u00fcfen k\u00f6nnen, welche Kenntnisse Ihnen noch fehlen.  Hier kostenlos als PDF bestellen.","og_url":"https:\/\/www.edubox.ch\/shop\/produkt\/ecdl-standard-syllabus\/","og_site_name":"EduBox GmbH","article_publisher":"https:\/\/www.facebook.com\/EduBox.CH","article_modified_time":"2025-01-15T15:26:37+00:00","og_image":[{"width":636,"height":906,"url":"https:\/\/www.edubox.ch\/shop\/wp-content\/uploads\/Titelbild_ECDL_Standard_Syllabus_ab_September_2021.jpg","type":"image\/jpeg"}],"twitter_card":"summary_large_image","twitter_site":"@EduBox_CH","twitter_misc":{"Gesch\u00e4tzte Lesezeit":"1\u00a0Minute"},"schema":{"@context":"https:\/\/schema.org","@graph":[{"@type":"WebPage","@id":"https:\/\/www.edubox.ch\/shop\/produkt\/ecdl-standard-syllabus\/","url":"https:\/\/www.edubox.ch\/shop\/produkt\/ecdl-standard-syllabus\/","name":"ICDL\/ECDL Standard: Syllabus (Pr\u00fcfungsinhalte) - EduBox GmbH","isPartOf":{"@id":"https:\/\/www.edubox.ch\/shop\/#website"},"primaryImageOfPage":{"@id":"https:\/\/www.edubox.ch\/shop\/produkt\/ecdl-standard-syllabus\/#primaryimage"},"image":{"@id":"https:\/\/www.edubox.ch\/shop\/produkt\/ecdl-standard-syllabus\/#primaryimage"},"thumbnailUrl":"https:\/\/www.edubox.ch\/shop\/wp-content\/uploads\/Titelbild_ECDL_Standard_Syllabus_ab_September_2021.jpg","datePublished":"2022-04-07T14:09:33+00:00","dateModified":"2025-01-15T15:26:37+00:00","breadcrumb":{"@id":"https:\/\/www.edubox.ch\/shop\/produkt\/ecdl-standard-syllabus\/#breadcrumb"},"inLanguage":"de-CH","potentialAction":[{"@type":"ReadAction","target":["https:\/\/www.edubox.ch\/shop\/produkt\/ecdl-standard-syllabus\/"]}]},{"@type":"ImageObject","inLanguage":"de-CH","@id":"https:\/\/www.edubox.ch\/shop\/produkt\/ecdl-standard-syllabus\/#primaryimage","url":"https:\/\/www.edubox.ch\/shop\/wp-content\/uploads\/Titelbild_ECDL_Standard_Syllabus_ab_September_2021.jpg","contentUrl":"https:\/\/www.edubox.ch\/shop\/wp-content\/uploads\/Titelbild_ECDL_Standard_Syllabus_ab_September_2021.jpg","width":636,"height":906},{"@type":"BreadcrumbList","@id":"https:\/\/www.edubox.ch\/shop\/produkt\/ecdl-standard-syllabus\/#breadcrumb","itemListElement":[{"@type":"ListItem","position":1,"name":"Startseite","item":"https:\/\/www.edubox.ch\/shop\/"},{"@type":"ListItem","position":2,"name":"Alle Produkte","item":"https:\/\/www.edubox.ch\/shop\/alle-produkte\/"},{"@type":"ListItem","position":3,"name":"ICDL\/ECDL Standard: Syllabus (Pr\u00fcfungsinhalte)"}]},{"@type":"WebSite","@id":"https:\/\/www.edubox.ch\/shop\/#website","url":"https:\/\/www.edubox.ch\/shop\/","name":"EduBox GmbH","description":"Die erste virtuelle ICT-Schule der Schweiz!","publisher":{"@id":"https:\/\/www.edubox.ch\/shop\/#organization"},"potentialAction":[{"@type":"SearchAction","target":{"@type":"EntryPoint","urlTemplate":"https:\/\/www.edubox.ch\/shop\/?s={search_term_string}"},"query-input":{"@type":"PropertyValueSpecification","valueRequired":true,"valueName":"search_term_string"}}],"inLanguage":"de-CH"},{"@type":"Organization","@id":"https:\/\/www.edubox.ch\/shop\/#organization","name":"EduBox GmbH","url":"https:\/\/www.edubox.ch\/shop\/","logo":{"@type":"ImageObject","inLanguage":"de-CH","@id":"https:\/\/www.edubox.ch\/shop\/#\/schema\/logo\/image\/","url":"https:\/\/www.edubox.ch\/shop\/wp-content\/uploads\/Logo-Laengs-ohne-Slogan-Transparent-Hoehe-1.5cm-fuer-Lehrbuch-KfK.png","contentUrl":"https:\/\/www.edubox.ch\/shop\/wp-content\/uploads\/Logo-Laengs-ohne-Slogan-Transparent-Hoehe-1.5cm-fuer-Lehrbuch-KfK.png","width":725,"height":177,"caption":"EduBox GmbH"},"image":{"@id":"https:\/\/www.edubox.ch\/shop\/#\/schema\/logo\/image\/"},"sameAs":["https:\/\/www.facebook.com\/EduBox.CH","https:\/\/x.com\/EduBox_CH","https:\/\/www.linkedin.com\/company\/2981682\/admin\/dashboard\/","https:\/\/www.xing.com\/pages\/eduboxgmbh"]}]}},"_links":{"self":[{"href":"https:\/\/www.edubox.ch\/shop\/wp-json\/wp\/v2\/product\/3542","targetHints":{"allow":["GET"]}}],"collection":[{"href":"https:\/\/www.edubox.ch\/shop\/wp-json\/wp\/v2\/product"}],"about":[{"href":"https:\/\/www.edubox.ch\/shop\/wp-json\/wp\/v2\/types\/product"}],"replies":[{"embeddable":true,"href":"https:\/\/www.edubox.ch\/shop\/wp-json\/wp\/v2\/comments?post=3542"}],"wp:featuredmedia":[{"embeddable":true,"href":"https:\/\/www.edubox.ch\/shop\/wp-json\/wp\/v2\/media\/3551"}],"wp:attachment":[{"href":"https:\/\/www.edubox.ch\/shop\/wp-json\/wp\/v2\/media?parent=3542"}],"wp:term":[{"taxonomy":"product_brand","embeddable":true,"href":"https:\/\/www.edubox.ch\/shop\/wp-json\/wp\/v2\/product_brand?post=3542"},{"taxonomy":"product_cat","embeddable":true,"href":"https:\/\/www.edubox.ch\/shop\/wp-json\/wp\/v2\/product_cat?post=3542"},{"taxonomy":"product_tag","embeddable":true,"href":"https:\/\/www.edubox.ch\/shop\/wp-json\/wp\/v2\/product_tag?post=3542"}],"curies":[{"name":"wp","href":"https:\/\/api.w.org\/{rel}","templated":true}]}}