{"id":3741,"date":"2022-06-17T13:34:49","date_gmt":"2022-06-17T12:34:49","guid":{"rendered":"https:\/\/www.edubox.ch\/shop\/produkt\/import-placeholder-for-595\/"},"modified":"2026-03-11T17:39:52","modified_gmt":"2026-03-11T16:39:52","slug":"e-learning-normal-tabellenkalkulation-excel-365","status":"publish","type":"product","link":"https:\/\/www.edubox.ch\/shop\/produkt\/e-learning-normal-tabellenkalkulation-excel-365\/","title":{"rendered":"E-Learning NORMAL: Tabellenkalkulation (Excel 365)"},"content":{"rendered":"","protected":false},"excerpt":{"rendered":"<p>Erlernen Sie die <strong>ICDL Pr\u00fcfungsinhalte des ICDL Base Moduls Tabellenkalkulation (Excel 365)<\/strong>, um sich so mit einem Selbstlernkurs perfekt auf die Zertifikatspr\u00fcfung vorzubereiten.<\/p>\n<p>Diese Selbstlernkurse stehen f\u00fcr praxisnahen Zugang zur Thematik und nachhaltigen Lernerfolg. Sie nutzen moderne Technologien, um Ihnen effektive und kurzweilige Lernerlebnisse zu bieten. Einfache und \u00fcbersichtliche Navigation, volle Skalierbarkeit der Lerninhalte, Ber\u00fccksichtigung von Vorkenntnissen durch Lernpfade und die M\u00f6glichkeit der Suche nach individuellen Themen sind uns besonders wichtig. Einzelne Lerneinheiten basieren auf hochwertigen multimedialen Lernsequenzen, welche die Anwendungsprogramme zu 100 Prozent simulieren. Diese bestechen durch ausgereifte Didaktik und methodische Vielfalt.<\/p>\n<p>Dieses Lernprogramm wurden mehrfach ausgezeichnet und sind in der Schweiz und dem F\u00fcrstentum Liechtenstein zur Vorbereitung auf ICDL Zertifikate anerkannt. Alle e-Learning Kurse basieren dabei auf dem aktuellsten ICDL-Syllabus.<\/p>\n","protected":false},"featured_media":3773,"comment_status":"open","ping_status":"closed","template":"","meta":{"_lmt_disableupdate":"no","_lmt_disable":""},"product_brand":[],"product_cat":[467,569],"product_tag":[540,562,563,11,44,624,564,41],"class_list":{"0":"post-3741","1":"product","2":"type-product","3":"status-publish","4":"has-post-thumbnail","6":"product_cat-e-learning","7":"product_cat-e-learning-ecdl-im-abo","8":"product_tag-base-modul","9":"product_tag-e-learning","10":"product_tag-e-learning-normal","11":"product_tag-ecdl","12":"product_tag-excel","13":"product_tag-icdl","14":"product_tag-selbstlernkurs","15":"product_tag-tabellenkalkulation","17":"first","18":"instock","19":"sale","20":"taxable","21":"shipping-taxable","22":"purchasable","23":"product-type-variable"},"yoast_head":"<!-- This site is optimized with the Yoast SEO plugin v27.2 - https:\/\/yoast.com\/product\/yoast-seo-wordpress\/ -->\n<title>E-Learning NORMAL: Tabellenkalkulation (Excel 365) - EduBox GmbH<\/title>\n<meta name=\"robots\" content=\"index, follow, max-snippet:-1, max-image-preview:large, max-video-preview:-1\" \/>\n<link rel=\"canonical\" href=\"https:\/\/www.edubox.ch\/shop\/produkt\/e-learning-normal-tabellenkalkulation-excel-365\/\" \/>\n<meta property=\"og:locale\" content=\"de_DE\" \/>\n<meta property=\"og:type\" content=\"article\" \/>\n<meta property=\"og:title\" content=\"E-Learning NORMAL: Tabellenkalkulation (Excel 365) - EduBox GmbH\" \/>\n<meta property=\"og:description\" content=\"Erlernen Sie die ICDL Pr\u00fcfungsinhalte des ICDL Base Moduls Tabellenkalkulation (Excel 365), um sich so mit einem Selbstlernkurs perfekt auf die Zertifikatspr\u00fcfung vorzubereiten.  Diese Selbstlernkurse stehen f\u00fcr praxisnahen Zugang zur Thematik und nachhaltigen Lernerfolg. Sie nutzen moderne Technologien, um Ihnen effektive und kurzweilige Lernerlebnisse zu bieten. Einfache und \u00fcbersichtliche Navigation, volle Skalierbarkeit der Lerninhalte, Ber\u00fccksichtigung von Vorkenntnissen durch Lernpfade und die M\u00f6glichkeit der Suche nach individuellen Themen sind uns besonders wichtig. Einzelne Lerneinheiten basieren auf hochwertigen multimedialen Lernsequenzen, welche die Anwendungsprogramme zu 100 Prozent simulieren. Diese bestechen durch ausgereifte Didaktik und methodische Vielfalt.  Dieses Lernprogramm wurden mehrfach ausgezeichnet und sind in der Schweiz und dem F\u00fcrstentum Liechtenstein zur Vorbereitung auf ICDL Zertifikate anerkannt. Alle e-Learning Kurse basieren dabei auf dem aktuellsten ICDL-Syllabus.\" \/>\n<meta property=\"og:url\" content=\"https:\/\/www.edubox.ch\/shop\/produkt\/e-learning-normal-tabellenkalkulation-excel-365\/\" \/>\n<meta property=\"og:site_name\" content=\"EduBox GmbH\" \/>\n<meta property=\"article:publisher\" content=\"https:\/\/www.facebook.com\/EduBox.CH\" \/>\n<meta property=\"article:modified_time\" content=\"2026-03-11T16:39:52+00:00\" \/>\n<meta property=\"og:image\" content=\"https:\/\/www.edubox.ch\/shop\/wp-content\/uploads\/Excel-Base-eduzert.png\" \/>\n\t<meta property=\"og:image:width\" content=\"1000\" \/>\n\t<meta property=\"og:image:height\" content=\"1000\" \/>\n\t<meta property=\"og:image:type\" content=\"image\/png\" \/>\n<meta name=\"twitter:card\" content=\"summary_large_image\" \/>\n<meta name=\"twitter:site\" content=\"@EduBox_CH\" \/>\n<meta name=\"twitter:label1\" content=\"Gesch\u00e4tzte Lesezeit\" \/>\n\t<meta name=\"twitter:data1\" content=\"1\u00a0Minute\" \/>\n<script type=\"application\/ld+json\" class=\"yoast-schema-graph\">{\"@context\":\"https:\/\/schema.org\",\"@graph\":[{\"@type\":\"WebPage\",\"@id\":\"https:\/\/www.edubox.ch\/shop\/produkt\/e-learning-normal-tabellenkalkulation-excel-365\/\",\"url\":\"https:\/\/www.edubox.ch\/shop\/produkt\/e-learning-normal-tabellenkalkulation-excel-365\/\",\"name\":\"E-Learning NORMAL: Tabellenkalkulation (Excel 365) - EduBox GmbH\",\"isPartOf\":{\"@id\":\"https:\/\/www.edubox.ch\/shop\/#website\"},\"primaryImageOfPage\":{\"@id\":\"https:\/\/www.edubox.ch\/shop\/produkt\/e-learning-normal-tabellenkalkulation-excel-365\/#primaryimage\"},\"image\":{\"@id\":\"https:\/\/www.edubox.ch\/shop\/produkt\/e-learning-normal-tabellenkalkulation-excel-365\/#primaryimage\"},\"thumbnailUrl\":\"https:\/\/www.edubox.ch\/shop\/wp-content\/uploads\/Excel-Base-eduzert.png\",\"datePublished\":\"2022-06-17T12:34:49+00:00\",\"dateModified\":\"2026-03-11T16:39:52+00:00\",\"breadcrumb\":{\"@id\":\"https:\/\/www.edubox.ch\/shop\/produkt\/e-learning-normal-tabellenkalkulation-excel-365\/#breadcrumb\"},\"inLanguage\":\"de-CH\",\"potentialAction\":[{\"@type\":\"ReadAction\",\"target\":[\"https:\/\/www.edubox.ch\/shop\/produkt\/e-learning-normal-tabellenkalkulation-excel-365\/\"]}]},{\"@type\":\"ImageObject\",\"inLanguage\":\"de-CH\",\"@id\":\"https:\/\/www.edubox.ch\/shop\/produkt\/e-learning-normal-tabellenkalkulation-excel-365\/#primaryimage\",\"url\":\"https:\/\/www.edubox.ch\/shop\/wp-content\/uploads\/Excel-Base-eduzert.png\",\"contentUrl\":\"https:\/\/www.edubox.ch\/shop\/wp-content\/uploads\/Excel-Base-eduzert.png\",\"width\":1000,\"height\":1000},{\"@type\":\"BreadcrumbList\",\"@id\":\"https:\/\/www.edubox.ch\/shop\/produkt\/e-learning-normal-tabellenkalkulation-excel-365\/#breadcrumb\",\"itemListElement\":[{\"@type\":\"ListItem\",\"position\":1,\"name\":\"Startseite\",\"item\":\"https:\/\/www.edubox.ch\/shop\/\"},{\"@type\":\"ListItem\",\"position\":2,\"name\":\"Alle Produkte\",\"item\":\"https:\/\/www.edubox.ch\/shop\/alle-produkte\/\"},{\"@type\":\"ListItem\",\"position\":3,\"name\":\"E-Learning NORMAL: Tabellenkalkulation (Excel 365)\"}]},{\"@type\":\"WebSite\",\"@id\":\"https:\/\/www.edubox.ch\/shop\/#website\",\"url\":\"https:\/\/www.edubox.ch\/shop\/\",\"name\":\"EduBox GmbH\",\"description\":\"Die erste virtuelle ICT-Schule der Schweiz!\",\"publisher\":{\"@id\":\"https:\/\/www.edubox.ch\/shop\/#organization\"},\"potentialAction\":[{\"@type\":\"SearchAction\",\"target\":{\"@type\":\"EntryPoint\",\"urlTemplate\":\"https:\/\/www.edubox.ch\/shop\/?s={search_term_string}\"},\"query-input\":{\"@type\":\"PropertyValueSpecification\",\"valueRequired\":true,\"valueName\":\"search_term_string\"}}],\"inLanguage\":\"de-CH\"},{\"@type\":\"Organization\",\"@id\":\"https:\/\/www.edubox.ch\/shop\/#organization\",\"name\":\"EduBox GmbH\",\"url\":\"https:\/\/www.edubox.ch\/shop\/\",\"logo\":{\"@type\":\"ImageObject\",\"inLanguage\":\"de-CH\",\"@id\":\"https:\/\/www.edubox.ch\/shop\/#\/schema\/logo\/image\/\",\"url\":\"https:\/\/www.edubox.ch\/shop\/wp-content\/uploads\/Logo-Laengs-ohne-Slogan-Transparent-Hoehe-1.5cm-fuer-Lehrbuch-KfK.png\",\"contentUrl\":\"https:\/\/www.edubox.ch\/shop\/wp-content\/uploads\/Logo-Laengs-ohne-Slogan-Transparent-Hoehe-1.5cm-fuer-Lehrbuch-KfK.png\",\"width\":725,\"height\":177,\"caption\":\"EduBox GmbH\"},\"image\":{\"@id\":\"https:\/\/www.edubox.ch\/shop\/#\/schema\/logo\/image\/\"},\"sameAs\":[\"https:\/\/www.facebook.com\/EduBox.CH\",\"https:\/\/x.com\/EduBox_CH\",\"https:\/\/www.linkedin.com\/company\/2981682\/admin\/dashboard\/\",\"https:\/\/www.xing.com\/pages\/eduboxgmbh\"]}]}<\/script>\n<!-- \/ Yoast SEO plugin. -->","yoast_head_json":{"title":"E-Learning NORMAL: Tabellenkalkulation (Excel 365) - EduBox GmbH","robots":{"index":"index","follow":"follow","max-snippet":"max-snippet:-1","max-image-preview":"max-image-preview:large","max-video-preview":"max-video-preview:-1"},"canonical":"https:\/\/www.edubox.ch\/shop\/produkt\/e-learning-normal-tabellenkalkulation-excel-365\/","og_locale":"de_DE","og_type":"article","og_title":"E-Learning NORMAL: Tabellenkalkulation (Excel 365) - EduBox GmbH","og_description":"Erlernen Sie die ICDL Pr\u00fcfungsinhalte des ICDL Base Moduls Tabellenkalkulation (Excel 365), um sich so mit einem Selbstlernkurs perfekt auf die Zertifikatspr\u00fcfung vorzubereiten.  Diese Selbstlernkurse stehen f\u00fcr praxisnahen Zugang zur Thematik und nachhaltigen Lernerfolg. Sie nutzen moderne Technologien, um Ihnen effektive und kurzweilige Lernerlebnisse zu bieten. Einfache und \u00fcbersichtliche Navigation, volle Skalierbarkeit der Lerninhalte, Ber\u00fccksichtigung von Vorkenntnissen durch Lernpfade und die M\u00f6glichkeit der Suche nach individuellen Themen sind uns besonders wichtig. Einzelne Lerneinheiten basieren auf hochwertigen multimedialen Lernsequenzen, welche die Anwendungsprogramme zu 100 Prozent simulieren. Diese bestechen durch ausgereifte Didaktik und methodische Vielfalt.  Dieses Lernprogramm wurden mehrfach ausgezeichnet und sind in der Schweiz und dem F\u00fcrstentum Liechtenstein zur Vorbereitung auf ICDL Zertifikate anerkannt. Alle e-Learning Kurse basieren dabei auf dem aktuellsten ICDL-Syllabus.","og_url":"https:\/\/www.edubox.ch\/shop\/produkt\/e-learning-normal-tabellenkalkulation-excel-365\/","og_site_name":"EduBox GmbH","article_publisher":"https:\/\/www.facebook.com\/EduBox.CH","article_modified_time":"2026-03-11T16:39:52+00:00","og_image":[{"width":1000,"height":1000,"url":"https:\/\/www.edubox.ch\/shop\/wp-content\/uploads\/Excel-Base-eduzert.png","type":"image\/png"}],"twitter_card":"summary_large_image","twitter_site":"@EduBox_CH","twitter_misc":{"Gesch\u00e4tzte Lesezeit":"1\u00a0Minute"},"schema":{"@context":"https:\/\/schema.org","@graph":[{"@type":"WebPage","@id":"https:\/\/www.edubox.ch\/shop\/produkt\/e-learning-normal-tabellenkalkulation-excel-365\/","url":"https:\/\/www.edubox.ch\/shop\/produkt\/e-learning-normal-tabellenkalkulation-excel-365\/","name":"E-Learning NORMAL: Tabellenkalkulation (Excel 365) - EduBox GmbH","isPartOf":{"@id":"https:\/\/www.edubox.ch\/shop\/#website"},"primaryImageOfPage":{"@id":"https:\/\/www.edubox.ch\/shop\/produkt\/e-learning-normal-tabellenkalkulation-excel-365\/#primaryimage"},"image":{"@id":"https:\/\/www.edubox.ch\/shop\/produkt\/e-learning-normal-tabellenkalkulation-excel-365\/#primaryimage"},"thumbnailUrl":"https:\/\/www.edubox.ch\/shop\/wp-content\/uploads\/Excel-Base-eduzert.png","datePublished":"2022-06-17T12:34:49+00:00","dateModified":"2026-03-11T16:39:52+00:00","breadcrumb":{"@id":"https:\/\/www.edubox.ch\/shop\/produkt\/e-learning-normal-tabellenkalkulation-excel-365\/#breadcrumb"},"inLanguage":"de-CH","potentialAction":[{"@type":"ReadAction","target":["https:\/\/www.edubox.ch\/shop\/produkt\/e-learning-normal-tabellenkalkulation-excel-365\/"]}]},{"@type":"ImageObject","inLanguage":"de-CH","@id":"https:\/\/www.edubox.ch\/shop\/produkt\/e-learning-normal-tabellenkalkulation-excel-365\/#primaryimage","url":"https:\/\/www.edubox.ch\/shop\/wp-content\/uploads\/Excel-Base-eduzert.png","contentUrl":"https:\/\/www.edubox.ch\/shop\/wp-content\/uploads\/Excel-Base-eduzert.png","width":1000,"height":1000},{"@type":"BreadcrumbList","@id":"https:\/\/www.edubox.ch\/shop\/produkt\/e-learning-normal-tabellenkalkulation-excel-365\/#breadcrumb","itemListElement":[{"@type":"ListItem","position":1,"name":"Startseite","item":"https:\/\/www.edubox.ch\/shop\/"},{"@type":"ListItem","position":2,"name":"Alle Produkte","item":"https:\/\/www.edubox.ch\/shop\/alle-produkte\/"},{"@type":"ListItem","position":3,"name":"E-Learning NORMAL: Tabellenkalkulation (Excel 365)"}]},{"@type":"WebSite","@id":"https:\/\/www.edubox.ch\/shop\/#website","url":"https:\/\/www.edubox.ch\/shop\/","name":"EduBox GmbH","description":"Die erste virtuelle ICT-Schule der Schweiz!","publisher":{"@id":"https:\/\/www.edubox.ch\/shop\/#organization"},"potentialAction":[{"@type":"SearchAction","target":{"@type":"EntryPoint","urlTemplate":"https:\/\/www.edubox.ch\/shop\/?s={search_term_string}"},"query-input":{"@type":"PropertyValueSpecification","valueRequired":true,"valueName":"search_term_string"}}],"inLanguage":"de-CH"},{"@type":"Organization","@id":"https:\/\/www.edubox.ch\/shop\/#organization","name":"EduBox GmbH","url":"https:\/\/www.edubox.ch\/shop\/","logo":{"@type":"ImageObject","inLanguage":"de-CH","@id":"https:\/\/www.edubox.ch\/shop\/#\/schema\/logo\/image\/","url":"https:\/\/www.edubox.ch\/shop\/wp-content\/uploads\/Logo-Laengs-ohne-Slogan-Transparent-Hoehe-1.5cm-fuer-Lehrbuch-KfK.png","contentUrl":"https:\/\/www.edubox.ch\/shop\/wp-content\/uploads\/Logo-Laengs-ohne-Slogan-Transparent-Hoehe-1.5cm-fuer-Lehrbuch-KfK.png","width":725,"height":177,"caption":"EduBox GmbH"},"image":{"@id":"https:\/\/www.edubox.ch\/shop\/#\/schema\/logo\/image\/"},"sameAs":["https:\/\/www.facebook.com\/EduBox.CH","https:\/\/x.com\/EduBox_CH","https:\/\/www.linkedin.com\/company\/2981682\/admin\/dashboard\/","https:\/\/www.xing.com\/pages\/eduboxgmbh"]}]}},"_links":{"self":[{"href":"https:\/\/www.edubox.ch\/shop\/wp-json\/wp\/v2\/product\/3741","targetHints":{"allow":["GET"]}}],"collection":[{"href":"https:\/\/www.edubox.ch\/shop\/wp-json\/wp\/v2\/product"}],"about":[{"href":"https:\/\/www.edubox.ch\/shop\/wp-json\/wp\/v2\/types\/product"}],"replies":[{"embeddable":true,"href":"https:\/\/www.edubox.ch\/shop\/wp-json\/wp\/v2\/comments?post=3741"}],"wp:featuredmedia":[{"embeddable":true,"href":"https:\/\/www.edubox.ch\/shop\/wp-json\/wp\/v2\/media\/3773"}],"wp:attachment":[{"href":"https:\/\/www.edubox.ch\/shop\/wp-json\/wp\/v2\/media?parent=3741"}],"wp:term":[{"taxonomy":"product_brand","embeddable":true,"href":"https:\/\/www.edubox.ch\/shop\/wp-json\/wp\/v2\/product_brand?post=3741"},{"taxonomy":"product_cat","embeddable":true,"href":"https:\/\/www.edubox.ch\/shop\/wp-json\/wp\/v2\/product_cat?post=3741"},{"taxonomy":"product_tag","embeddable":true,"href":"https:\/\/www.edubox.ch\/shop\/wp-json\/wp\/v2\/product_tag?post=3741"}],"curies":[{"name":"wp","href":"https:\/\/api.w.org\/{rel}","templated":true}]}}