{"id":3790,"date":"2022-06-17T13:35:11","date_gmt":"2022-06-17T12:35:11","guid":{"rendered":"https:\/\/www.edubox.ch\/shop\/produkt\/import-placeholder-for-536\/"},"modified":"2026-03-11T17:38:27","modified_gmt":"2026-03-11T16:38:27","slug":"e-learning-premium-5-module","status":"publish","type":"product","link":"https:\/\/www.edubox.ch\/shop\/produkt\/e-learning-premium-5-module\/","title":{"rendered":"E-Learning PREMIUM (5 Module)"},"content":{"rendered":"<p>Diese Selbstlernkurse stehen f\u00fcr praxisnahen Zugang zur Thematik und nachhaltigen Lernerfolg. Sie nutzen moderne Technologien, um Ihnen effektive und kurzweilige Lernerlebnisse zu bieten. Einfache und \u00fcbersichtliche Navigation, volle Skalierbarkeit der Lerninhalte, Ber\u00fccksichtigung von Vorkenntnissen durch Lernpfade und die M\u00f6glichkeit der Suche nachindividuellen Themen sind uns besonders wichtig. Einzelne Lerneinheiten basieren auf hochwertigen multimedialen Lernsequenzen, welche die Anwendungsprogramme zu 100 Prozent simulieren. Diese bestechen durch ausgereifte Didaktik und methodische Vielfalt.<\/p>\n<p>Dieses Lernprogramm wurden mehrfach ausgezeichnet und sind in der Schweiz und dem F\u00fcrstentum Liechtenstein zur Vorbereitung auf ICDL Zertifikate anerkannt. Alle e-Learning Kurse basieren dabei auf dem aktuellsten ICDL-Syllabus.<\/p>\n","protected":false},"excerpt":{"rendered":"<p>Erlernen Sie die ICDL Pr\u00fcfungsinhalte der wichtigsten f\u00fcnf ICDL Module, um sich so mit Selbstlernkursen perfekt auf die Zertifikatspr\u00fcfungen vorzubereiten:<\/p>\n<p>ICDL Base Module:<\/p>\n<ul>\n<li>Computer-Grundlagen<\/li>\n<li>Online-Grundlagen (Outlook und Microsoft EDGE)<\/li>\n<li>Textverarbeitung (Word)<\/li>\n<li>Tabellenkalkulation (Excel)<\/li>\n<\/ul>\n<p>ICDL Standard Modul:<\/p>\n<ul>\n<li>Pr\u00e4sentation (PowerPoint)<\/li>\n<\/ul>\n","protected":false},"featured_media":3803,"comment_status":"open","ping_status":"closed","template":"","meta":{"_lmt_disableupdate":"no","_lmt_disable":""},"product_brand":[],"product_cat":[467,569,269],"product_tag":[562,565,11,624,564],"class_list":{"0":"post-3790","1":"product","2":"type-product","3":"status-publish","4":"has-post-thumbnail","6":"product_cat-e-learning","7":"product_cat-e-learning-ecdl-im-abo","8":"product_cat-packages","9":"product_tag-e-learning","10":"product_tag-e-learning-premium","11":"product_tag-ecdl","12":"product_tag-icdl","13":"product_tag-selbstlernkurs","15":"first","16":"instock","17":"sale","18":"taxable","19":"shipping-taxable","20":"purchasable","21":"product-type-variable"},"yoast_head":"<!-- This site is optimized with the Yoast SEO plugin v27.2 - https:\/\/yoast.com\/product\/yoast-seo-wordpress\/ -->\n<title>E-Learning PREMIUM (5 Module) - EduBox GmbH<\/title>\n<meta name=\"robots\" content=\"index, follow, max-snippet:-1, max-image-preview:large, max-video-preview:-1\" \/>\n<link rel=\"canonical\" href=\"https:\/\/www.edubox.ch\/shop\/produkt\/e-learning-premium-5-module\/\" \/>\n<meta property=\"og:locale\" content=\"de_DE\" \/>\n<meta property=\"og:type\" content=\"article\" \/>\n<meta property=\"og:title\" content=\"E-Learning PREMIUM (5 Module) - EduBox GmbH\" \/>\n<meta property=\"og:description\" content=\"Erlernen Sie die ICDL Pr\u00fcfungsinhalte der wichtigsten f\u00fcnf ICDL Module, um sich so mit Selbstlernkursen perfekt auf die Zertifikatspr\u00fcfungen vorzubereiten:  ICDL Base Module:   Computer-Grundlagen  Online-Grundlagen (Outlook und Microsoft EDGE)  Textverarbeitung (Word)  Tabellenkalkulation (Excel)  ICDL Standard Modul:   Pr\u00e4sentation (PowerPoint)\" \/>\n<meta property=\"og:url\" content=\"https:\/\/www.edubox.ch\/shop\/produkt\/e-learning-premium-5-module\/\" \/>\n<meta property=\"og:site_name\" content=\"EduBox GmbH\" \/>\n<meta property=\"article:publisher\" content=\"https:\/\/www.facebook.com\/EduBox.CH\" \/>\n<meta property=\"article:modified_time\" content=\"2026-03-11T16:38:27+00:00\" \/>\n<meta property=\"og:image\" content=\"https:\/\/www.edubox.ch\/shop\/wp-content\/uploads\/E-Learning-PREMIUM-eduzert.png\" \/>\n\t<meta property=\"og:image:width\" content=\"1000\" \/>\n\t<meta property=\"og:image:height\" content=\"1000\" \/>\n\t<meta property=\"og:image:type\" content=\"image\/png\" \/>\n<meta name=\"twitter:card\" content=\"summary_large_image\" \/>\n<meta name=\"twitter:site\" content=\"@EduBox_CH\" \/>\n<meta name=\"twitter:label1\" content=\"Gesch\u00e4tzte Lesezeit\" \/>\n\t<meta name=\"twitter:data1\" content=\"1\u00a0Minute\" \/>\n<script type=\"application\/ld+json\" class=\"yoast-schema-graph\">{\"@context\":\"https:\/\/schema.org\",\"@graph\":[{\"@type\":\"WebPage\",\"@id\":\"https:\/\/www.edubox.ch\/shop\/produkt\/e-learning-premium-5-module\/\",\"url\":\"https:\/\/www.edubox.ch\/shop\/produkt\/e-learning-premium-5-module\/\",\"name\":\"E-Learning PREMIUM (5 Module) - EduBox GmbH\",\"isPartOf\":{\"@id\":\"https:\/\/www.edubox.ch\/shop\/#website\"},\"primaryImageOfPage\":{\"@id\":\"https:\/\/www.edubox.ch\/shop\/produkt\/e-learning-premium-5-module\/#primaryimage\"},\"image\":{\"@id\":\"https:\/\/www.edubox.ch\/shop\/produkt\/e-learning-premium-5-module\/#primaryimage\"},\"thumbnailUrl\":\"https:\/\/www.edubox.ch\/shop\/wp-content\/uploads\/E-Learning-PREMIUM-eduzert.png\",\"datePublished\":\"2022-06-17T12:35:11+00:00\",\"dateModified\":\"2026-03-11T16:38:27+00:00\",\"breadcrumb\":{\"@id\":\"https:\/\/www.edubox.ch\/shop\/produkt\/e-learning-premium-5-module\/#breadcrumb\"},\"inLanguage\":\"de-CH\",\"potentialAction\":[{\"@type\":\"ReadAction\",\"target\":[\"https:\/\/www.edubox.ch\/shop\/produkt\/e-learning-premium-5-module\/\"]}]},{\"@type\":\"ImageObject\",\"inLanguage\":\"de-CH\",\"@id\":\"https:\/\/www.edubox.ch\/shop\/produkt\/e-learning-premium-5-module\/#primaryimage\",\"url\":\"https:\/\/www.edubox.ch\/shop\/wp-content\/uploads\/E-Learning-PREMIUM-eduzert.png\",\"contentUrl\":\"https:\/\/www.edubox.ch\/shop\/wp-content\/uploads\/E-Learning-PREMIUM-eduzert.png\",\"width\":1000,\"height\":1000},{\"@type\":\"BreadcrumbList\",\"@id\":\"https:\/\/www.edubox.ch\/shop\/produkt\/e-learning-premium-5-module\/#breadcrumb\",\"itemListElement\":[{\"@type\":\"ListItem\",\"position\":1,\"name\":\"Startseite\",\"item\":\"https:\/\/www.edubox.ch\/shop\/\"},{\"@type\":\"ListItem\",\"position\":2,\"name\":\"Alle Produkte\",\"item\":\"https:\/\/www.edubox.ch\/shop\/alle-produkte\/\"},{\"@type\":\"ListItem\",\"position\":3,\"name\":\"E-Learning PREMIUM (5 Module)\"}]},{\"@type\":\"WebSite\",\"@id\":\"https:\/\/www.edubox.ch\/shop\/#website\",\"url\":\"https:\/\/www.edubox.ch\/shop\/\",\"name\":\"EduBox GmbH\",\"description\":\"Die erste virtuelle ICT-Schule der Schweiz!\",\"publisher\":{\"@id\":\"https:\/\/www.edubox.ch\/shop\/#organization\"},\"potentialAction\":[{\"@type\":\"SearchAction\",\"target\":{\"@type\":\"EntryPoint\",\"urlTemplate\":\"https:\/\/www.edubox.ch\/shop\/?s={search_term_string}\"},\"query-input\":{\"@type\":\"PropertyValueSpecification\",\"valueRequired\":true,\"valueName\":\"search_term_string\"}}],\"inLanguage\":\"de-CH\"},{\"@type\":\"Organization\",\"@id\":\"https:\/\/www.edubox.ch\/shop\/#organization\",\"name\":\"EduBox GmbH\",\"url\":\"https:\/\/www.edubox.ch\/shop\/\",\"logo\":{\"@type\":\"ImageObject\",\"inLanguage\":\"de-CH\",\"@id\":\"https:\/\/www.edubox.ch\/shop\/#\/schema\/logo\/image\/\",\"url\":\"https:\/\/www.edubox.ch\/shop\/wp-content\/uploads\/Logo-Laengs-ohne-Slogan-Transparent-Hoehe-1.5cm-fuer-Lehrbuch-KfK.png\",\"contentUrl\":\"https:\/\/www.edubox.ch\/shop\/wp-content\/uploads\/Logo-Laengs-ohne-Slogan-Transparent-Hoehe-1.5cm-fuer-Lehrbuch-KfK.png\",\"width\":725,\"height\":177,\"caption\":\"EduBox GmbH\"},\"image\":{\"@id\":\"https:\/\/www.edubox.ch\/shop\/#\/schema\/logo\/image\/\"},\"sameAs\":[\"https:\/\/www.facebook.com\/EduBox.CH\",\"https:\/\/x.com\/EduBox_CH\",\"https:\/\/www.linkedin.com\/company\/2981682\/admin\/dashboard\/\",\"https:\/\/www.xing.com\/pages\/eduboxgmbh\"]}]}<\/script>\n<!-- \/ Yoast SEO plugin. -->","yoast_head_json":{"title":"E-Learning PREMIUM (5 Module) - EduBox GmbH","robots":{"index":"index","follow":"follow","max-snippet":"max-snippet:-1","max-image-preview":"max-image-preview:large","max-video-preview":"max-video-preview:-1"},"canonical":"https:\/\/www.edubox.ch\/shop\/produkt\/e-learning-premium-5-module\/","og_locale":"de_DE","og_type":"article","og_title":"E-Learning PREMIUM (5 Module) - EduBox GmbH","og_description":"Erlernen Sie die ICDL Pr\u00fcfungsinhalte der wichtigsten f\u00fcnf ICDL Module, um sich so mit Selbstlernkursen perfekt auf die Zertifikatspr\u00fcfungen vorzubereiten:  ICDL Base Module:   Computer-Grundlagen  Online-Grundlagen (Outlook und Microsoft EDGE)  Textverarbeitung (Word)  Tabellenkalkulation (Excel)  ICDL Standard Modul:   Pr\u00e4sentation (PowerPoint)","og_url":"https:\/\/www.edubox.ch\/shop\/produkt\/e-learning-premium-5-module\/","og_site_name":"EduBox GmbH","article_publisher":"https:\/\/www.facebook.com\/EduBox.CH","article_modified_time":"2026-03-11T16:38:27+00:00","og_image":[{"width":1000,"height":1000,"url":"https:\/\/www.edubox.ch\/shop\/wp-content\/uploads\/E-Learning-PREMIUM-eduzert.png","type":"image\/png"}],"twitter_card":"summary_large_image","twitter_site":"@EduBox_CH","twitter_misc":{"Gesch\u00e4tzte Lesezeit":"1\u00a0Minute"},"schema":{"@context":"https:\/\/schema.org","@graph":[{"@type":"WebPage","@id":"https:\/\/www.edubox.ch\/shop\/produkt\/e-learning-premium-5-module\/","url":"https:\/\/www.edubox.ch\/shop\/produkt\/e-learning-premium-5-module\/","name":"E-Learning PREMIUM (5 Module) - EduBox GmbH","isPartOf":{"@id":"https:\/\/www.edubox.ch\/shop\/#website"},"primaryImageOfPage":{"@id":"https:\/\/www.edubox.ch\/shop\/produkt\/e-learning-premium-5-module\/#primaryimage"},"image":{"@id":"https:\/\/www.edubox.ch\/shop\/produkt\/e-learning-premium-5-module\/#primaryimage"},"thumbnailUrl":"https:\/\/www.edubox.ch\/shop\/wp-content\/uploads\/E-Learning-PREMIUM-eduzert.png","datePublished":"2022-06-17T12:35:11+00:00","dateModified":"2026-03-11T16:38:27+00:00","breadcrumb":{"@id":"https:\/\/www.edubox.ch\/shop\/produkt\/e-learning-premium-5-module\/#breadcrumb"},"inLanguage":"de-CH","potentialAction":[{"@type":"ReadAction","target":["https:\/\/www.edubox.ch\/shop\/produkt\/e-learning-premium-5-module\/"]}]},{"@type":"ImageObject","inLanguage":"de-CH","@id":"https:\/\/www.edubox.ch\/shop\/produkt\/e-learning-premium-5-module\/#primaryimage","url":"https:\/\/www.edubox.ch\/shop\/wp-content\/uploads\/E-Learning-PREMIUM-eduzert.png","contentUrl":"https:\/\/www.edubox.ch\/shop\/wp-content\/uploads\/E-Learning-PREMIUM-eduzert.png","width":1000,"height":1000},{"@type":"BreadcrumbList","@id":"https:\/\/www.edubox.ch\/shop\/produkt\/e-learning-premium-5-module\/#breadcrumb","itemListElement":[{"@type":"ListItem","position":1,"name":"Startseite","item":"https:\/\/www.edubox.ch\/shop\/"},{"@type":"ListItem","position":2,"name":"Alle Produkte","item":"https:\/\/www.edubox.ch\/shop\/alle-produkte\/"},{"@type":"ListItem","position":3,"name":"E-Learning PREMIUM (5 Module)"}]},{"@type":"WebSite","@id":"https:\/\/www.edubox.ch\/shop\/#website","url":"https:\/\/www.edubox.ch\/shop\/","name":"EduBox GmbH","description":"Die erste virtuelle ICT-Schule der Schweiz!","publisher":{"@id":"https:\/\/www.edubox.ch\/shop\/#organization"},"potentialAction":[{"@type":"SearchAction","target":{"@type":"EntryPoint","urlTemplate":"https:\/\/www.edubox.ch\/shop\/?s={search_term_string}"},"query-input":{"@type":"PropertyValueSpecification","valueRequired":true,"valueName":"search_term_string"}}],"inLanguage":"de-CH"},{"@type":"Organization","@id":"https:\/\/www.edubox.ch\/shop\/#organization","name":"EduBox GmbH","url":"https:\/\/www.edubox.ch\/shop\/","logo":{"@type":"ImageObject","inLanguage":"de-CH","@id":"https:\/\/www.edubox.ch\/shop\/#\/schema\/logo\/image\/","url":"https:\/\/www.edubox.ch\/shop\/wp-content\/uploads\/Logo-Laengs-ohne-Slogan-Transparent-Hoehe-1.5cm-fuer-Lehrbuch-KfK.png","contentUrl":"https:\/\/www.edubox.ch\/shop\/wp-content\/uploads\/Logo-Laengs-ohne-Slogan-Transparent-Hoehe-1.5cm-fuer-Lehrbuch-KfK.png","width":725,"height":177,"caption":"EduBox GmbH"},"image":{"@id":"https:\/\/www.edubox.ch\/shop\/#\/schema\/logo\/image\/"},"sameAs":["https:\/\/www.facebook.com\/EduBox.CH","https:\/\/x.com\/EduBox_CH","https:\/\/www.linkedin.com\/company\/2981682\/admin\/dashboard\/","https:\/\/www.xing.com\/pages\/eduboxgmbh"]}]}},"_links":{"self":[{"href":"https:\/\/www.edubox.ch\/shop\/wp-json\/wp\/v2\/product\/3790","targetHints":{"allow":["GET"]}}],"collection":[{"href":"https:\/\/www.edubox.ch\/shop\/wp-json\/wp\/v2\/product"}],"about":[{"href":"https:\/\/www.edubox.ch\/shop\/wp-json\/wp\/v2\/types\/product"}],"replies":[{"embeddable":true,"href":"https:\/\/www.edubox.ch\/shop\/wp-json\/wp\/v2\/comments?post=3790"}],"wp:featuredmedia":[{"embeddable":true,"href":"https:\/\/www.edubox.ch\/shop\/wp-json\/wp\/v2\/media\/3803"}],"wp:attachment":[{"href":"https:\/\/www.edubox.ch\/shop\/wp-json\/wp\/v2\/media?parent=3790"}],"wp:term":[{"taxonomy":"product_brand","embeddable":true,"href":"https:\/\/www.edubox.ch\/shop\/wp-json\/wp\/v2\/product_brand?post=3790"},{"taxonomy":"product_cat","embeddable":true,"href":"https:\/\/www.edubox.ch\/shop\/wp-json\/wp\/v2\/product_cat?post=3790"},{"taxonomy":"product_tag","embeddable":true,"href":"https:\/\/www.edubox.ch\/shop\/wp-json\/wp\/v2\/product_tag?post=3790"}],"curies":[{"name":"wp","href":"https:\/\/api.w.org\/{rel}","templated":true}]}}