{"id":4630,"date":"2023-10-05T12:58:26","date_gmt":"2023-10-05T11:58:26","guid":{"rendered":"https:\/\/www.edubox.ch\/shop\/?post_type=product&#038;p=4630"},"modified":"2026-03-11T17:26:05","modified_gmt":"2026-03-11T16:26:05","slug":"lb_kfk-ecdl-ba-cg-11","status":"publish","type":"product","link":"https:\/\/www.edubox.ch\/shop\/produkt\/lb_kfk-ecdl-ba-cg-11\/","title":{"rendered":"Lehrbuch: Computer-Grundlagen mit Windows 11 (ICDL\/ECDL Base)"},"content":{"rendered":"<p>Schnell und einfach den kompletten Pr\u00fcfungsstoff des ICDL Base Moduls &#171;<strong>Computer-Grundlagen mit Windows 11<\/strong>&#187; erlernen. Alle Themen sind anhand \u00fcber 600 farbiger Bildschirmbilder und wenig Text Schritt f\u00fcr Schritt erkl\u00e4rt. Die Unterlage ist ein ICDL autorisiertes Lehrmaterial, basiert auf dem <strong>Syllabus Version 1.0<\/strong> und beinhaltet nur pr\u00fcfungsrelevante Themen.<\/p>\n","protected":false},"excerpt":{"rendered":"<p>ICDL Base Modul<\/p>\n<p><strong>Klick f\u00fcr Klick zum ICDL <\/strong>Lehrmittel enthalten jeweils die komplette Theorie zu den Testinhalten eines ICDL Moduls.<\/p>\n<p>Computer-Grundlagen mit <strong>Windows 11<\/strong>, Syllabus 1.0.<\/p>\n<p><strong><a href=\"https:\/\/www.edubox.ch\/shop\/wp-content\/uploads\/leseprobe\/9783906310466_leseprobe_01.pdf\">&lt;&lt; Leseprobe &gt;&gt;<\/a><\/strong><\/p>\n","protected":false},"featured_media":5025,"comment_status":"open","ping_status":"closed","template":"","meta":{"_lmt_disableupdate":"no","_lmt_disable":""},"product_brand":[],"product_cat":[31,30,239],"product_tag":[596,12,55,11,10,595,45],"class_list":{"0":"post-4630","1":"product","2":"type-product","3":"status-publish","4":"has-post-thumbnail","6":"product_cat-ecdl-base-module","7":"product_cat-ecdl-lehrmittel-kfk","8":"product_cat-lehrbuecher","9":"product_tag-596","10":"product_tag-base","11":"product_tag-computer-grundlagen","12":"product_tag-ecdl","13":"product_tag-kfk","14":"product_tag-syllabus-version-1-0","15":"product_tag-windows","17":"first","18":"instock","19":"sale","20":"taxable","21":"shipping-taxable","22":"purchasable","23":"product-type-variable"},"yoast_head":"<!-- This site is optimized with the Yoast SEO plugin v27.2 - https:\/\/yoast.com\/product\/yoast-seo-wordpress\/ -->\n<title>Lehrbuch: Computer-Grundlagen mit Windows 11 (ICDL\/ECDL Base) - EduBox GmbH<\/title>\n<meta name=\"robots\" content=\"index, follow, max-snippet:-1, max-image-preview:large, max-video-preview:-1\" \/>\n<link rel=\"canonical\" href=\"https:\/\/www.edubox.ch\/shop\/produkt\/lb_kfk-ecdl-ba-cg-11\/\" \/>\n<meta property=\"og:locale\" content=\"de_DE\" \/>\n<meta property=\"og:type\" content=\"article\" \/>\n<meta property=\"og:title\" content=\"Lehrbuch: Computer-Grundlagen mit Windows 11 (ICDL\/ECDL Base) - EduBox GmbH\" \/>\n<meta property=\"og:description\" content=\"ICDL Base Modul  Klick f\u00fcr Klick zum ICDL Lehrmittel enthalten jeweils die komplette Theorie zu den Testinhalten eines ICDL Moduls.  Computer-Grundlagen mit Windows 11, Syllabus 1.0.  &lt;&lt; Leseprobe &gt;&gt;\" \/>\n<meta property=\"og:url\" content=\"https:\/\/www.edubox.ch\/shop\/produkt\/lb_kfk-ecdl-ba-cg-11\/\" \/>\n<meta property=\"og:site_name\" content=\"EduBox GmbH\" \/>\n<meta property=\"article:publisher\" content=\"https:\/\/www.facebook.com\/EduBox.CH\" \/>\n<meta property=\"article:modified_time\" content=\"2026-03-11T16:26:05+00:00\" \/>\n<meta property=\"og:image\" content=\"https:\/\/www.edubox.ch\/shop\/wp-content\/uploads\/CG-BA.png\" \/>\n\t<meta property=\"og:image:width\" content=\"2204\" \/>\n\t<meta property=\"og:image:height\" content=\"2250\" \/>\n\t<meta property=\"og:image:type\" content=\"image\/png\" \/>\n<meta name=\"twitter:card\" content=\"summary_large_image\" \/>\n<meta name=\"twitter:site\" content=\"@EduBox_CH\" \/>\n<meta name=\"twitter:label1\" content=\"Gesch\u00e4tzte Lesezeit\" \/>\n\t<meta name=\"twitter:data1\" content=\"1\u00a0Minute\" \/>\n<script type=\"application\/ld+json\" class=\"yoast-schema-graph\">{\"@context\":\"https:\/\/schema.org\",\"@graph\":[{\"@type\":\"WebPage\",\"@id\":\"https:\/\/www.edubox.ch\/shop\/produkt\/lb_kfk-ecdl-ba-cg-11\/\",\"url\":\"https:\/\/www.edubox.ch\/shop\/produkt\/lb_kfk-ecdl-ba-cg-11\/\",\"name\":\"Lehrbuch: Computer-Grundlagen mit Windows 11 (ICDL\/ECDL Base) - EduBox GmbH\",\"isPartOf\":{\"@id\":\"https:\/\/www.edubox.ch\/shop\/#website\"},\"primaryImageOfPage\":{\"@id\":\"https:\/\/www.edubox.ch\/shop\/produkt\/lb_kfk-ecdl-ba-cg-11\/#primaryimage\"},\"image\":{\"@id\":\"https:\/\/www.edubox.ch\/shop\/produkt\/lb_kfk-ecdl-ba-cg-11\/#primaryimage\"},\"thumbnailUrl\":\"https:\/\/www.edubox.ch\/shop\/wp-content\/uploads\/CG-BA.png\",\"datePublished\":\"2023-10-05T11:58:26+00:00\",\"dateModified\":\"2026-03-11T16:26:05+00:00\",\"breadcrumb\":{\"@id\":\"https:\/\/www.edubox.ch\/shop\/produkt\/lb_kfk-ecdl-ba-cg-11\/#breadcrumb\"},\"inLanguage\":\"de-CH\",\"potentialAction\":[{\"@type\":\"ReadAction\",\"target\":[\"https:\/\/www.edubox.ch\/shop\/produkt\/lb_kfk-ecdl-ba-cg-11\/\"]}]},{\"@type\":\"ImageObject\",\"inLanguage\":\"de-CH\",\"@id\":\"https:\/\/www.edubox.ch\/shop\/produkt\/lb_kfk-ecdl-ba-cg-11\/#primaryimage\",\"url\":\"https:\/\/www.edubox.ch\/shop\/wp-content\/uploads\/CG-BA.png\",\"contentUrl\":\"https:\/\/www.edubox.ch\/shop\/wp-content\/uploads\/CG-BA.png\",\"width\":2204,\"height\":2250},{\"@type\":\"BreadcrumbList\",\"@id\":\"https:\/\/www.edubox.ch\/shop\/produkt\/lb_kfk-ecdl-ba-cg-11\/#breadcrumb\",\"itemListElement\":[{\"@type\":\"ListItem\",\"position\":1,\"name\":\"Startseite\",\"item\":\"https:\/\/www.edubox.ch\/shop\/\"},{\"@type\":\"ListItem\",\"position\":2,\"name\":\"Alle Produkte\",\"item\":\"https:\/\/www.edubox.ch\/shop\/alle-produkte\/\"},{\"@type\":\"ListItem\",\"position\":3,\"name\":\"Lehrbuch: Computer-Grundlagen mit Windows 11 (ICDL\/ECDL Base)\"}]},{\"@type\":\"WebSite\",\"@id\":\"https:\/\/www.edubox.ch\/shop\/#website\",\"url\":\"https:\/\/www.edubox.ch\/shop\/\",\"name\":\"EduBox GmbH\",\"description\":\"Die erste virtuelle ICT-Schule der Schweiz!\",\"publisher\":{\"@id\":\"https:\/\/www.edubox.ch\/shop\/#organization\"},\"potentialAction\":[{\"@type\":\"SearchAction\",\"target\":{\"@type\":\"EntryPoint\",\"urlTemplate\":\"https:\/\/www.edubox.ch\/shop\/?s={search_term_string}\"},\"query-input\":{\"@type\":\"PropertyValueSpecification\",\"valueRequired\":true,\"valueName\":\"search_term_string\"}}],\"inLanguage\":\"de-CH\"},{\"@type\":\"Organization\",\"@id\":\"https:\/\/www.edubox.ch\/shop\/#organization\",\"name\":\"EduBox GmbH\",\"url\":\"https:\/\/www.edubox.ch\/shop\/\",\"logo\":{\"@type\":\"ImageObject\",\"inLanguage\":\"de-CH\",\"@id\":\"https:\/\/www.edubox.ch\/shop\/#\/schema\/logo\/image\/\",\"url\":\"https:\/\/www.edubox.ch\/shop\/wp-content\/uploads\/Logo-Laengs-ohne-Slogan-Transparent-Hoehe-1.5cm-fuer-Lehrbuch-KfK.png\",\"contentUrl\":\"https:\/\/www.edubox.ch\/shop\/wp-content\/uploads\/Logo-Laengs-ohne-Slogan-Transparent-Hoehe-1.5cm-fuer-Lehrbuch-KfK.png\",\"width\":725,\"height\":177,\"caption\":\"EduBox GmbH\"},\"image\":{\"@id\":\"https:\/\/www.edubox.ch\/shop\/#\/schema\/logo\/image\/\"},\"sameAs\":[\"https:\/\/www.facebook.com\/EduBox.CH\",\"https:\/\/x.com\/EduBox_CH\",\"https:\/\/www.linkedin.com\/company\/2981682\/admin\/dashboard\/\",\"https:\/\/www.xing.com\/pages\/eduboxgmbh\"]}]}<\/script>\n<!-- \/ Yoast SEO plugin. -->","yoast_head_json":{"title":"Lehrbuch: Computer-Grundlagen mit Windows 11 (ICDL\/ECDL Base) - EduBox GmbH","robots":{"index":"index","follow":"follow","max-snippet":"max-snippet:-1","max-image-preview":"max-image-preview:large","max-video-preview":"max-video-preview:-1"},"canonical":"https:\/\/www.edubox.ch\/shop\/produkt\/lb_kfk-ecdl-ba-cg-11\/","og_locale":"de_DE","og_type":"article","og_title":"Lehrbuch: Computer-Grundlagen mit Windows 11 (ICDL\/ECDL Base) - EduBox GmbH","og_description":"ICDL Base Modul  Klick f\u00fcr Klick zum ICDL Lehrmittel enthalten jeweils die komplette Theorie zu den Testinhalten eines ICDL Moduls.  Computer-Grundlagen mit Windows 11, Syllabus 1.0.  &lt;&lt; Leseprobe &gt;&gt;","og_url":"https:\/\/www.edubox.ch\/shop\/produkt\/lb_kfk-ecdl-ba-cg-11\/","og_site_name":"EduBox GmbH","article_publisher":"https:\/\/www.facebook.com\/EduBox.CH","article_modified_time":"2026-03-11T16:26:05+00:00","og_image":[{"width":2204,"height":2250,"url":"https:\/\/www.edubox.ch\/shop\/wp-content\/uploads\/CG-BA.png","type":"image\/png"}],"twitter_card":"summary_large_image","twitter_site":"@EduBox_CH","twitter_misc":{"Gesch\u00e4tzte Lesezeit":"1\u00a0Minute"},"schema":{"@context":"https:\/\/schema.org","@graph":[{"@type":"WebPage","@id":"https:\/\/www.edubox.ch\/shop\/produkt\/lb_kfk-ecdl-ba-cg-11\/","url":"https:\/\/www.edubox.ch\/shop\/produkt\/lb_kfk-ecdl-ba-cg-11\/","name":"Lehrbuch: Computer-Grundlagen mit Windows 11 (ICDL\/ECDL Base) - EduBox GmbH","isPartOf":{"@id":"https:\/\/www.edubox.ch\/shop\/#website"},"primaryImageOfPage":{"@id":"https:\/\/www.edubox.ch\/shop\/produkt\/lb_kfk-ecdl-ba-cg-11\/#primaryimage"},"image":{"@id":"https:\/\/www.edubox.ch\/shop\/produkt\/lb_kfk-ecdl-ba-cg-11\/#primaryimage"},"thumbnailUrl":"https:\/\/www.edubox.ch\/shop\/wp-content\/uploads\/CG-BA.png","datePublished":"2023-10-05T11:58:26+00:00","dateModified":"2026-03-11T16:26:05+00:00","breadcrumb":{"@id":"https:\/\/www.edubox.ch\/shop\/produkt\/lb_kfk-ecdl-ba-cg-11\/#breadcrumb"},"inLanguage":"de-CH","potentialAction":[{"@type":"ReadAction","target":["https:\/\/www.edubox.ch\/shop\/produkt\/lb_kfk-ecdl-ba-cg-11\/"]}]},{"@type":"ImageObject","inLanguage":"de-CH","@id":"https:\/\/www.edubox.ch\/shop\/produkt\/lb_kfk-ecdl-ba-cg-11\/#primaryimage","url":"https:\/\/www.edubox.ch\/shop\/wp-content\/uploads\/CG-BA.png","contentUrl":"https:\/\/www.edubox.ch\/shop\/wp-content\/uploads\/CG-BA.png","width":2204,"height":2250},{"@type":"BreadcrumbList","@id":"https:\/\/www.edubox.ch\/shop\/produkt\/lb_kfk-ecdl-ba-cg-11\/#breadcrumb","itemListElement":[{"@type":"ListItem","position":1,"name":"Startseite","item":"https:\/\/www.edubox.ch\/shop\/"},{"@type":"ListItem","position":2,"name":"Alle Produkte","item":"https:\/\/www.edubox.ch\/shop\/alle-produkte\/"},{"@type":"ListItem","position":3,"name":"Lehrbuch: Computer-Grundlagen mit Windows 11 (ICDL\/ECDL Base)"}]},{"@type":"WebSite","@id":"https:\/\/www.edubox.ch\/shop\/#website","url":"https:\/\/www.edubox.ch\/shop\/","name":"EduBox GmbH","description":"Die erste virtuelle ICT-Schule der Schweiz!","publisher":{"@id":"https:\/\/www.edubox.ch\/shop\/#organization"},"potentialAction":[{"@type":"SearchAction","target":{"@type":"EntryPoint","urlTemplate":"https:\/\/www.edubox.ch\/shop\/?s={search_term_string}"},"query-input":{"@type":"PropertyValueSpecification","valueRequired":true,"valueName":"search_term_string"}}],"inLanguage":"de-CH"},{"@type":"Organization","@id":"https:\/\/www.edubox.ch\/shop\/#organization","name":"EduBox GmbH","url":"https:\/\/www.edubox.ch\/shop\/","logo":{"@type":"ImageObject","inLanguage":"de-CH","@id":"https:\/\/www.edubox.ch\/shop\/#\/schema\/logo\/image\/","url":"https:\/\/www.edubox.ch\/shop\/wp-content\/uploads\/Logo-Laengs-ohne-Slogan-Transparent-Hoehe-1.5cm-fuer-Lehrbuch-KfK.png","contentUrl":"https:\/\/www.edubox.ch\/shop\/wp-content\/uploads\/Logo-Laengs-ohne-Slogan-Transparent-Hoehe-1.5cm-fuer-Lehrbuch-KfK.png","width":725,"height":177,"caption":"EduBox GmbH"},"image":{"@id":"https:\/\/www.edubox.ch\/shop\/#\/schema\/logo\/image\/"},"sameAs":["https:\/\/www.facebook.com\/EduBox.CH","https:\/\/x.com\/EduBox_CH","https:\/\/www.linkedin.com\/company\/2981682\/admin\/dashboard\/","https:\/\/www.xing.com\/pages\/eduboxgmbh"]}]}},"_links":{"self":[{"href":"https:\/\/www.edubox.ch\/shop\/wp-json\/wp\/v2\/product\/4630","targetHints":{"allow":["GET"]}}],"collection":[{"href":"https:\/\/www.edubox.ch\/shop\/wp-json\/wp\/v2\/product"}],"about":[{"href":"https:\/\/www.edubox.ch\/shop\/wp-json\/wp\/v2\/types\/product"}],"replies":[{"embeddable":true,"href":"https:\/\/www.edubox.ch\/shop\/wp-json\/wp\/v2\/comments?post=4630"}],"wp:featuredmedia":[{"embeddable":true,"href":"https:\/\/www.edubox.ch\/shop\/wp-json\/wp\/v2\/media\/5025"}],"wp:attachment":[{"href":"https:\/\/www.edubox.ch\/shop\/wp-json\/wp\/v2\/media?parent=4630"}],"wp:term":[{"taxonomy":"product_brand","embeddable":true,"href":"https:\/\/www.edubox.ch\/shop\/wp-json\/wp\/v2\/product_brand?post=4630"},{"taxonomy":"product_cat","embeddable":true,"href":"https:\/\/www.edubox.ch\/shop\/wp-json\/wp\/v2\/product_cat?post=4630"},{"taxonomy":"product_tag","embeddable":true,"href":"https:\/\/www.edubox.ch\/shop\/wp-json\/wp\/v2\/product_tag?post=4630"}],"curies":[{"name":"wp","href":"https:\/\/api.w.org\/{rel}","templated":true}]}}