{"id":501,"date":"2017-03-13T11:34:02","date_gmt":"2017-03-13T10:34:02","guid":{"rendered":"https:\/\/www.edubox.ch\/shop\/?product=ecdl-einstufungstest-kopie"},"modified":"2026-03-11T17:47:37","modified_gmt":"2026-03-11T16:47:37","slug":"ecdl-einstufungstest-modul","status":"publish","type":"product","link":"https:\/\/www.edubox.ch\/shop\/produkt\/ecdl-einstufungstest-modul\/","title":{"rendered":"ICDL\/ECDL Base: Einstufungstest alle Module"},"content":{"rendered":"<p>Die einzelnen Einstufungstests umfassen\u00a0 10 oder 12 Fragen pro Modul, die Zeitbeschr\u00e4nkung liegt zwischen 18 und 25 Minuten. Der Einstufungstest \u00fcber die 4 Base Module umfasst 40 Fragen und die Zeitbeschr\u00e4nkung ist 60 Minuten. Die Ergebnisse werden in Prozent nach den Syllabus-Kategorien sowie auch gesamt ausgewiesen. Beim ICDL Base Test werden auch alle Module einzeln ausgewiesen.<\/p>\n","protected":false},"excerpt":{"rendered":"<p>Der Einstufungstest ist geeignet f\u00fcr Personalrekrutierungen oder f\u00fcr Standortbestimmung eigenener Kenntnisse der einzelnen ICDL Module. F\u00fcr s\u00e4mtliche ICDL Base, Standard und Advanced Module stehen einzelne Einstufungstests zur Verf\u00fcgung, so wie auch ein Einstufungstest \u00fcber alle 4 Base Module zusammen.<\/p>\n","protected":false},"featured_media":5677,"comment_status":"closed","ping_status":"closed","template":"","meta":{"_lmt_disableupdate":"no","_lmt_disable":""},"product_brand":[],"product_cat":[117],"product_tag":[12,11,118,624],"class_list":{"0":"post-501","1":"product","2":"type-product","3":"status-publish","4":"has-post-thumbnail","6":"product_cat-einstufungstest-ecdl","7":"product_tag-base","8":"product_tag-ecdl","9":"product_tag-einstufungstest","10":"product_tag-icdl","12":"first","13":"instock","14":"taxable","15":"shipping-taxable","16":"purchasable","17":"product-type-variable","18":"has-default-attributes"},"yoast_head":"<!-- This site is optimized with the Yoast SEO plugin v27.2 - https:\/\/yoast.com\/product\/yoast-seo-wordpress\/ -->\n<title>ICDL\/ECDL Base: Einstufungstest alle Module - EduBox GmbH<\/title>\n<meta name=\"robots\" content=\"index, follow, max-snippet:-1, max-image-preview:large, max-video-preview:-1\" \/>\n<link rel=\"canonical\" href=\"https:\/\/www.edubox.ch\/shop\/produkt\/ecdl-einstufungstest-modul\/\" \/>\n<meta property=\"og:locale\" content=\"de_DE\" \/>\n<meta property=\"og:type\" content=\"article\" \/>\n<meta property=\"og:title\" content=\"ICDL\/ECDL Base: Einstufungstest alle Module - EduBox GmbH\" \/>\n<meta property=\"og:description\" content=\"Der Einstufungstest ist geeignet f\u00fcr Personalrekrutierungen oder f\u00fcr Standortbestimmung eigenener Kenntnisse der einzelnen ICDL Module. F\u00fcr s\u00e4mtliche ICDL Base, Standard und Advanced Module stehen einzelne Einstufungstests zur Verf\u00fcgung, so wie auch ein Einstufungstest \u00fcber alle 4 Base Module zusammen.\" \/>\n<meta property=\"og:url\" content=\"https:\/\/www.edubox.ch\/shop\/produkt\/ecdl-einstufungstest-modul\/\" \/>\n<meta property=\"og:site_name\" content=\"EduBox GmbH\" \/>\n<meta property=\"article:publisher\" content=\"https:\/\/www.facebook.com\/EduBox.CH\" \/>\n<meta property=\"article:modified_time\" content=\"2026-03-11T16:47:37+00:00\" \/>\n<meta property=\"og:image\" content=\"https:\/\/www.edubox.ch\/shop\/wp-content\/uploads\/ICDL-Einstufungstest.png\" \/>\n\t<meta property=\"og:image:width\" content=\"1024\" \/>\n\t<meta property=\"og:image:height\" content=\"1024\" \/>\n\t<meta property=\"og:image:type\" content=\"image\/png\" \/>\n<meta name=\"twitter:card\" content=\"summary_large_image\" \/>\n<meta name=\"twitter:site\" content=\"@EduBox_CH\" \/>\n<meta name=\"twitter:label1\" content=\"Gesch\u00e4tzte Lesezeit\" \/>\n\t<meta name=\"twitter:data1\" content=\"1\u00a0Minute\" \/>\n<script type=\"application\/ld+json\" class=\"yoast-schema-graph\">{\"@context\":\"https:\/\/schema.org\",\"@graph\":[{\"@type\":\"WebPage\",\"@id\":\"https:\/\/www.edubox.ch\/shop\/produkt\/ecdl-einstufungstest-modul\/\",\"url\":\"https:\/\/www.edubox.ch\/shop\/produkt\/ecdl-einstufungstest-modul\/\",\"name\":\"ICDL\/ECDL Base: Einstufungstest alle Module - EduBox GmbH\",\"isPartOf\":{\"@id\":\"https:\/\/www.edubox.ch\/shop\/#website\"},\"primaryImageOfPage\":{\"@id\":\"https:\/\/www.edubox.ch\/shop\/produkt\/ecdl-einstufungstest-modul\/#primaryimage\"},\"image\":{\"@id\":\"https:\/\/www.edubox.ch\/shop\/produkt\/ecdl-einstufungstest-modul\/#primaryimage\"},\"thumbnailUrl\":\"https:\/\/www.edubox.ch\/shop\/wp-content\/uploads\/ICDL-Einstufungstest.png\",\"datePublished\":\"2017-03-13T10:34:02+00:00\",\"dateModified\":\"2026-03-11T16:47:37+00:00\",\"breadcrumb\":{\"@id\":\"https:\/\/www.edubox.ch\/shop\/produkt\/ecdl-einstufungstest-modul\/#breadcrumb\"},\"inLanguage\":\"de-CH\",\"potentialAction\":[{\"@type\":\"ReadAction\",\"target\":[\"https:\/\/www.edubox.ch\/shop\/produkt\/ecdl-einstufungstest-modul\/\"]}]},{\"@type\":\"ImageObject\",\"inLanguage\":\"de-CH\",\"@id\":\"https:\/\/www.edubox.ch\/shop\/produkt\/ecdl-einstufungstest-modul\/#primaryimage\",\"url\":\"https:\/\/www.edubox.ch\/shop\/wp-content\/uploads\/ICDL-Einstufungstest.png\",\"contentUrl\":\"https:\/\/www.edubox.ch\/shop\/wp-content\/uploads\/ICDL-Einstufungstest.png\",\"width\":1024,\"height\":1024},{\"@type\":\"BreadcrumbList\",\"@id\":\"https:\/\/www.edubox.ch\/shop\/produkt\/ecdl-einstufungstest-modul\/#breadcrumb\",\"itemListElement\":[{\"@type\":\"ListItem\",\"position\":1,\"name\":\"Startseite\",\"item\":\"https:\/\/www.edubox.ch\/shop\/\"},{\"@type\":\"ListItem\",\"position\":2,\"name\":\"Alle Produkte\",\"item\":\"https:\/\/www.edubox.ch\/shop\/alle-produkte\/\"},{\"@type\":\"ListItem\",\"position\":3,\"name\":\"ICDL\/ECDL Base: Einstufungstest alle Module\"}]},{\"@type\":\"WebSite\",\"@id\":\"https:\/\/www.edubox.ch\/shop\/#website\",\"url\":\"https:\/\/www.edubox.ch\/shop\/\",\"name\":\"EduBox GmbH\",\"description\":\"Die erste virtuelle ICT-Schule der Schweiz!\",\"publisher\":{\"@id\":\"https:\/\/www.edubox.ch\/shop\/#organization\"},\"potentialAction\":[{\"@type\":\"SearchAction\",\"target\":{\"@type\":\"EntryPoint\",\"urlTemplate\":\"https:\/\/www.edubox.ch\/shop\/?s={search_term_string}\"},\"query-input\":{\"@type\":\"PropertyValueSpecification\",\"valueRequired\":true,\"valueName\":\"search_term_string\"}}],\"inLanguage\":\"de-CH\"},{\"@type\":\"Organization\",\"@id\":\"https:\/\/www.edubox.ch\/shop\/#organization\",\"name\":\"EduBox GmbH\",\"url\":\"https:\/\/www.edubox.ch\/shop\/\",\"logo\":{\"@type\":\"ImageObject\",\"inLanguage\":\"de-CH\",\"@id\":\"https:\/\/www.edubox.ch\/shop\/#\/schema\/logo\/image\/\",\"url\":\"https:\/\/www.edubox.ch\/shop\/wp-content\/uploads\/Logo-Laengs-ohne-Slogan-Transparent-Hoehe-1.5cm-fuer-Lehrbuch-KfK.png\",\"contentUrl\":\"https:\/\/www.edubox.ch\/shop\/wp-content\/uploads\/Logo-Laengs-ohne-Slogan-Transparent-Hoehe-1.5cm-fuer-Lehrbuch-KfK.png\",\"width\":725,\"height\":177,\"caption\":\"EduBox GmbH\"},\"image\":{\"@id\":\"https:\/\/www.edubox.ch\/shop\/#\/schema\/logo\/image\/\"},\"sameAs\":[\"https:\/\/www.facebook.com\/EduBox.CH\",\"https:\/\/x.com\/EduBox_CH\",\"https:\/\/www.linkedin.com\/company\/2981682\/admin\/dashboard\/\",\"https:\/\/www.xing.com\/pages\/eduboxgmbh\"]}]}<\/script>\n<!-- \/ Yoast SEO plugin. -->","yoast_head_json":{"title":"ICDL\/ECDL Base: Einstufungstest alle Module - EduBox GmbH","robots":{"index":"index","follow":"follow","max-snippet":"max-snippet:-1","max-image-preview":"max-image-preview:large","max-video-preview":"max-video-preview:-1"},"canonical":"https:\/\/www.edubox.ch\/shop\/produkt\/ecdl-einstufungstest-modul\/","og_locale":"de_DE","og_type":"article","og_title":"ICDL\/ECDL Base: Einstufungstest alle Module - EduBox GmbH","og_description":"Der Einstufungstest ist geeignet f\u00fcr Personalrekrutierungen oder f\u00fcr Standortbestimmung eigenener Kenntnisse der einzelnen ICDL Module. F\u00fcr s\u00e4mtliche ICDL Base, Standard und Advanced Module stehen einzelne Einstufungstests zur Verf\u00fcgung, so wie auch ein Einstufungstest \u00fcber alle 4 Base Module zusammen.","og_url":"https:\/\/www.edubox.ch\/shop\/produkt\/ecdl-einstufungstest-modul\/","og_site_name":"EduBox GmbH","article_publisher":"https:\/\/www.facebook.com\/EduBox.CH","article_modified_time":"2026-03-11T16:47:37+00:00","og_image":[{"width":1024,"height":1024,"url":"https:\/\/www.edubox.ch\/shop\/wp-content\/uploads\/ICDL-Einstufungstest.png","type":"image\/png"}],"twitter_card":"summary_large_image","twitter_site":"@EduBox_CH","twitter_misc":{"Gesch\u00e4tzte Lesezeit":"1\u00a0Minute"},"schema":{"@context":"https:\/\/schema.org","@graph":[{"@type":"WebPage","@id":"https:\/\/www.edubox.ch\/shop\/produkt\/ecdl-einstufungstest-modul\/","url":"https:\/\/www.edubox.ch\/shop\/produkt\/ecdl-einstufungstest-modul\/","name":"ICDL\/ECDL Base: Einstufungstest alle Module - EduBox GmbH","isPartOf":{"@id":"https:\/\/www.edubox.ch\/shop\/#website"},"primaryImageOfPage":{"@id":"https:\/\/www.edubox.ch\/shop\/produkt\/ecdl-einstufungstest-modul\/#primaryimage"},"image":{"@id":"https:\/\/www.edubox.ch\/shop\/produkt\/ecdl-einstufungstest-modul\/#primaryimage"},"thumbnailUrl":"https:\/\/www.edubox.ch\/shop\/wp-content\/uploads\/ICDL-Einstufungstest.png","datePublished":"2017-03-13T10:34:02+00:00","dateModified":"2026-03-11T16:47:37+00:00","breadcrumb":{"@id":"https:\/\/www.edubox.ch\/shop\/produkt\/ecdl-einstufungstest-modul\/#breadcrumb"},"inLanguage":"de-CH","potentialAction":[{"@type":"ReadAction","target":["https:\/\/www.edubox.ch\/shop\/produkt\/ecdl-einstufungstest-modul\/"]}]},{"@type":"ImageObject","inLanguage":"de-CH","@id":"https:\/\/www.edubox.ch\/shop\/produkt\/ecdl-einstufungstest-modul\/#primaryimage","url":"https:\/\/www.edubox.ch\/shop\/wp-content\/uploads\/ICDL-Einstufungstest.png","contentUrl":"https:\/\/www.edubox.ch\/shop\/wp-content\/uploads\/ICDL-Einstufungstest.png","width":1024,"height":1024},{"@type":"BreadcrumbList","@id":"https:\/\/www.edubox.ch\/shop\/produkt\/ecdl-einstufungstest-modul\/#breadcrumb","itemListElement":[{"@type":"ListItem","position":1,"name":"Startseite","item":"https:\/\/www.edubox.ch\/shop\/"},{"@type":"ListItem","position":2,"name":"Alle Produkte","item":"https:\/\/www.edubox.ch\/shop\/alle-produkte\/"},{"@type":"ListItem","position":3,"name":"ICDL\/ECDL Base: Einstufungstest alle Module"}]},{"@type":"WebSite","@id":"https:\/\/www.edubox.ch\/shop\/#website","url":"https:\/\/www.edubox.ch\/shop\/","name":"EduBox GmbH","description":"Die erste virtuelle ICT-Schule der Schweiz!","publisher":{"@id":"https:\/\/www.edubox.ch\/shop\/#organization"},"potentialAction":[{"@type":"SearchAction","target":{"@type":"EntryPoint","urlTemplate":"https:\/\/www.edubox.ch\/shop\/?s={search_term_string}"},"query-input":{"@type":"PropertyValueSpecification","valueRequired":true,"valueName":"search_term_string"}}],"inLanguage":"de-CH"},{"@type":"Organization","@id":"https:\/\/www.edubox.ch\/shop\/#organization","name":"EduBox GmbH","url":"https:\/\/www.edubox.ch\/shop\/","logo":{"@type":"ImageObject","inLanguage":"de-CH","@id":"https:\/\/www.edubox.ch\/shop\/#\/schema\/logo\/image\/","url":"https:\/\/www.edubox.ch\/shop\/wp-content\/uploads\/Logo-Laengs-ohne-Slogan-Transparent-Hoehe-1.5cm-fuer-Lehrbuch-KfK.png","contentUrl":"https:\/\/www.edubox.ch\/shop\/wp-content\/uploads\/Logo-Laengs-ohne-Slogan-Transparent-Hoehe-1.5cm-fuer-Lehrbuch-KfK.png","width":725,"height":177,"caption":"EduBox GmbH"},"image":{"@id":"https:\/\/www.edubox.ch\/shop\/#\/schema\/logo\/image\/"},"sameAs":["https:\/\/www.facebook.com\/EduBox.CH","https:\/\/x.com\/EduBox_CH","https:\/\/www.linkedin.com\/company\/2981682\/admin\/dashboard\/","https:\/\/www.xing.com\/pages\/eduboxgmbh"]}]}},"_links":{"self":[{"href":"https:\/\/www.edubox.ch\/shop\/wp-json\/wp\/v2\/product\/501","targetHints":{"allow":["GET"]}}],"collection":[{"href":"https:\/\/www.edubox.ch\/shop\/wp-json\/wp\/v2\/product"}],"about":[{"href":"https:\/\/www.edubox.ch\/shop\/wp-json\/wp\/v2\/types\/product"}],"replies":[{"embeddable":true,"href":"https:\/\/www.edubox.ch\/shop\/wp-json\/wp\/v2\/comments?post=501"}],"wp:featuredmedia":[{"embeddable":true,"href":"https:\/\/www.edubox.ch\/shop\/wp-json\/wp\/v2\/media\/5677"}],"wp:attachment":[{"href":"https:\/\/www.edubox.ch\/shop\/wp-json\/wp\/v2\/media?parent=501"}],"wp:term":[{"taxonomy":"product_brand","embeddable":true,"href":"https:\/\/www.edubox.ch\/shop\/wp-json\/wp\/v2\/product_brand?post=501"},{"taxonomy":"product_cat","embeddable":true,"href":"https:\/\/www.edubox.ch\/shop\/wp-json\/wp\/v2\/product_cat?post=501"},{"taxonomy":"product_tag","embeddable":true,"href":"https:\/\/www.edubox.ch\/shop\/wp-json\/wp\/v2\/product_tag?post=501"}],"curies":[{"name":"wp","href":"https:\/\/api.w.org\/{rel}","templated":true}]}}