{"id":5031,"date":"2024-08-26T07:46:56","date_gmt":"2024-08-26T06:46:56","guid":{"rendered":"https:\/\/www.edubox.ch\/shop\/?post_type=product&#038;p=5031"},"modified":"2026-03-11T17:47:28","modified_gmt":"2026-03-11T16:47:28","slug":"lehrbuch-computer-online-grundlagen-mit-windows-11-microsoft-edge-und-microsoft-outlook-2021-365-ecdl-workforce-education-base-modul-verfuegbar-ab-ende-september-2024","status":"publish","type":"product","link":"https:\/\/www.edubox.ch\/shop\/produkt\/lehrbuch-computer-online-grundlagen-mit-windows-11-microsoft-edge-und-microsoft-outlook-2021-365-ecdl-workforce-education-base-modul-verfuegbar-ab-ende-september-2024\/","title":{"rendered":"Lehrbuch: Computer- &#038; Online-Grundlagen mit Windows 11, Microsoft Edge und Microsoft Outlook 2021\/365 (ICDL\/ECDL Workforce\/Education Base Modul)"},"content":{"rendered":"<p>Schnell und einfach den kompletten Pr\u00fcfungsstoff des ICDL Base Moduls <strong>&#171;Computer- &amp; Online-Grundlagen mit Windows 11, Microsoft Edge und Microsoft Outlook 2021\/365&#187;<\/strong> erlernen. Alle Themen sind anhand von mehreren hundert farbigen Bildschirmbildern und wenig Text Schritt f\u00fcr Schritt erkl\u00e4rt. Dieses Lehrbuch ist ein ICDL autorisiertes Lehrmaterial, basiert auf dem <strong>Syllabus Version 1.0<\/strong> und beinhaltet nur pr\u00fcfungsrelevante Themen.<\/p>\n","protected":false},"excerpt":{"rendered":"<p><span style=\"color: #ff0000;\">Dieses Lehrbuch enth\u00e4lt <strong>nicht den vollst\u00e4ndigen Inhalt<\/strong> der zwei Module &#171;Computer-Grundlagen&#187; und &#171;Online-Grundlagen&#187;. Es ist das Lehrbuch f\u00fcr das neue ICDL-Modul &#171;Computer- &amp; Online-Grundlagen&#187;, das die wichtigsten Aspekte der genannten Module zusammenfasst.<\/span><\/p>\n<p>ICDL Workforce\/Education Base Modul<\/p>\n<p><strong>Klick f\u00fcr Klick zum ICDL<\/strong> Lehrmittel enthalten jeweils die komplette Theorie zu den Testinhalten eines ICDL Moduls.<\/p>\n<p>Computer- &amp; Online-Grundlagen mit <strong>Windows 11<\/strong>, Microsoft <strong>Edge<\/strong> und Microsoft <strong>Outlook 2021\/365.<\/strong><\/p>\n<p><a href=\"https:\/\/www.edubox.ch\/shop\/wp-content\/uploads\/leseprobe\/9783906310541_leseprobe_01.pdf\"><strong>&lt;&lt; Leseprobe &gt;&gt;<\/strong><\/a><\/p>\n","protected":false},"featured_media":5026,"comment_status":"open","ping_status":"closed","template":"","meta":{"_lmt_disableupdate":"no","_lmt_disable":""},"product_brand":[],"product_cat":[31,30,239],"product_tag":[596,12,608,55,11,49,607,10,54,609,595,45,610,606],"class_list":{"0":"post-5031","1":"product","2":"type-product","3":"status-publish","4":"has-post-thumbnail","6":"product_cat-ecdl-base-module","7":"product_cat-ecdl-lehrmittel-kfk","8":"product_cat-lehrbuecher","9":"product_tag-596","10":"product_tag-base","11":"product_tag-computer-online-grundlagen","12":"product_tag-computer-grundlagen","13":"product_tag-ecdl","14":"product_tag-edge","15":"product_tag-education","16":"product_tag-kfk","17":"product_tag-online-grundlagen","18":"product_tag-outlook-2021-365","19":"product_tag-syllabus-version-1-0","20":"product_tag-windows","21":"product_tag-windows-11","22":"product_tag-workforce","24":"first","25":"instock","26":"sale","27":"taxable","28":"shipping-taxable","29":"purchasable","30":"product-type-variable"},"yoast_head":"<!-- This site is optimized with the Yoast SEO plugin v27.2 - https:\/\/yoast.com\/product\/yoast-seo-wordpress\/ -->\n<title>Lehrbuch: Computer- &amp; Online-Grundlagen mit Windows 11, Microsoft Edge und Microsoft Outlook 2021\/365 (ICDL\/ECDL Workforce\/Education Base Modul) - EduBox GmbH<\/title>\n<meta name=\"robots\" content=\"index, follow, max-snippet:-1, max-image-preview:large, max-video-preview:-1\" \/>\n<link rel=\"canonical\" href=\"https:\/\/www.edubox.ch\/shop\/produkt\/lehrbuch-computer-online-grundlagen-mit-windows-11-microsoft-edge-und-microsoft-outlook-2021-365-ecdl-workforce-education-base-modul-verfuegbar-ab-ende-september-2024\/\" \/>\n<meta property=\"og:locale\" content=\"de_DE\" \/>\n<meta property=\"og:type\" content=\"article\" \/>\n<meta property=\"og:title\" content=\"Lehrbuch: Computer- &amp; Online-Grundlagen mit Windows 11, Microsoft Edge und Microsoft Outlook 2021\/365 (ICDL\/ECDL Workforce\/Education Base Modul) - EduBox GmbH\" \/>\n<meta property=\"og:description\" content=\"Dieses Lehrbuch enth\u00e4lt nicht den vollst\u00e4ndigen Inhalt der zwei Module &quot;Computer-Grundlagen&quot; und &quot;Online-Grundlagen&quot;. Es ist das Lehrbuch f\u00fcr das neue ICDL-Modul &quot;Computer- &amp; Online-Grundlagen&quot;, das die wichtigsten Aspekte der genannten Module zusammenfasst.  ICDL Workforce\/Education Base Modul  Klick f\u00fcr Klick zum ICDL Lehrmittel enthalten jeweils die komplette Theorie zu den Testinhalten eines ICDL Moduls.  Computer- &amp; Online-Grundlagen mit Windows 11, Microsoft Edge und Microsoft Outlook 2021\/365.  &lt;&lt; Leseprobe &gt;&gt;\" \/>\n<meta property=\"og:url\" content=\"https:\/\/www.edubox.ch\/shop\/produkt\/lehrbuch-computer-online-grundlagen-mit-windows-11-microsoft-edge-und-microsoft-outlook-2021-365-ecdl-workforce-education-base-modul-verfuegbar-ab-ende-september-2024\/\" \/>\n<meta property=\"og:site_name\" content=\"EduBox GmbH\" \/>\n<meta property=\"article:publisher\" content=\"https:\/\/www.facebook.com\/EduBox.CH\" \/>\n<meta property=\"article:modified_time\" content=\"2026-03-11T16:47:28+00:00\" \/>\n<meta property=\"og:image\" content=\"https:\/\/www.edubox.ch\/shop\/wp-content\/uploads\/CGOG-BA.png\" \/>\n\t<meta property=\"og:image:width\" content=\"2204\" \/>\n\t<meta property=\"og:image:height\" content=\"2250\" \/>\n\t<meta property=\"og:image:type\" content=\"image\/png\" \/>\n<meta name=\"twitter:card\" content=\"summary_large_image\" \/>\n<meta name=\"twitter:site\" content=\"@EduBox_CH\" \/>\n<meta name=\"twitter:label1\" content=\"Gesch\u00e4tzte Lesezeit\" \/>\n\t<meta name=\"twitter:data1\" content=\"1\u00a0Minute\" \/>\n<script type=\"application\/ld+json\" class=\"yoast-schema-graph\">{\"@context\":\"https:\/\/schema.org\",\"@graph\":[{\"@type\":\"WebPage\",\"@id\":\"https:\/\/www.edubox.ch\/shop\/produkt\/lehrbuch-computer-online-grundlagen-mit-windows-11-microsoft-edge-und-microsoft-outlook-2021-365-ecdl-workforce-education-base-modul-verfuegbar-ab-ende-september-2024\/\",\"url\":\"https:\/\/www.edubox.ch\/shop\/produkt\/lehrbuch-computer-online-grundlagen-mit-windows-11-microsoft-edge-und-microsoft-outlook-2021-365-ecdl-workforce-education-base-modul-verfuegbar-ab-ende-september-2024\/\",\"name\":\"Lehrbuch: Computer- & Online-Grundlagen mit Windows 11, Microsoft Edge und Microsoft Outlook 2021\/365 (ICDL\/ECDL Workforce\/Education Base Modul) - EduBox GmbH\",\"isPartOf\":{\"@id\":\"https:\/\/www.edubox.ch\/shop\/#website\"},\"primaryImageOfPage\":{\"@id\":\"https:\/\/www.edubox.ch\/shop\/produkt\/lehrbuch-computer-online-grundlagen-mit-windows-11-microsoft-edge-und-microsoft-outlook-2021-365-ecdl-workforce-education-base-modul-verfuegbar-ab-ende-september-2024\/#primaryimage\"},\"image\":{\"@id\":\"https:\/\/www.edubox.ch\/shop\/produkt\/lehrbuch-computer-online-grundlagen-mit-windows-11-microsoft-edge-und-microsoft-outlook-2021-365-ecdl-workforce-education-base-modul-verfuegbar-ab-ende-september-2024\/#primaryimage\"},\"thumbnailUrl\":\"https:\/\/www.edubox.ch\/shop\/wp-content\/uploads\/CGOG-BA.png\",\"datePublished\":\"2024-08-26T06:46:56+00:00\",\"dateModified\":\"2026-03-11T16:47:28+00:00\",\"breadcrumb\":{\"@id\":\"https:\/\/www.edubox.ch\/shop\/produkt\/lehrbuch-computer-online-grundlagen-mit-windows-11-microsoft-edge-und-microsoft-outlook-2021-365-ecdl-workforce-education-base-modul-verfuegbar-ab-ende-september-2024\/#breadcrumb\"},\"inLanguage\":\"de-CH\",\"potentialAction\":[{\"@type\":\"ReadAction\",\"target\":[\"https:\/\/www.edubox.ch\/shop\/produkt\/lehrbuch-computer-online-grundlagen-mit-windows-11-microsoft-edge-und-microsoft-outlook-2021-365-ecdl-workforce-education-base-modul-verfuegbar-ab-ende-september-2024\/\"]}]},{\"@type\":\"ImageObject\",\"inLanguage\":\"de-CH\",\"@id\":\"https:\/\/www.edubox.ch\/shop\/produkt\/lehrbuch-computer-online-grundlagen-mit-windows-11-microsoft-edge-und-microsoft-outlook-2021-365-ecdl-workforce-education-base-modul-verfuegbar-ab-ende-september-2024\/#primaryimage\",\"url\":\"https:\/\/www.edubox.ch\/shop\/wp-content\/uploads\/CGOG-BA.png\",\"contentUrl\":\"https:\/\/www.edubox.ch\/shop\/wp-content\/uploads\/CGOG-BA.png\",\"width\":2204,\"height\":2250},{\"@type\":\"BreadcrumbList\",\"@id\":\"https:\/\/www.edubox.ch\/shop\/produkt\/lehrbuch-computer-online-grundlagen-mit-windows-11-microsoft-edge-und-microsoft-outlook-2021-365-ecdl-workforce-education-base-modul-verfuegbar-ab-ende-september-2024\/#breadcrumb\",\"itemListElement\":[{\"@type\":\"ListItem\",\"position\":1,\"name\":\"Startseite\",\"item\":\"https:\/\/www.edubox.ch\/shop\/\"},{\"@type\":\"ListItem\",\"position\":2,\"name\":\"Alle Produkte\",\"item\":\"https:\/\/www.edubox.ch\/shop\/alle-produkte\/\"},{\"@type\":\"ListItem\",\"position\":3,\"name\":\"Lehrbuch: Computer- &#038; Online-Grundlagen mit Windows 11, Microsoft Edge und Microsoft Outlook 2021\/365 (ICDL\/ECDL Workforce\/Education Base Modul)\"}]},{\"@type\":\"WebSite\",\"@id\":\"https:\/\/www.edubox.ch\/shop\/#website\",\"url\":\"https:\/\/www.edubox.ch\/shop\/\",\"name\":\"EduBox GmbH\",\"description\":\"Die erste virtuelle ICT-Schule der Schweiz!\",\"publisher\":{\"@id\":\"https:\/\/www.edubox.ch\/shop\/#organization\"},\"potentialAction\":[{\"@type\":\"SearchAction\",\"target\":{\"@type\":\"EntryPoint\",\"urlTemplate\":\"https:\/\/www.edubox.ch\/shop\/?s={search_term_string}\"},\"query-input\":{\"@type\":\"PropertyValueSpecification\",\"valueRequired\":true,\"valueName\":\"search_term_string\"}}],\"inLanguage\":\"de-CH\"},{\"@type\":\"Organization\",\"@id\":\"https:\/\/www.edubox.ch\/shop\/#organization\",\"name\":\"EduBox GmbH\",\"url\":\"https:\/\/www.edubox.ch\/shop\/\",\"logo\":{\"@type\":\"ImageObject\",\"inLanguage\":\"de-CH\",\"@id\":\"https:\/\/www.edubox.ch\/shop\/#\/schema\/logo\/image\/\",\"url\":\"https:\/\/www.edubox.ch\/shop\/wp-content\/uploads\/Logo-Laengs-ohne-Slogan-Transparent-Hoehe-1.5cm-fuer-Lehrbuch-KfK.png\",\"contentUrl\":\"https:\/\/www.edubox.ch\/shop\/wp-content\/uploads\/Logo-Laengs-ohne-Slogan-Transparent-Hoehe-1.5cm-fuer-Lehrbuch-KfK.png\",\"width\":725,\"height\":177,\"caption\":\"EduBox GmbH\"},\"image\":{\"@id\":\"https:\/\/www.edubox.ch\/shop\/#\/schema\/logo\/image\/\"},\"sameAs\":[\"https:\/\/www.facebook.com\/EduBox.CH\",\"https:\/\/x.com\/EduBox_CH\",\"https:\/\/www.linkedin.com\/company\/2981682\/admin\/dashboard\/\",\"https:\/\/www.xing.com\/pages\/eduboxgmbh\"]}]}<\/script>\n<!-- \/ Yoast SEO plugin. -->","yoast_head_json":{"title":"Lehrbuch: Computer- & Online-Grundlagen mit Windows 11, Microsoft Edge und Microsoft Outlook 2021\/365 (ICDL\/ECDL Workforce\/Education Base Modul) - EduBox GmbH","robots":{"index":"index","follow":"follow","max-snippet":"max-snippet:-1","max-image-preview":"max-image-preview:large","max-video-preview":"max-video-preview:-1"},"canonical":"https:\/\/www.edubox.ch\/shop\/produkt\/lehrbuch-computer-online-grundlagen-mit-windows-11-microsoft-edge-und-microsoft-outlook-2021-365-ecdl-workforce-education-base-modul-verfuegbar-ab-ende-september-2024\/","og_locale":"de_DE","og_type":"article","og_title":"Lehrbuch: Computer- & Online-Grundlagen mit Windows 11, Microsoft Edge und Microsoft Outlook 2021\/365 (ICDL\/ECDL Workforce\/Education Base Modul) - EduBox GmbH","og_description":"Dieses Lehrbuch enth\u00e4lt nicht den vollst\u00e4ndigen Inhalt der zwei Module \"Computer-Grundlagen\" und \"Online-Grundlagen\". Es ist das Lehrbuch f\u00fcr das neue ICDL-Modul \"Computer- &amp; Online-Grundlagen\", das die wichtigsten Aspekte der genannten Module zusammenfasst.  ICDL Workforce\/Education Base Modul  Klick f\u00fcr Klick zum ICDL Lehrmittel enthalten jeweils die komplette Theorie zu den Testinhalten eines ICDL Moduls.  Computer- &amp; Online-Grundlagen mit Windows 11, Microsoft Edge und Microsoft Outlook 2021\/365.  &lt;&lt; Leseprobe &gt;&gt;","og_url":"https:\/\/www.edubox.ch\/shop\/produkt\/lehrbuch-computer-online-grundlagen-mit-windows-11-microsoft-edge-und-microsoft-outlook-2021-365-ecdl-workforce-education-base-modul-verfuegbar-ab-ende-september-2024\/","og_site_name":"EduBox GmbH","article_publisher":"https:\/\/www.facebook.com\/EduBox.CH","article_modified_time":"2026-03-11T16:47:28+00:00","og_image":[{"width":2204,"height":2250,"url":"https:\/\/www.edubox.ch\/shop\/wp-content\/uploads\/CGOG-BA.png","type":"image\/png"}],"twitter_card":"summary_large_image","twitter_site":"@EduBox_CH","twitter_misc":{"Gesch\u00e4tzte Lesezeit":"1\u00a0Minute"},"schema":{"@context":"https:\/\/schema.org","@graph":[{"@type":"WebPage","@id":"https:\/\/www.edubox.ch\/shop\/produkt\/lehrbuch-computer-online-grundlagen-mit-windows-11-microsoft-edge-und-microsoft-outlook-2021-365-ecdl-workforce-education-base-modul-verfuegbar-ab-ende-september-2024\/","url":"https:\/\/www.edubox.ch\/shop\/produkt\/lehrbuch-computer-online-grundlagen-mit-windows-11-microsoft-edge-und-microsoft-outlook-2021-365-ecdl-workforce-education-base-modul-verfuegbar-ab-ende-september-2024\/","name":"Lehrbuch: Computer- & Online-Grundlagen mit Windows 11, Microsoft Edge und Microsoft Outlook 2021\/365 (ICDL\/ECDL Workforce\/Education Base Modul) - EduBox GmbH","isPartOf":{"@id":"https:\/\/www.edubox.ch\/shop\/#website"},"primaryImageOfPage":{"@id":"https:\/\/www.edubox.ch\/shop\/produkt\/lehrbuch-computer-online-grundlagen-mit-windows-11-microsoft-edge-und-microsoft-outlook-2021-365-ecdl-workforce-education-base-modul-verfuegbar-ab-ende-september-2024\/#primaryimage"},"image":{"@id":"https:\/\/www.edubox.ch\/shop\/produkt\/lehrbuch-computer-online-grundlagen-mit-windows-11-microsoft-edge-und-microsoft-outlook-2021-365-ecdl-workforce-education-base-modul-verfuegbar-ab-ende-september-2024\/#primaryimage"},"thumbnailUrl":"https:\/\/www.edubox.ch\/shop\/wp-content\/uploads\/CGOG-BA.png","datePublished":"2024-08-26T06:46:56+00:00","dateModified":"2026-03-11T16:47:28+00:00","breadcrumb":{"@id":"https:\/\/www.edubox.ch\/shop\/produkt\/lehrbuch-computer-online-grundlagen-mit-windows-11-microsoft-edge-und-microsoft-outlook-2021-365-ecdl-workforce-education-base-modul-verfuegbar-ab-ende-september-2024\/#breadcrumb"},"inLanguage":"de-CH","potentialAction":[{"@type":"ReadAction","target":["https:\/\/www.edubox.ch\/shop\/produkt\/lehrbuch-computer-online-grundlagen-mit-windows-11-microsoft-edge-und-microsoft-outlook-2021-365-ecdl-workforce-education-base-modul-verfuegbar-ab-ende-september-2024\/"]}]},{"@type":"ImageObject","inLanguage":"de-CH","@id":"https:\/\/www.edubox.ch\/shop\/produkt\/lehrbuch-computer-online-grundlagen-mit-windows-11-microsoft-edge-und-microsoft-outlook-2021-365-ecdl-workforce-education-base-modul-verfuegbar-ab-ende-september-2024\/#primaryimage","url":"https:\/\/www.edubox.ch\/shop\/wp-content\/uploads\/CGOG-BA.png","contentUrl":"https:\/\/www.edubox.ch\/shop\/wp-content\/uploads\/CGOG-BA.png","width":2204,"height":2250},{"@type":"BreadcrumbList","@id":"https:\/\/www.edubox.ch\/shop\/produkt\/lehrbuch-computer-online-grundlagen-mit-windows-11-microsoft-edge-und-microsoft-outlook-2021-365-ecdl-workforce-education-base-modul-verfuegbar-ab-ende-september-2024\/#breadcrumb","itemListElement":[{"@type":"ListItem","position":1,"name":"Startseite","item":"https:\/\/www.edubox.ch\/shop\/"},{"@type":"ListItem","position":2,"name":"Alle Produkte","item":"https:\/\/www.edubox.ch\/shop\/alle-produkte\/"},{"@type":"ListItem","position":3,"name":"Lehrbuch: Computer- &#038; Online-Grundlagen mit Windows 11, Microsoft Edge und Microsoft Outlook 2021\/365 (ICDL\/ECDL Workforce\/Education Base Modul)"}]},{"@type":"WebSite","@id":"https:\/\/www.edubox.ch\/shop\/#website","url":"https:\/\/www.edubox.ch\/shop\/","name":"EduBox GmbH","description":"Die erste virtuelle ICT-Schule der Schweiz!","publisher":{"@id":"https:\/\/www.edubox.ch\/shop\/#organization"},"potentialAction":[{"@type":"SearchAction","target":{"@type":"EntryPoint","urlTemplate":"https:\/\/www.edubox.ch\/shop\/?s={search_term_string}"},"query-input":{"@type":"PropertyValueSpecification","valueRequired":true,"valueName":"search_term_string"}}],"inLanguage":"de-CH"},{"@type":"Organization","@id":"https:\/\/www.edubox.ch\/shop\/#organization","name":"EduBox GmbH","url":"https:\/\/www.edubox.ch\/shop\/","logo":{"@type":"ImageObject","inLanguage":"de-CH","@id":"https:\/\/www.edubox.ch\/shop\/#\/schema\/logo\/image\/","url":"https:\/\/www.edubox.ch\/shop\/wp-content\/uploads\/Logo-Laengs-ohne-Slogan-Transparent-Hoehe-1.5cm-fuer-Lehrbuch-KfK.png","contentUrl":"https:\/\/www.edubox.ch\/shop\/wp-content\/uploads\/Logo-Laengs-ohne-Slogan-Transparent-Hoehe-1.5cm-fuer-Lehrbuch-KfK.png","width":725,"height":177,"caption":"EduBox GmbH"},"image":{"@id":"https:\/\/www.edubox.ch\/shop\/#\/schema\/logo\/image\/"},"sameAs":["https:\/\/www.facebook.com\/EduBox.CH","https:\/\/x.com\/EduBox_CH","https:\/\/www.linkedin.com\/company\/2981682\/admin\/dashboard\/","https:\/\/www.xing.com\/pages\/eduboxgmbh"]}]}},"_links":{"self":[{"href":"https:\/\/www.edubox.ch\/shop\/wp-json\/wp\/v2\/product\/5031","targetHints":{"allow":["GET"]}}],"collection":[{"href":"https:\/\/www.edubox.ch\/shop\/wp-json\/wp\/v2\/product"}],"about":[{"href":"https:\/\/www.edubox.ch\/shop\/wp-json\/wp\/v2\/types\/product"}],"replies":[{"embeddable":true,"href":"https:\/\/www.edubox.ch\/shop\/wp-json\/wp\/v2\/comments?post=5031"}],"wp:featuredmedia":[{"embeddable":true,"href":"https:\/\/www.edubox.ch\/shop\/wp-json\/wp\/v2\/media\/5026"}],"wp:attachment":[{"href":"https:\/\/www.edubox.ch\/shop\/wp-json\/wp\/v2\/media?parent=5031"}],"wp:term":[{"taxonomy":"product_brand","embeddable":true,"href":"https:\/\/www.edubox.ch\/shop\/wp-json\/wp\/v2\/product_brand?post=5031"},{"taxonomy":"product_cat","embeddable":true,"href":"https:\/\/www.edubox.ch\/shop\/wp-json\/wp\/v2\/product_cat?post=5031"},{"taxonomy":"product_tag","embeddable":true,"href":"https:\/\/www.edubox.ch\/shop\/wp-json\/wp\/v2\/product_tag?post=5031"}],"curies":[{"name":"wp","href":"https:\/\/api.w.org\/{rel}","templated":true}]}}