{"id":5068,"date":"2024-09-30T09:54:17","date_gmt":"2024-09-30T08:54:17","guid":{"rendered":"https:\/\/www.edubox.ch\/shop\/?post_type=product&#038;p=5068"},"modified":"2026-03-11T17:39:25","modified_gmt":"2026-03-11T16:39:25","slug":"lehrbuch-office-grundlagen-mit-microsoft-word-excel-und-powerpoint-2021-365-ecdl-education-base-modul","status":"publish","type":"product","link":"https:\/\/www.edubox.ch\/shop\/produkt\/lehrbuch-office-grundlagen-mit-microsoft-word-excel-und-powerpoint-2021-365-ecdl-education-base-modul\/","title":{"rendered":"Lehrbuch: Office-Grundlagen mit Microsoft Word, Excel und PowerPoint 2021\/365 (ICDL Education Base Modul)"},"content":{"rendered":"<p>Schnell und einfach den kompletten Pr\u00fcfungsstoff des ICDL Education Base Moduls <strong>&#171;Office-Grundlagen mit Microsoft Word, Excel und PowerPoint 2021\/365&#187;<\/strong> erlernen. Alle Themen sind anhand von mehreren hundert farbigen Bildschirmbildern und wenig Text Schritt f\u00fcr Schritt erkl\u00e4rt. Dieses Lehrbuch ist ein ICDL autorisiertes Lehrmaterial, basiert auf dem <strong>Syllabus Version 1.0<\/strong> und beinhaltet nur pr\u00fcfungsrelevante Themen.<\/p>\n","protected":false},"excerpt":{"rendered":"<p><span style=\"color: #ff0000;\">Dieses Lehrbuch enth\u00e4lt <strong>nicht den vollst\u00e4ndigen Inhalt<\/strong> der drei Module &#171;Textverarbeitung&#187;, &#171;Tabellenkalkulation&#187; und &#171;Pr\u00e4sentation&#187;. Es ist das Lehrbuch f\u00fcr das neue ICDL-Modul &#171;Office-Grundlagen&#187;, das die wichtigsten Aspekte der genannten Module zusammenfasst.<\/span><\/p>\n<p>ICDL Education Base Modul<\/p>\n<p><strong>Klick f\u00fcr Klick zum ICDL<\/strong> Lehrmittel enthalten jeweils die komplette Theorie zu den Testinhalten eines ICDL Moduls.<\/p>\n<p>Office-Grundlagen mit Microsoft <strong>Word<\/strong>, <b>Excel <\/b>und <strong>PowerPoint 2021\/365.<\/strong><\/p>\n<p><a href=\"https:\/\/www.edubox.ch\/shop\/wp-content\/uploads\/leseprobe\/9783906310565_leseprobe_01.pdf\"><strong>&lt;&lt; Leseprobe &gt;&gt;<\/strong><\/a><\/p>\n","protected":false},"featured_media":5082,"comment_status":"open","ping_status":"closed","template":"","meta":{"_lmt_disableupdate":"no","_lmt_disable":""},"product_brand":[],"product_cat":[31,30,239],"product_tag":[12,11,607,44,624,10,618,619,54,53,52,595,41,7,8],"class_list":{"0":"post-5068","1":"product","2":"type-product","3":"status-publish","4":"has-post-thumbnail","6":"product_cat-ecdl-base-module","7":"product_cat-ecdl-lehrmittel-kfk","8":"product_cat-lehrbuecher","9":"product_tag-base","10":"product_tag-ecdl","11":"product_tag-education","12":"product_tag-excel","13":"product_tag-icdl","14":"product_tag-kfk","15":"product_tag-office-2021-365","16":"product_tag-office-grundlagen","17":"product_tag-online-grundlagen","18":"product_tag-powerpoint","19":"product_tag-praesentation","20":"product_tag-syllabus-version-1-0","21":"product_tag-tabellenkalkulation","22":"product_tag-textverarbeitung","23":"product_tag-word","25":"first","26":"instock","27":"sale","28":"taxable","29":"shipping-taxable","30":"purchasable","31":"product-type-variable"},"yoast_head":"<!-- This site is optimized with the Yoast SEO plugin v27.2 - https:\/\/yoast.com\/product\/yoast-seo-wordpress\/ -->\n<title>Lehrbuch: Office-Grundlagen mit Microsoft Word, Excel und PowerPoint 2021\/365 (ICDL Education Base Modul) - EduBox GmbH<\/title>\n<meta name=\"robots\" content=\"index, follow, max-snippet:-1, max-image-preview:large, max-video-preview:-1\" \/>\n<link rel=\"canonical\" href=\"https:\/\/www.edubox.ch\/shop\/produkt\/lehrbuch-office-grundlagen-mit-microsoft-word-excel-und-powerpoint-2021-365-ecdl-education-base-modul\/\" \/>\n<meta property=\"og:locale\" content=\"de_DE\" \/>\n<meta property=\"og:type\" content=\"article\" \/>\n<meta property=\"og:title\" content=\"Lehrbuch: Office-Grundlagen mit Microsoft Word, Excel und PowerPoint 2021\/365 (ICDL Education Base Modul) - EduBox GmbH\" \/>\n<meta property=\"og:description\" content=\"Dieses Lehrbuch enth\u00e4lt nicht den vollst\u00e4ndigen Inhalt der drei Module &quot;Textverarbeitung&quot;, &quot;Tabellenkalkulation&quot; und &quot;Pr\u00e4sentation&quot;. Es ist das Lehrbuch f\u00fcr das neue ICDL-Modul &quot;Office-Grundlagen&quot;, das die wichtigsten Aspekte der genannten Module zusammenfasst.  ICDL Education Base Modul  Klick f\u00fcr Klick zum ICDL Lehrmittel enthalten jeweils die komplette Theorie zu den Testinhalten eines ICDL Moduls.  Office-Grundlagen mit Microsoft Word, Excel und PowerPoint 2021\/365.  &lt;&lt; Leseprobe &gt;&gt;\" \/>\n<meta property=\"og:url\" content=\"https:\/\/www.edubox.ch\/shop\/produkt\/lehrbuch-office-grundlagen-mit-microsoft-word-excel-und-powerpoint-2021-365-ecdl-education-base-modul\/\" \/>\n<meta property=\"og:site_name\" content=\"EduBox GmbH\" \/>\n<meta property=\"article:publisher\" content=\"https:\/\/www.facebook.com\/EduBox.CH\" \/>\n<meta property=\"article:modified_time\" content=\"2026-03-11T16:39:25+00:00\" \/>\n<meta property=\"og:image\" content=\"https:\/\/www.edubox.ch\/shop\/wp-content\/uploads\/cover-1.png\" \/>\n\t<meta property=\"og:image:width\" content=\"2204\" \/>\n\t<meta property=\"og:image:height\" content=\"2250\" \/>\n\t<meta property=\"og:image:type\" content=\"image\/png\" \/>\n<meta name=\"twitter:card\" content=\"summary_large_image\" \/>\n<meta name=\"twitter:site\" content=\"@EduBox_CH\" \/>\n<meta name=\"twitter:label1\" content=\"Gesch\u00e4tzte Lesezeit\" \/>\n\t<meta name=\"twitter:data1\" content=\"1\u00a0Minute\" \/>\n<script type=\"application\/ld+json\" class=\"yoast-schema-graph\">{\"@context\":\"https:\/\/schema.org\",\"@graph\":[{\"@type\":\"WebPage\",\"@id\":\"https:\/\/www.edubox.ch\/shop\/produkt\/lehrbuch-office-grundlagen-mit-microsoft-word-excel-und-powerpoint-2021-365-ecdl-education-base-modul\/\",\"url\":\"https:\/\/www.edubox.ch\/shop\/produkt\/lehrbuch-office-grundlagen-mit-microsoft-word-excel-und-powerpoint-2021-365-ecdl-education-base-modul\/\",\"name\":\"Lehrbuch: Office-Grundlagen mit Microsoft Word, Excel und PowerPoint 2021\/365 (ICDL Education Base Modul) - EduBox GmbH\",\"isPartOf\":{\"@id\":\"https:\/\/www.edubox.ch\/shop\/#website\"},\"primaryImageOfPage\":{\"@id\":\"https:\/\/www.edubox.ch\/shop\/produkt\/lehrbuch-office-grundlagen-mit-microsoft-word-excel-und-powerpoint-2021-365-ecdl-education-base-modul\/#primaryimage\"},\"image\":{\"@id\":\"https:\/\/www.edubox.ch\/shop\/produkt\/lehrbuch-office-grundlagen-mit-microsoft-word-excel-und-powerpoint-2021-365-ecdl-education-base-modul\/#primaryimage\"},\"thumbnailUrl\":\"https:\/\/www.edubox.ch\/shop\/wp-content\/uploads\/cover-1.png\",\"datePublished\":\"2024-09-30T08:54:17+00:00\",\"dateModified\":\"2026-03-11T16:39:25+00:00\",\"breadcrumb\":{\"@id\":\"https:\/\/www.edubox.ch\/shop\/produkt\/lehrbuch-office-grundlagen-mit-microsoft-word-excel-und-powerpoint-2021-365-ecdl-education-base-modul\/#breadcrumb\"},\"inLanguage\":\"de-CH\",\"potentialAction\":[{\"@type\":\"ReadAction\",\"target\":[\"https:\/\/www.edubox.ch\/shop\/produkt\/lehrbuch-office-grundlagen-mit-microsoft-word-excel-und-powerpoint-2021-365-ecdl-education-base-modul\/\"]}]},{\"@type\":\"ImageObject\",\"inLanguage\":\"de-CH\",\"@id\":\"https:\/\/www.edubox.ch\/shop\/produkt\/lehrbuch-office-grundlagen-mit-microsoft-word-excel-und-powerpoint-2021-365-ecdl-education-base-modul\/#primaryimage\",\"url\":\"https:\/\/www.edubox.ch\/shop\/wp-content\/uploads\/cover-1.png\",\"contentUrl\":\"https:\/\/www.edubox.ch\/shop\/wp-content\/uploads\/cover-1.png\",\"width\":2204,\"height\":2250},{\"@type\":\"BreadcrumbList\",\"@id\":\"https:\/\/www.edubox.ch\/shop\/produkt\/lehrbuch-office-grundlagen-mit-microsoft-word-excel-und-powerpoint-2021-365-ecdl-education-base-modul\/#breadcrumb\",\"itemListElement\":[{\"@type\":\"ListItem\",\"position\":1,\"name\":\"Startseite\",\"item\":\"https:\/\/www.edubox.ch\/shop\/\"},{\"@type\":\"ListItem\",\"position\":2,\"name\":\"Alle Produkte\",\"item\":\"https:\/\/www.edubox.ch\/shop\/alle-produkte\/\"},{\"@type\":\"ListItem\",\"position\":3,\"name\":\"Lehrbuch: Office-Grundlagen mit Microsoft Word, Excel und PowerPoint 2021\/365 (ICDL Education Base Modul)\"}]},{\"@type\":\"WebSite\",\"@id\":\"https:\/\/www.edubox.ch\/shop\/#website\",\"url\":\"https:\/\/www.edubox.ch\/shop\/\",\"name\":\"EduBox GmbH\",\"description\":\"Die erste virtuelle ICT-Schule der Schweiz!\",\"publisher\":{\"@id\":\"https:\/\/www.edubox.ch\/shop\/#organization\"},\"potentialAction\":[{\"@type\":\"SearchAction\",\"target\":{\"@type\":\"EntryPoint\",\"urlTemplate\":\"https:\/\/www.edubox.ch\/shop\/?s={search_term_string}\"},\"query-input\":{\"@type\":\"PropertyValueSpecification\",\"valueRequired\":true,\"valueName\":\"search_term_string\"}}],\"inLanguage\":\"de-CH\"},{\"@type\":\"Organization\",\"@id\":\"https:\/\/www.edubox.ch\/shop\/#organization\",\"name\":\"EduBox GmbH\",\"url\":\"https:\/\/www.edubox.ch\/shop\/\",\"logo\":{\"@type\":\"ImageObject\",\"inLanguage\":\"de-CH\",\"@id\":\"https:\/\/www.edubox.ch\/shop\/#\/schema\/logo\/image\/\",\"url\":\"https:\/\/www.edubox.ch\/shop\/wp-content\/uploads\/Logo-Laengs-ohne-Slogan-Transparent-Hoehe-1.5cm-fuer-Lehrbuch-KfK.png\",\"contentUrl\":\"https:\/\/www.edubox.ch\/shop\/wp-content\/uploads\/Logo-Laengs-ohne-Slogan-Transparent-Hoehe-1.5cm-fuer-Lehrbuch-KfK.png\",\"width\":725,\"height\":177,\"caption\":\"EduBox GmbH\"},\"image\":{\"@id\":\"https:\/\/www.edubox.ch\/shop\/#\/schema\/logo\/image\/\"},\"sameAs\":[\"https:\/\/www.facebook.com\/EduBox.CH\",\"https:\/\/x.com\/EduBox_CH\",\"https:\/\/www.linkedin.com\/company\/2981682\/admin\/dashboard\/\",\"https:\/\/www.xing.com\/pages\/eduboxgmbh\"]}]}<\/script>\n<!-- \/ Yoast SEO plugin. -->","yoast_head_json":{"title":"Lehrbuch: Office-Grundlagen mit Microsoft Word, Excel und PowerPoint 2021\/365 (ICDL Education Base Modul) - EduBox GmbH","robots":{"index":"index","follow":"follow","max-snippet":"max-snippet:-1","max-image-preview":"max-image-preview:large","max-video-preview":"max-video-preview:-1"},"canonical":"https:\/\/www.edubox.ch\/shop\/produkt\/lehrbuch-office-grundlagen-mit-microsoft-word-excel-und-powerpoint-2021-365-ecdl-education-base-modul\/","og_locale":"de_DE","og_type":"article","og_title":"Lehrbuch: Office-Grundlagen mit Microsoft Word, Excel und PowerPoint 2021\/365 (ICDL Education Base Modul) - EduBox GmbH","og_description":"Dieses Lehrbuch enth\u00e4lt nicht den vollst\u00e4ndigen Inhalt der drei Module \"Textverarbeitung\", \"Tabellenkalkulation\" und \"Pr\u00e4sentation\". Es ist das Lehrbuch f\u00fcr das neue ICDL-Modul \"Office-Grundlagen\", das die wichtigsten Aspekte der genannten Module zusammenfasst.  ICDL Education Base Modul  Klick f\u00fcr Klick zum ICDL Lehrmittel enthalten jeweils die komplette Theorie zu den Testinhalten eines ICDL Moduls.  Office-Grundlagen mit Microsoft Word, Excel und PowerPoint 2021\/365.  &lt;&lt; Leseprobe &gt;&gt;","og_url":"https:\/\/www.edubox.ch\/shop\/produkt\/lehrbuch-office-grundlagen-mit-microsoft-word-excel-und-powerpoint-2021-365-ecdl-education-base-modul\/","og_site_name":"EduBox GmbH","article_publisher":"https:\/\/www.facebook.com\/EduBox.CH","article_modified_time":"2026-03-11T16:39:25+00:00","og_image":[{"width":2204,"height":2250,"url":"https:\/\/www.edubox.ch\/shop\/wp-content\/uploads\/cover-1.png","type":"image\/png"}],"twitter_card":"summary_large_image","twitter_site":"@EduBox_CH","twitter_misc":{"Gesch\u00e4tzte Lesezeit":"1\u00a0Minute"},"schema":{"@context":"https:\/\/schema.org","@graph":[{"@type":"WebPage","@id":"https:\/\/www.edubox.ch\/shop\/produkt\/lehrbuch-office-grundlagen-mit-microsoft-word-excel-und-powerpoint-2021-365-ecdl-education-base-modul\/","url":"https:\/\/www.edubox.ch\/shop\/produkt\/lehrbuch-office-grundlagen-mit-microsoft-word-excel-und-powerpoint-2021-365-ecdl-education-base-modul\/","name":"Lehrbuch: Office-Grundlagen mit Microsoft Word, Excel und PowerPoint 2021\/365 (ICDL Education Base Modul) - EduBox GmbH","isPartOf":{"@id":"https:\/\/www.edubox.ch\/shop\/#website"},"primaryImageOfPage":{"@id":"https:\/\/www.edubox.ch\/shop\/produkt\/lehrbuch-office-grundlagen-mit-microsoft-word-excel-und-powerpoint-2021-365-ecdl-education-base-modul\/#primaryimage"},"image":{"@id":"https:\/\/www.edubox.ch\/shop\/produkt\/lehrbuch-office-grundlagen-mit-microsoft-word-excel-und-powerpoint-2021-365-ecdl-education-base-modul\/#primaryimage"},"thumbnailUrl":"https:\/\/www.edubox.ch\/shop\/wp-content\/uploads\/cover-1.png","datePublished":"2024-09-30T08:54:17+00:00","dateModified":"2026-03-11T16:39:25+00:00","breadcrumb":{"@id":"https:\/\/www.edubox.ch\/shop\/produkt\/lehrbuch-office-grundlagen-mit-microsoft-word-excel-und-powerpoint-2021-365-ecdl-education-base-modul\/#breadcrumb"},"inLanguage":"de-CH","potentialAction":[{"@type":"ReadAction","target":["https:\/\/www.edubox.ch\/shop\/produkt\/lehrbuch-office-grundlagen-mit-microsoft-word-excel-und-powerpoint-2021-365-ecdl-education-base-modul\/"]}]},{"@type":"ImageObject","inLanguage":"de-CH","@id":"https:\/\/www.edubox.ch\/shop\/produkt\/lehrbuch-office-grundlagen-mit-microsoft-word-excel-und-powerpoint-2021-365-ecdl-education-base-modul\/#primaryimage","url":"https:\/\/www.edubox.ch\/shop\/wp-content\/uploads\/cover-1.png","contentUrl":"https:\/\/www.edubox.ch\/shop\/wp-content\/uploads\/cover-1.png","width":2204,"height":2250},{"@type":"BreadcrumbList","@id":"https:\/\/www.edubox.ch\/shop\/produkt\/lehrbuch-office-grundlagen-mit-microsoft-word-excel-und-powerpoint-2021-365-ecdl-education-base-modul\/#breadcrumb","itemListElement":[{"@type":"ListItem","position":1,"name":"Startseite","item":"https:\/\/www.edubox.ch\/shop\/"},{"@type":"ListItem","position":2,"name":"Alle Produkte","item":"https:\/\/www.edubox.ch\/shop\/alle-produkte\/"},{"@type":"ListItem","position":3,"name":"Lehrbuch: Office-Grundlagen mit Microsoft Word, Excel und PowerPoint 2021\/365 (ICDL Education Base Modul)"}]},{"@type":"WebSite","@id":"https:\/\/www.edubox.ch\/shop\/#website","url":"https:\/\/www.edubox.ch\/shop\/","name":"EduBox GmbH","description":"Die erste virtuelle ICT-Schule der Schweiz!","publisher":{"@id":"https:\/\/www.edubox.ch\/shop\/#organization"},"potentialAction":[{"@type":"SearchAction","target":{"@type":"EntryPoint","urlTemplate":"https:\/\/www.edubox.ch\/shop\/?s={search_term_string}"},"query-input":{"@type":"PropertyValueSpecification","valueRequired":true,"valueName":"search_term_string"}}],"inLanguage":"de-CH"},{"@type":"Organization","@id":"https:\/\/www.edubox.ch\/shop\/#organization","name":"EduBox GmbH","url":"https:\/\/www.edubox.ch\/shop\/","logo":{"@type":"ImageObject","inLanguage":"de-CH","@id":"https:\/\/www.edubox.ch\/shop\/#\/schema\/logo\/image\/","url":"https:\/\/www.edubox.ch\/shop\/wp-content\/uploads\/Logo-Laengs-ohne-Slogan-Transparent-Hoehe-1.5cm-fuer-Lehrbuch-KfK.png","contentUrl":"https:\/\/www.edubox.ch\/shop\/wp-content\/uploads\/Logo-Laengs-ohne-Slogan-Transparent-Hoehe-1.5cm-fuer-Lehrbuch-KfK.png","width":725,"height":177,"caption":"EduBox GmbH"},"image":{"@id":"https:\/\/www.edubox.ch\/shop\/#\/schema\/logo\/image\/"},"sameAs":["https:\/\/www.facebook.com\/EduBox.CH","https:\/\/x.com\/EduBox_CH","https:\/\/www.linkedin.com\/company\/2981682\/admin\/dashboard\/","https:\/\/www.xing.com\/pages\/eduboxgmbh"]}]}},"_links":{"self":[{"href":"https:\/\/www.edubox.ch\/shop\/wp-json\/wp\/v2\/product\/5068","targetHints":{"allow":["GET"]}}],"collection":[{"href":"https:\/\/www.edubox.ch\/shop\/wp-json\/wp\/v2\/product"}],"about":[{"href":"https:\/\/www.edubox.ch\/shop\/wp-json\/wp\/v2\/types\/product"}],"replies":[{"embeddable":true,"href":"https:\/\/www.edubox.ch\/shop\/wp-json\/wp\/v2\/comments?post=5068"}],"wp:featuredmedia":[{"embeddable":true,"href":"https:\/\/www.edubox.ch\/shop\/wp-json\/wp\/v2\/media\/5082"}],"wp:attachment":[{"href":"https:\/\/www.edubox.ch\/shop\/wp-json\/wp\/v2\/media?parent=5068"}],"wp:term":[{"taxonomy":"product_brand","embeddable":true,"href":"https:\/\/www.edubox.ch\/shop\/wp-json\/wp\/v2\/product_brand?post=5068"},{"taxonomy":"product_cat","embeddable":true,"href":"https:\/\/www.edubox.ch\/shop\/wp-json\/wp\/v2\/product_cat?post=5068"},{"taxonomy":"product_tag","embeddable":true,"href":"https:\/\/www.edubox.ch\/shop\/wp-json\/wp\/v2\/product_tag?post=5068"}],"curies":[{"name":"wp","href":"https:\/\/api.w.org\/{rel}","templated":true}]}}