{"id":5187,"date":"2024-12-05T17:18:00","date_gmt":"2024-12-05T16:18:00","guid":{"rendered":"https:\/\/www.edubox.ch\/shop\/?post_type=product&#038;p=5187"},"modified":"2026-04-21T16:20:18","modified_gmt":"2026-04-21T15:20:18","slug":"siz-pu41-nur-pruefung","status":"publish","type":"product","link":"https:\/\/www.edubox.ch\/shop\/produkt\/siz-pu41-nur-pruefung\/","title":{"rendered":"SIZ PU41: Nur Pr\u00fcfung (inkl. Probepr\u00fcfungen) f\u00fcr angehende Fachleute Finanz- und Rechnungswesen"},"content":{"rendered":"","protected":false},"excerpt":{"rendered":"<div>\n<p class=\"ai-optimize-31\">Diese virtuelle Pr\u00fcfung ist auf das SIZ PowerUser Modul PU41 f\u00fcr angehende \u00abFachfrauen und Fachm\u00e4nner im Finanz- und Rechnungswesen\u00bb zugeschnitten.<\/p>\n<\/div>\n<hr \/>\n<h2 class=\"ai-optimize-32\">Pr\u00fcfungstermine<\/h2>\n<p class=\"ai-optimize-33\"><span style=\"text-decoration: underline;\"><b>&#171;Winter&#187; 2026\/27 (Januar\/M\u00e4rz)<\/b><\/span><br \/>\n<em style=\"font-weight: bold;\">Tag\/Zeit: <\/em>Mittwoch-Abend, 18.00 bis ca. 20.00 Uhr<br \/>\n<strong><em>Status:<span style=\"color: #ff6600;\">\u00a0<\/span><span style=\"color: #000000;\">Offen!<\/span><\/em><\/strong><\/p>\n<details>\n<summary><span style=\"color: #999999;\"><strong><em>Detailablauf:<\/em><\/strong><\/span><\/summary>\n<ul>\n<li>Letztm\u00f6glicher Anmeldetermin: 18.12.2026<\/li>\n<li><strong>1. Termin: 13.01.2027 (Modulpr\u00fcfung, Dauer 90 Min.)<\/strong><\/li>\n<li>Pr\u00fcfungskorrekturen SIZ, Dauer 2-4 Wochen<\/li>\n<li>Fr\u00fcheste Resultatbekanntgabe ab 26.01.2027<\/li>\n<li><strong>2. Termin: 03.03.2027 (Pr\u00fcfungswiederholung (nur falls nicht bestanden), Dauer 90 Min.)<\/strong><\/li>\n<li>Pr\u00fcfungskorrekturen SIZ bei Pr\u00fcfungswiederholung, Dauer 2-4 Wochen<\/li>\n<li>Fr\u00fcheste Resultatbekanntgabe bei Pr\u00fcfungswiederholung ab 16.03.2027<\/li>\n<\/ul>\n<\/details>\n<p>&nbsp;<\/p>\n<p class=\"ai-optimize-35\"><span style=\"text-decoration: underline;\"><b>&#171;Fr\u00fchling&#187; 2027 (Januar-April\/Mai)<\/b><\/span><br \/>\n<em style=\"font-weight: bold;\">Tag\/Zeit: <\/em>Mittwoch-Abend<b><i>, <\/i><\/b>18.00 bis 21.15 Uhr<br \/>\n<strong><em>Status: <span style=\"color: #0000ff;\">Es sind bislang nicht gen\u00fcgend Anmeldungen f\u00fcr eine definitive Durchf\u00fchrung eingegangen.<\/span><\/em><\/strong><\/p>\n<details>\n<summary><span style=\"color: #999999;\"><strong><em>Detailablauf:<\/em><\/strong><\/span><\/summary>\n<ul>\n<li class=\"ai-optimize-36\"><strong>Die genauen Daten folgen im Herbst 2026.<\/strong><\/li>\n<\/ul>\n<\/details>\n<p>&nbsp;<\/p>\n<p class=\"ai-optimize-47\"><span style=\"text-decoration: underline;\"><b>&#171;Sommer&#187; 2026 (Juli\/August)<\/b><\/span><br \/>\n<em style=\"font-weight: bold;\">Tag\/Zeit: <\/em>Mittwoch-Abend,<strong><em>\u00a0<\/em><\/strong>18.00 bis ca. 20.00 Uhr<br \/>\n<strong><em>Status: <span style=\"color: #ff6600;\"><span style=\"color: #339966;\">Findet definitiv statt!<\/span><\/span><\/em><\/strong><\/p>\n<details>\n<summary><span style=\"color: #999999;\"><strong><em>Detailablauf:<\/em><\/strong><\/span><\/summary>\n<ul>\n<li>Letztm\u00f6glicher Anmeldetermin: 10.06.2026<\/li>\n<li class=\"ai-optimize-56\"><strong>1. Termin: 01.07.2026 (Modulpr\u00fcfung, Dauer 90 Min.)<\/strong><\/li>\n<li class=\"ai-optimize-56\">Pr\u00fcfungskorrekturen SIZ, Dauer 2-4 Wochen<\/li>\n<li class=\"ai-optimize-56\">Sommerferien 13.07. bis 16.08.2026<\/li>\n<li class=\"ai-optimize-56\">Fr\u00fcheste Resultatbekanntgabe ab 14.07.2026<\/li>\n<li class=\"ai-optimize-56\"><strong>2. Termin: 19.08.2026 (Pr\u00fcfungswiederholung (nur falls nicht bestanden), Dauer 90 Min.)<\/strong><\/li>\n<li class=\"ai-optimize-56\">Pr\u00fcfungskorrekturen SIZ bei Pr\u00fcfungswiederholung, Dauer 2-4 Wochen<\/li>\n<li class=\"ai-optimize-56\">Fr\u00fcheste Resultatbekanntgabe bei Pr\u00fcfungswiederholung ab 01.09.2026<\/li>\n<\/ul>\n<\/details>\n<p>&nbsp;<\/p>\n<hr \/>\n<h2 class=\"ai-optimize-55\">Wichtige Informationen<\/h2>\n<details>\n<summary><span style=\"color: #000000;\"><strong>Im Preis enthalten<\/strong><\/span><\/summary>\n<ul>\n<li class=\"ai-optimize-56\">Testpr\u00fcfungen Train@SIZ f\u00fcr 2 Jahre<\/li>\n<li class=\"ai-optimize-57\">Pr\u00fcfungsgeb\u00fchr inkl. zweitem Versuch bei nicht bestehen<br \/>\n<span style=\"color: #000000;\">(nur f\u00fcr angehende Fachleute im Finanz- und Rechnungswesen ist der zweite Versuch kostenlos)<\/span><\/li>\n<\/ul>\n<\/details>\n<details>\n<summary><span style=\"color: #000000;\"><strong>Sp\u00e4teste Anmelde- und Zahlm\u00f6glichkeit<\/strong><\/span><\/summary>\n<ul>\n<li class=\"ai-optimize-58\">3 Wochen vor dem 1. Pr\u00fcfungsdatum und ausserhalb unserer Betriebsferien<\/li>\n<\/ul>\n<\/details>\n<details>\n<summary><span style=\"color: #000000;\"><strong>Bundesbeitr\u00e4ge eidgen\u00f6ssische Pr\u00fcfungen<\/strong><\/span><\/summary>\n<p><img loading=\"lazy\" decoding=\"async\" class=\"wp-image-2499\" title=\"Bundesbeitr\u00e4ge eidgen\u00f6ssische Pr\u00fcfungen\" src=\"https:\/\/www.edubox.ch\/shop\/wp-content\/uploads\/SBFI_Link-Button_de.gif\" alt=\"Bundesbeitr\u00e4ge eidgen\u00f6ssische Pr\u00fcfungen\" width=\"200\" height=\"200\" \/><\/p>\n<p class=\"ai-optimize-59\">Wer sich auf eine eidgen\u00f6ssische Pr\u00fcfung vorbereitet, wird vom Bund finanziell unterst\u00fctzt. Bei einer <strong>Berufspr\u00fcfung \u00abFachmann\/-frau im Finanz- und Rechnungswesen mit eidg. Fachausweis\u00bb<\/strong> betr\u00e4gt der <strong>Bundesbeitrag 50 % bis maximal 9\u2019500 Franken<\/strong>. Die Regelung gilt seit dem 1. Januar 2018.<\/p>\n<p class=\"ai-optimize-60\">Detailliertere Informationen entnehmen Sie dieser Seite: <a href=\"https:\/\/www.edubox.ch\/shop\/bundesbeitrage-eidgenossische-prufungen\/\">Bundesbeitr\u00e4ge eidgen\u00f6ssische Pr\u00fcfungen.<\/a><\/p>\n<\/details>\n","protected":false},"featured_media":5548,"comment_status":"open","ping_status":"closed","template":"","meta":{"_lmt_disableupdate":"no","_lmt_disable":""},"product_brand":[666],"product_cat":[660,657],"product_tag":[478,582,580,578,581,475],"class_list":{"0":"post-5187","1":"product","2":"type-product","3":"status-publish","4":"has-post-thumbnail","6":"product_brand-siz","7":"product_cat-anmeldung-siz-pu41","8":"product_cat-pruefungsanmeldung","9":"product_tag-fachfrau-fachmann-im-finanz-und-rechnungswesen-mit-eidg-fachausweis","10":"product_tag-ict-power-user-siz-office","11":"product_tag-office-integration-tabellen-daten","12":"product_tag-pu41","13":"product_tag-siz","14":"product_tag-tabellenkalkulation-advanced","16":"first","17":"instock","18":"taxable","19":"shipping-taxable","20":"purchasable","21":"product-type-variable"},"yoast_head":"<!-- This site is optimized with the Yoast SEO plugin v27.2 - https:\/\/yoast.com\/product\/yoast-seo-wordpress\/ -->\n<title>SIZ PU41: Nur Pr\u00fcfung (inkl. Probepr\u00fcfungen) f\u00fcr angehende Fachleute Finanz- und Rechnungswesen - EduBox GmbH<\/title>\n<meta name=\"description\" content=\"Nehmen Sie an der SIZ PU41 nur Pr\u00fcfung bequem von zu Hause teil. Stellen Sie sicher, dass Sie \u00fcber alles Notwendige verf\u00fcgen und seien Sie bereit! \ud83c\udf10\" \/>\n<meta name=\"robots\" content=\"index, follow, max-snippet:-1, max-image-preview:large, max-video-preview:-1\" \/>\n<link rel=\"canonical\" href=\"https:\/\/www.edubox.ch\/shop\/produkt\/siz-pu41-nur-pruefung\/\" \/>\n<meta property=\"og:locale\" content=\"de_DE\" \/>\n<meta property=\"og:type\" content=\"article\" \/>\n<meta property=\"og:title\" content=\"SIZ PU41: Nur Pr\u00fcfung (inkl. Probepr\u00fcfungen) f\u00fcr angehende Fachleute Finanz- und Rechnungswesen - EduBox GmbH\" \/>\n<meta property=\"og:description\" content=\"Nehmen Sie an der SIZ PU41 nur Pr\u00fcfung bequem von zu Hause teil. Stellen Sie sicher, dass Sie \u00fcber alles Notwendige verf\u00fcgen und seien Sie bereit! \ud83c\udf10\" \/>\n<meta property=\"og:url\" content=\"https:\/\/www.edubox.ch\/shop\/produkt\/siz-pu41-nur-pruefung\/\" \/>\n<meta property=\"og:site_name\" content=\"EduBox GmbH\" \/>\n<meta property=\"article:publisher\" content=\"https:\/\/www.facebook.com\/EduBox.CH\" \/>\n<meta property=\"article:modified_time\" content=\"2026-04-21T15:20:18+00:00\" \/>\n<meta property=\"og:image\" content=\"https:\/\/www.edubox.ch\/shop\/wp-content\/uploads\/Frau-im-Finanz-und-Rechnungswesen-mit-PC-und-Excel.jpeg\" \/>\n\t<meta property=\"og:image:width\" content=\"1024\" \/>\n\t<meta property=\"og:image:height\" content=\"1024\" \/>\n\t<meta property=\"og:image:type\" content=\"image\/jpeg\" \/>\n<meta name=\"twitter:card\" content=\"summary_large_image\" \/>\n<meta name=\"twitter:site\" content=\"@EduBox_CH\" \/>\n<meta name=\"twitter:label1\" content=\"Gesch\u00e4tzte Lesezeit\" \/>\n\t<meta name=\"twitter:data1\" content=\"1\u00a0Minute\" \/>\n<script type=\"application\/ld+json\" class=\"yoast-schema-graph\">{\"@context\":\"https:\/\/schema.org\",\"@graph\":[{\"@type\":\"WebPage\",\"@id\":\"https:\/\/www.edubox.ch\/shop\/produkt\/siz-pu41-nur-pruefung\/\",\"url\":\"https:\/\/www.edubox.ch\/shop\/produkt\/siz-pu41-nur-pruefung\/\",\"name\":\"SIZ PU41: Nur Pr\u00fcfung (inkl. Probepr\u00fcfungen) f\u00fcr angehende Fachleute Finanz- und Rechnungswesen - EduBox GmbH\",\"isPartOf\":{\"@id\":\"https:\/\/www.edubox.ch\/shop\/#website\"},\"primaryImageOfPage\":{\"@id\":\"https:\/\/www.edubox.ch\/shop\/produkt\/siz-pu41-nur-pruefung\/#primaryimage\"},\"image\":{\"@id\":\"https:\/\/www.edubox.ch\/shop\/produkt\/siz-pu41-nur-pruefung\/#primaryimage\"},\"thumbnailUrl\":\"https:\/\/www.edubox.ch\/shop\/wp-content\/uploads\/Frau-im-Finanz-und-Rechnungswesen-mit-PC-und-Excel.jpeg\",\"datePublished\":\"2024-12-05T16:18:00+00:00\",\"dateModified\":\"2026-04-21T15:20:18+00:00\",\"description\":\"Nehmen Sie an der SIZ PU41 nur Pr\u00fcfung bequem von zu Hause teil. Stellen Sie sicher, dass Sie \u00fcber alles Notwendige verf\u00fcgen und seien Sie bereit! \ud83c\udf10\",\"breadcrumb\":{\"@id\":\"https:\/\/www.edubox.ch\/shop\/produkt\/siz-pu41-nur-pruefung\/#breadcrumb\"},\"inLanguage\":\"de-CH\",\"potentialAction\":[{\"@type\":\"ReadAction\",\"target\":[\"https:\/\/www.edubox.ch\/shop\/produkt\/siz-pu41-nur-pruefung\/\"]}]},{\"@type\":\"ImageObject\",\"inLanguage\":\"de-CH\",\"@id\":\"https:\/\/www.edubox.ch\/shop\/produkt\/siz-pu41-nur-pruefung\/#primaryimage\",\"url\":\"https:\/\/www.edubox.ch\/shop\/wp-content\/uploads\/Frau-im-Finanz-und-Rechnungswesen-mit-PC-und-Excel.jpeg\",\"contentUrl\":\"https:\/\/www.edubox.ch\/shop\/wp-content\/uploads\/Frau-im-Finanz-und-Rechnungswesen-mit-PC-und-Excel.jpeg\",\"width\":1024,\"height\":1024,\"caption\":\"Frau im Finanz- und Rechnungswesen mit PC und Excel\"},{\"@type\":\"BreadcrumbList\",\"@id\":\"https:\/\/www.edubox.ch\/shop\/produkt\/siz-pu41-nur-pruefung\/#breadcrumb\",\"itemListElement\":[{\"@type\":\"ListItem\",\"position\":1,\"name\":\"Startseite\",\"item\":\"https:\/\/www.edubox.ch\/shop\/\"},{\"@type\":\"ListItem\",\"position\":2,\"name\":\"Alle Produkte\",\"item\":\"https:\/\/www.edubox.ch\/shop\/alle-produkte\/\"},{\"@type\":\"ListItem\",\"position\":3,\"name\":\"SIZ PU41: Nur Pr\u00fcfung (inkl. Probepr\u00fcfungen) f\u00fcr angehende Fachleute Finanz- und Rechnungswesen\"}]},{\"@type\":\"WebSite\",\"@id\":\"https:\/\/www.edubox.ch\/shop\/#website\",\"url\":\"https:\/\/www.edubox.ch\/shop\/\",\"name\":\"EduBox GmbH\",\"description\":\"Die erste virtuelle ICT-Schule der Schweiz!\",\"publisher\":{\"@id\":\"https:\/\/www.edubox.ch\/shop\/#organization\"},\"potentialAction\":[{\"@type\":\"SearchAction\",\"target\":{\"@type\":\"EntryPoint\",\"urlTemplate\":\"https:\/\/www.edubox.ch\/shop\/?s={search_term_string}\"},\"query-input\":{\"@type\":\"PropertyValueSpecification\",\"valueRequired\":true,\"valueName\":\"search_term_string\"}}],\"inLanguage\":\"de-CH\"},{\"@type\":\"Organization\",\"@id\":\"https:\/\/www.edubox.ch\/shop\/#organization\",\"name\":\"EduBox GmbH\",\"url\":\"https:\/\/www.edubox.ch\/shop\/\",\"logo\":{\"@type\":\"ImageObject\",\"inLanguage\":\"de-CH\",\"@id\":\"https:\/\/www.edubox.ch\/shop\/#\/schema\/logo\/image\/\",\"url\":\"https:\/\/www.edubox.ch\/shop\/wp-content\/uploads\/Logo-Laengs-ohne-Slogan-Transparent-Hoehe-1.5cm-fuer-Lehrbuch-KfK.png\",\"contentUrl\":\"https:\/\/www.edubox.ch\/shop\/wp-content\/uploads\/Logo-Laengs-ohne-Slogan-Transparent-Hoehe-1.5cm-fuer-Lehrbuch-KfK.png\",\"width\":725,\"height\":177,\"caption\":\"EduBox GmbH\"},\"image\":{\"@id\":\"https:\/\/www.edubox.ch\/shop\/#\/schema\/logo\/image\/\"},\"sameAs\":[\"https:\/\/www.facebook.com\/EduBox.CH\",\"https:\/\/x.com\/EduBox_CH\",\"https:\/\/www.linkedin.com\/company\/2981682\/admin\/dashboard\/\",\"https:\/\/www.xing.com\/pages\/eduboxgmbh\"]}]}<\/script>\n<!-- \/ Yoast SEO plugin. -->","yoast_head_json":{"title":"SIZ PU41: Nur Pr\u00fcfung (inkl. Probepr\u00fcfungen) f\u00fcr angehende Fachleute Finanz- und Rechnungswesen - EduBox GmbH","description":"Nehmen Sie an der SIZ PU41 nur Pr\u00fcfung bequem von zu Hause teil. Stellen Sie sicher, dass Sie \u00fcber alles Notwendige verf\u00fcgen und seien Sie bereit! \ud83c\udf10","robots":{"index":"index","follow":"follow","max-snippet":"max-snippet:-1","max-image-preview":"max-image-preview:large","max-video-preview":"max-video-preview:-1"},"canonical":"https:\/\/www.edubox.ch\/shop\/produkt\/siz-pu41-nur-pruefung\/","og_locale":"de_DE","og_type":"article","og_title":"SIZ PU41: Nur Pr\u00fcfung (inkl. Probepr\u00fcfungen) f\u00fcr angehende Fachleute Finanz- und Rechnungswesen - EduBox GmbH","og_description":"Nehmen Sie an der SIZ PU41 nur Pr\u00fcfung bequem von zu Hause teil. Stellen Sie sicher, dass Sie \u00fcber alles Notwendige verf\u00fcgen und seien Sie bereit! \ud83c\udf10","og_url":"https:\/\/www.edubox.ch\/shop\/produkt\/siz-pu41-nur-pruefung\/","og_site_name":"EduBox GmbH","article_publisher":"https:\/\/www.facebook.com\/EduBox.CH","article_modified_time":"2026-04-21T15:20:18+00:00","og_image":[{"width":1024,"height":1024,"url":"https:\/\/www.edubox.ch\/shop\/wp-content\/uploads\/Frau-im-Finanz-und-Rechnungswesen-mit-PC-und-Excel.jpeg","type":"image\/jpeg"}],"twitter_card":"summary_large_image","twitter_site":"@EduBox_CH","twitter_misc":{"Gesch\u00e4tzte Lesezeit":"1\u00a0Minute"},"schema":{"@context":"https:\/\/schema.org","@graph":[{"@type":"WebPage","@id":"https:\/\/www.edubox.ch\/shop\/produkt\/siz-pu41-nur-pruefung\/","url":"https:\/\/www.edubox.ch\/shop\/produkt\/siz-pu41-nur-pruefung\/","name":"SIZ PU41: Nur Pr\u00fcfung (inkl. Probepr\u00fcfungen) f\u00fcr angehende Fachleute Finanz- und Rechnungswesen - EduBox GmbH","isPartOf":{"@id":"https:\/\/www.edubox.ch\/shop\/#website"},"primaryImageOfPage":{"@id":"https:\/\/www.edubox.ch\/shop\/produkt\/siz-pu41-nur-pruefung\/#primaryimage"},"image":{"@id":"https:\/\/www.edubox.ch\/shop\/produkt\/siz-pu41-nur-pruefung\/#primaryimage"},"thumbnailUrl":"https:\/\/www.edubox.ch\/shop\/wp-content\/uploads\/Frau-im-Finanz-und-Rechnungswesen-mit-PC-und-Excel.jpeg","datePublished":"2024-12-05T16:18:00+00:00","dateModified":"2026-04-21T15:20:18+00:00","description":"Nehmen Sie an der SIZ PU41 nur Pr\u00fcfung bequem von zu Hause teil. Stellen Sie sicher, dass Sie \u00fcber alles Notwendige verf\u00fcgen und seien Sie bereit! \ud83c\udf10","breadcrumb":{"@id":"https:\/\/www.edubox.ch\/shop\/produkt\/siz-pu41-nur-pruefung\/#breadcrumb"},"inLanguage":"de-CH","potentialAction":[{"@type":"ReadAction","target":["https:\/\/www.edubox.ch\/shop\/produkt\/siz-pu41-nur-pruefung\/"]}]},{"@type":"ImageObject","inLanguage":"de-CH","@id":"https:\/\/www.edubox.ch\/shop\/produkt\/siz-pu41-nur-pruefung\/#primaryimage","url":"https:\/\/www.edubox.ch\/shop\/wp-content\/uploads\/Frau-im-Finanz-und-Rechnungswesen-mit-PC-und-Excel.jpeg","contentUrl":"https:\/\/www.edubox.ch\/shop\/wp-content\/uploads\/Frau-im-Finanz-und-Rechnungswesen-mit-PC-und-Excel.jpeg","width":1024,"height":1024,"caption":"Frau im Finanz- und Rechnungswesen mit PC und Excel"},{"@type":"BreadcrumbList","@id":"https:\/\/www.edubox.ch\/shop\/produkt\/siz-pu41-nur-pruefung\/#breadcrumb","itemListElement":[{"@type":"ListItem","position":1,"name":"Startseite","item":"https:\/\/www.edubox.ch\/shop\/"},{"@type":"ListItem","position":2,"name":"Alle Produkte","item":"https:\/\/www.edubox.ch\/shop\/alle-produkte\/"},{"@type":"ListItem","position":3,"name":"SIZ PU41: Nur Pr\u00fcfung (inkl. Probepr\u00fcfungen) f\u00fcr angehende Fachleute Finanz- und Rechnungswesen"}]},{"@type":"WebSite","@id":"https:\/\/www.edubox.ch\/shop\/#website","url":"https:\/\/www.edubox.ch\/shop\/","name":"EduBox GmbH","description":"Die erste virtuelle ICT-Schule der Schweiz!","publisher":{"@id":"https:\/\/www.edubox.ch\/shop\/#organization"},"potentialAction":[{"@type":"SearchAction","target":{"@type":"EntryPoint","urlTemplate":"https:\/\/www.edubox.ch\/shop\/?s={search_term_string}"},"query-input":{"@type":"PropertyValueSpecification","valueRequired":true,"valueName":"search_term_string"}}],"inLanguage":"de-CH"},{"@type":"Organization","@id":"https:\/\/www.edubox.ch\/shop\/#organization","name":"EduBox GmbH","url":"https:\/\/www.edubox.ch\/shop\/","logo":{"@type":"ImageObject","inLanguage":"de-CH","@id":"https:\/\/www.edubox.ch\/shop\/#\/schema\/logo\/image\/","url":"https:\/\/www.edubox.ch\/shop\/wp-content\/uploads\/Logo-Laengs-ohne-Slogan-Transparent-Hoehe-1.5cm-fuer-Lehrbuch-KfK.png","contentUrl":"https:\/\/www.edubox.ch\/shop\/wp-content\/uploads\/Logo-Laengs-ohne-Slogan-Transparent-Hoehe-1.5cm-fuer-Lehrbuch-KfK.png","width":725,"height":177,"caption":"EduBox GmbH"},"image":{"@id":"https:\/\/www.edubox.ch\/shop\/#\/schema\/logo\/image\/"},"sameAs":["https:\/\/www.facebook.com\/EduBox.CH","https:\/\/x.com\/EduBox_CH","https:\/\/www.linkedin.com\/company\/2981682\/admin\/dashboard\/","https:\/\/www.xing.com\/pages\/eduboxgmbh"]}]}},"_links":{"self":[{"href":"https:\/\/www.edubox.ch\/shop\/wp-json\/wp\/v2\/product\/5187","targetHints":{"allow":["GET"]}}],"collection":[{"href":"https:\/\/www.edubox.ch\/shop\/wp-json\/wp\/v2\/product"}],"about":[{"href":"https:\/\/www.edubox.ch\/shop\/wp-json\/wp\/v2\/types\/product"}],"replies":[{"embeddable":true,"href":"https:\/\/www.edubox.ch\/shop\/wp-json\/wp\/v2\/comments?post=5187"}],"wp:featuredmedia":[{"embeddable":true,"href":"https:\/\/www.edubox.ch\/shop\/wp-json\/wp\/v2\/media\/5548"}],"wp:attachment":[{"href":"https:\/\/www.edubox.ch\/shop\/wp-json\/wp\/v2\/media?parent=5187"}],"wp:term":[{"taxonomy":"product_brand","embeddable":true,"href":"https:\/\/www.edubox.ch\/shop\/wp-json\/wp\/v2\/product_brand?post=5187"},{"taxonomy":"product_cat","embeddable":true,"href":"https:\/\/www.edubox.ch\/shop\/wp-json\/wp\/v2\/product_cat?post=5187"},{"taxonomy":"product_tag","embeddable":true,"href":"https:\/\/www.edubox.ch\/shop\/wp-json\/wp\/v2\/product_tag?post=5187"}],"curies":[{"name":"wp","href":"https:\/\/api.w.org\/{rel}","templated":true}]}}