{"id":5517,"date":"2025-02-17T17:03:09","date_gmt":"2025-02-17T16:03:09","guid":{"rendered":"https:\/\/www.edubox.ch\/shop\/?post_type=product&#038;p=5517"},"modified":"2026-03-11T17:39:40","modified_gmt":"2026-03-11T16:39:40","slug":"icdl-profile-baufuehrung-word-excel-powerpoint","status":"publish","type":"product","link":"https:\/\/www.edubox.ch\/shop\/produkt\/icdl-profile-baufuehrung-word-excel-powerpoint\/","title":{"rendered":"ICDL\/ECDL-Bauf\u00fchrung (Word, Excel, PowerPoint)"},"content":{"rendered":"<h2>ICDL<\/h2>\n<p>Der ICDL \u00abInternational Certification of Digital Literacy\u00bb (auf Deutsch: \u00abInternationales Zertifikat f\u00fcr digitale F\u00e4higkeiten\u00bb) ist ein international anerkanntes Zertifikat, das praktische Fertigkeiten in den gebr\u00e4uchlichsten Computeranwendungen bescheinigt. Zur Erreichung eines ICDL-Zertifikats werden einzelne Modulpr\u00fcfungen an einem ICDL-Test Center (EduBox GmbH) absolviert. Kandidatinnen und Kandidaten k\u00f6nnen ihre Kenntnisse auf den Stufen \u00abICDL Base\u00bb, \u00abICDL Standard\u00bb und \u00abICDL Advanced\u00bb beweisen.<\/p>\n<h2>Module<\/h2>\n<p>In diesem virtuellen Schulungsangebot erlernen Sie die Testinhalte der drei ICDL-Module Textverarbeitung, Tabellenkalkulation und Pr\u00e4sentation.<\/p>\n<h3>Textverarbeitung mit Word<\/h3>\n<p>Dieses Modul behandelt die wesentlichen Kenntnisse und Fertigkeiten, die beim Einsatz eines Textverarbeitungsprogrammes zur Erstellung allt\u00e4glicher Briefe und Dokumente erforderlich sind.<\/p>\n<h3>Tabellenkalkulation mit Excel<\/h3>\n<p>Dieses Modul behandelt grundlegende Begriffe der Tabellenkalkulation und die wesentlichen Fertigkeiten, die beim Einsatz eines Tabellenkalkulationsprogramms zur Einstellung von druckfertigen Unterlagen erforderlich sind.<\/p>\n<h3>Pr\u00e4sentation mit PowerPoint<\/h3>\n<p>Dieses Modul behandelt die kompetente Nutzung eines Pr\u00e4sentationsprogramms,\u00a0 z.B. Text strukturiert auf Folien erfassen, eine Pr\u00e4sentation mit einheitlichem Foliendesign und Animationseffekten vorf\u00fchren und Handzettel drucken.<\/p>\n<p><strong>Unser Ziel ist es, Sie optimal auf die drei ICDL-Zertifikatspr\u00fcfungen vorzubereiten und Ihnen zum erfolgreichen Bestehen zu verhelfen.<\/strong><\/p>\n","protected":false},"excerpt":{"rendered":"<p>Diese ICDL\/ECDL Profile Schulung ist auf die Ausbildung \u00abVorbereitung HFP Bauf\u00fchrung\u00bb zugeschnitten.<\/p>\n<p>Wichtig: Die Module Word, Excel und PowerPoint k\u00f6nnen hier bei der EduBox GmbH absolviert werden. <span style=\"color: #ff0000;\">Das Modul Projektplanung (MS Project) muss am CAMPUS SURSEE absolviert werden.<\/span><\/p>\n<p>Hier lernen Sie selbst\u00e4ndig mit den e-Learning Kurse von bit media. Diese stehen f\u00fcr praxisnahen Zugang zur Thematik und nachhaltigen Lernerfolg. Die Lernprogramme nutzen dabei modernste Content Technologie um effektive und kurzweilige Lernerlebnisse zu bieten: Einfache und \u00fcbersichtliche Navigation, volle Skalierbarkeit der Lerninhalte und die Suche nach individuellen Themen.<\/p>\n<p>Am Ende jedes Webkursmoduls f\u00fchren Sie zu Hause eine Probepr\u00fcfung NORMAL (ICDL Diagnosetest) zur Pr\u00fcfungsvorbereitung durch. Danach vereinbaren Sie mit uns einen virtuellen Pr\u00fcfungstermin.<\/p>\n<p>Eine hohe Selbstdisziplin ist bei dieser Art des Lernens eine wichtige Voraussetzung.<\/p>\n","protected":false},"featured_media":5549,"comment_status":"open","ping_status":"closed","template":"","meta":{"_lmt_disableupdate":"no","_lmt_disable":""},"product_brand":[],"product_cat":[459],"product_tag":[],"class_list":{"0":"post-5517","1":"product","2":"type-product","3":"status-publish","4":"has-post-thumbnail","6":"product_cat-schulungen","8":"first","9":"instock","10":"taxable","11":"shipping-taxable","12":"purchasable","13":"product-type-variable"},"yoast_head":"<!-- This site is optimized with the Yoast SEO plugin v27.2 - https:\/\/yoast.com\/product\/yoast-seo-wordpress\/ -->\n<title>ICDL\/ECDL-Bauf\u00fchrung (Word, Excel, PowerPoint) - EduBox GmbH<\/title>\n<meta name=\"description\" content=\"Das ICDL\/ECDL Profil Bauf\u00fchrung bietet modulare Pr\u00fcfungen, um Ihre Computerkenntnisse zu bescheinigen. Entdecken Sie unsere Trainingsm\u00f6glichkeiten!\" \/>\n<meta name=\"robots\" content=\"index, follow, max-snippet:-1, max-image-preview:large, max-video-preview:-1\" \/>\n<link rel=\"canonical\" href=\"https:\/\/www.edubox.ch\/shop\/produkt\/icdl-profile-baufuehrung-word-excel-powerpoint\/\" \/>\n<meta property=\"og:locale\" content=\"de_DE\" \/>\n<meta property=\"og:type\" content=\"article\" \/>\n<meta property=\"og:title\" content=\"ICDL\/ECDL-Bauf\u00fchrung (Word, Excel, PowerPoint) - EduBox GmbH\" \/>\n<meta property=\"og:description\" content=\"Das ICDL\/ECDL Profil Bauf\u00fchrung bietet modulare Pr\u00fcfungen, um Ihre Computerkenntnisse zu bescheinigen. Entdecken Sie unsere Trainingsm\u00f6glichkeiten!\" \/>\n<meta property=\"og:url\" content=\"https:\/\/www.edubox.ch\/shop\/produkt\/icdl-profile-baufuehrung-word-excel-powerpoint\/\" \/>\n<meta property=\"og:site_name\" content=\"EduBox GmbH\" \/>\n<meta property=\"article:publisher\" content=\"https:\/\/www.facebook.com\/EduBox.CH\" \/>\n<meta property=\"article:modified_time\" content=\"2026-03-11T16:39:40+00:00\" \/>\n<meta property=\"og:image\" content=\"https:\/\/www.edubox.ch\/shop\/wp-content\/uploads\/Mann-Bauleitung-am-PC-mit-Bauplaenen.jpeg\" \/>\n\t<meta property=\"og:image:width\" content=\"1024\" \/>\n\t<meta property=\"og:image:height\" content=\"1024\" \/>\n\t<meta property=\"og:image:type\" content=\"image\/jpeg\" \/>\n<meta name=\"twitter:card\" content=\"summary_large_image\" \/>\n<meta name=\"twitter:site\" content=\"@EduBox_CH\" \/>\n<meta name=\"twitter:label1\" content=\"Gesch\u00e4tzte Lesezeit\" \/>\n\t<meta name=\"twitter:data1\" content=\"2\u00a0Minuten\" \/>\n<script type=\"application\/ld+json\" class=\"yoast-schema-graph\">{\"@context\":\"https:\/\/schema.org\",\"@graph\":[{\"@type\":\"WebPage\",\"@id\":\"https:\/\/www.edubox.ch\/shop\/produkt\/icdl-profile-baufuehrung-word-excel-powerpoint\/\",\"url\":\"https:\/\/www.edubox.ch\/shop\/produkt\/icdl-profile-baufuehrung-word-excel-powerpoint\/\",\"name\":\"ICDL\/ECDL-Bauf\u00fchrung (Word, Excel, PowerPoint) - EduBox GmbH\",\"isPartOf\":{\"@id\":\"https:\/\/www.edubox.ch\/shop\/#website\"},\"primaryImageOfPage\":{\"@id\":\"https:\/\/www.edubox.ch\/shop\/produkt\/icdl-profile-baufuehrung-word-excel-powerpoint\/#primaryimage\"},\"image\":{\"@id\":\"https:\/\/www.edubox.ch\/shop\/produkt\/icdl-profile-baufuehrung-word-excel-powerpoint\/#primaryimage\"},\"thumbnailUrl\":\"https:\/\/www.edubox.ch\/shop\/wp-content\/uploads\/Mann-Bauleitung-am-PC-mit-Bauplaenen.jpeg\",\"datePublished\":\"2025-02-17T16:03:09+00:00\",\"dateModified\":\"2026-03-11T16:39:40+00:00\",\"description\":\"Das ICDL\/ECDL Profil Bauf\u00fchrung bietet modulare Pr\u00fcfungen, um Ihre Computerkenntnisse zu bescheinigen. Entdecken Sie unsere Trainingsm\u00f6glichkeiten!\",\"breadcrumb\":{\"@id\":\"https:\/\/www.edubox.ch\/shop\/produkt\/icdl-profile-baufuehrung-word-excel-powerpoint\/#breadcrumb\"},\"inLanguage\":\"de-CH\",\"potentialAction\":[{\"@type\":\"ReadAction\",\"target\":[\"https:\/\/www.edubox.ch\/shop\/produkt\/icdl-profile-baufuehrung-word-excel-powerpoint\/\"]}]},{\"@type\":\"ImageObject\",\"inLanguage\":\"de-CH\",\"@id\":\"https:\/\/www.edubox.ch\/shop\/produkt\/icdl-profile-baufuehrung-word-excel-powerpoint\/#primaryimage\",\"url\":\"https:\/\/www.edubox.ch\/shop\/wp-content\/uploads\/Mann-Bauleitung-am-PC-mit-Bauplaenen.jpeg\",\"contentUrl\":\"https:\/\/www.edubox.ch\/shop\/wp-content\/uploads\/Mann-Bauleitung-am-PC-mit-Bauplaenen.jpeg\",\"width\":1024,\"height\":1024,\"caption\":\"Mann Bauleitung am PC mit Baupl\u00e4nen\"},{\"@type\":\"BreadcrumbList\",\"@id\":\"https:\/\/www.edubox.ch\/shop\/produkt\/icdl-profile-baufuehrung-word-excel-powerpoint\/#breadcrumb\",\"itemListElement\":[{\"@type\":\"ListItem\",\"position\":1,\"name\":\"Startseite\",\"item\":\"https:\/\/www.edubox.ch\/shop\/\"},{\"@type\":\"ListItem\",\"position\":2,\"name\":\"Alle Produkte\",\"item\":\"https:\/\/www.edubox.ch\/shop\/alle-produkte\/\"},{\"@type\":\"ListItem\",\"position\":3,\"name\":\"ICDL\/ECDL-Bauf\u00fchrung (Word, Excel, PowerPoint)\"}]},{\"@type\":\"WebSite\",\"@id\":\"https:\/\/www.edubox.ch\/shop\/#website\",\"url\":\"https:\/\/www.edubox.ch\/shop\/\",\"name\":\"EduBox GmbH\",\"description\":\"Die erste virtuelle ICT-Schule der Schweiz!\",\"publisher\":{\"@id\":\"https:\/\/www.edubox.ch\/shop\/#organization\"},\"potentialAction\":[{\"@type\":\"SearchAction\",\"target\":{\"@type\":\"EntryPoint\",\"urlTemplate\":\"https:\/\/www.edubox.ch\/shop\/?s={search_term_string}\"},\"query-input\":{\"@type\":\"PropertyValueSpecification\",\"valueRequired\":true,\"valueName\":\"search_term_string\"}}],\"inLanguage\":\"de-CH\"},{\"@type\":\"Organization\",\"@id\":\"https:\/\/www.edubox.ch\/shop\/#organization\",\"name\":\"EduBox GmbH\",\"url\":\"https:\/\/www.edubox.ch\/shop\/\",\"logo\":{\"@type\":\"ImageObject\",\"inLanguage\":\"de-CH\",\"@id\":\"https:\/\/www.edubox.ch\/shop\/#\/schema\/logo\/image\/\",\"url\":\"https:\/\/www.edubox.ch\/shop\/wp-content\/uploads\/Logo-Laengs-ohne-Slogan-Transparent-Hoehe-1.5cm-fuer-Lehrbuch-KfK.png\",\"contentUrl\":\"https:\/\/www.edubox.ch\/shop\/wp-content\/uploads\/Logo-Laengs-ohne-Slogan-Transparent-Hoehe-1.5cm-fuer-Lehrbuch-KfK.png\",\"width\":725,\"height\":177,\"caption\":\"EduBox GmbH\"},\"image\":{\"@id\":\"https:\/\/www.edubox.ch\/shop\/#\/schema\/logo\/image\/\"},\"sameAs\":[\"https:\/\/www.facebook.com\/EduBox.CH\",\"https:\/\/x.com\/EduBox_CH\",\"https:\/\/www.linkedin.com\/company\/2981682\/admin\/dashboard\/\",\"https:\/\/www.xing.com\/pages\/eduboxgmbh\"]}]}<\/script>\n<!-- \/ Yoast SEO plugin. -->","yoast_head_json":{"title":"ICDL\/ECDL-Bauf\u00fchrung (Word, Excel, PowerPoint) - EduBox GmbH","description":"Das ICDL\/ECDL Profil Bauf\u00fchrung bietet modulare Pr\u00fcfungen, um Ihre Computerkenntnisse zu bescheinigen. Entdecken Sie unsere Trainingsm\u00f6glichkeiten!","robots":{"index":"index","follow":"follow","max-snippet":"max-snippet:-1","max-image-preview":"max-image-preview:large","max-video-preview":"max-video-preview:-1"},"canonical":"https:\/\/www.edubox.ch\/shop\/produkt\/icdl-profile-baufuehrung-word-excel-powerpoint\/","og_locale":"de_DE","og_type":"article","og_title":"ICDL\/ECDL-Bauf\u00fchrung (Word, Excel, PowerPoint) - EduBox GmbH","og_description":"Das ICDL\/ECDL Profil Bauf\u00fchrung bietet modulare Pr\u00fcfungen, um Ihre Computerkenntnisse zu bescheinigen. Entdecken Sie unsere Trainingsm\u00f6glichkeiten!","og_url":"https:\/\/www.edubox.ch\/shop\/produkt\/icdl-profile-baufuehrung-word-excel-powerpoint\/","og_site_name":"EduBox GmbH","article_publisher":"https:\/\/www.facebook.com\/EduBox.CH","article_modified_time":"2026-03-11T16:39:40+00:00","og_image":[{"width":1024,"height":1024,"url":"https:\/\/www.edubox.ch\/shop\/wp-content\/uploads\/Mann-Bauleitung-am-PC-mit-Bauplaenen.jpeg","type":"image\/jpeg"}],"twitter_card":"summary_large_image","twitter_site":"@EduBox_CH","twitter_misc":{"Gesch\u00e4tzte Lesezeit":"2\u00a0Minuten"},"schema":{"@context":"https:\/\/schema.org","@graph":[{"@type":"WebPage","@id":"https:\/\/www.edubox.ch\/shop\/produkt\/icdl-profile-baufuehrung-word-excel-powerpoint\/","url":"https:\/\/www.edubox.ch\/shop\/produkt\/icdl-profile-baufuehrung-word-excel-powerpoint\/","name":"ICDL\/ECDL-Bauf\u00fchrung (Word, Excel, PowerPoint) - EduBox GmbH","isPartOf":{"@id":"https:\/\/www.edubox.ch\/shop\/#website"},"primaryImageOfPage":{"@id":"https:\/\/www.edubox.ch\/shop\/produkt\/icdl-profile-baufuehrung-word-excel-powerpoint\/#primaryimage"},"image":{"@id":"https:\/\/www.edubox.ch\/shop\/produkt\/icdl-profile-baufuehrung-word-excel-powerpoint\/#primaryimage"},"thumbnailUrl":"https:\/\/www.edubox.ch\/shop\/wp-content\/uploads\/Mann-Bauleitung-am-PC-mit-Bauplaenen.jpeg","datePublished":"2025-02-17T16:03:09+00:00","dateModified":"2026-03-11T16:39:40+00:00","description":"Das ICDL\/ECDL Profil Bauf\u00fchrung bietet modulare Pr\u00fcfungen, um Ihre Computerkenntnisse zu bescheinigen. Entdecken Sie unsere Trainingsm\u00f6glichkeiten!","breadcrumb":{"@id":"https:\/\/www.edubox.ch\/shop\/produkt\/icdl-profile-baufuehrung-word-excel-powerpoint\/#breadcrumb"},"inLanguage":"de-CH","potentialAction":[{"@type":"ReadAction","target":["https:\/\/www.edubox.ch\/shop\/produkt\/icdl-profile-baufuehrung-word-excel-powerpoint\/"]}]},{"@type":"ImageObject","inLanguage":"de-CH","@id":"https:\/\/www.edubox.ch\/shop\/produkt\/icdl-profile-baufuehrung-word-excel-powerpoint\/#primaryimage","url":"https:\/\/www.edubox.ch\/shop\/wp-content\/uploads\/Mann-Bauleitung-am-PC-mit-Bauplaenen.jpeg","contentUrl":"https:\/\/www.edubox.ch\/shop\/wp-content\/uploads\/Mann-Bauleitung-am-PC-mit-Bauplaenen.jpeg","width":1024,"height":1024,"caption":"Mann Bauleitung am PC mit Baupl\u00e4nen"},{"@type":"BreadcrumbList","@id":"https:\/\/www.edubox.ch\/shop\/produkt\/icdl-profile-baufuehrung-word-excel-powerpoint\/#breadcrumb","itemListElement":[{"@type":"ListItem","position":1,"name":"Startseite","item":"https:\/\/www.edubox.ch\/shop\/"},{"@type":"ListItem","position":2,"name":"Alle Produkte","item":"https:\/\/www.edubox.ch\/shop\/alle-produkte\/"},{"@type":"ListItem","position":3,"name":"ICDL\/ECDL-Bauf\u00fchrung (Word, Excel, PowerPoint)"}]},{"@type":"WebSite","@id":"https:\/\/www.edubox.ch\/shop\/#website","url":"https:\/\/www.edubox.ch\/shop\/","name":"EduBox GmbH","description":"Die erste virtuelle ICT-Schule der Schweiz!","publisher":{"@id":"https:\/\/www.edubox.ch\/shop\/#organization"},"potentialAction":[{"@type":"SearchAction","target":{"@type":"EntryPoint","urlTemplate":"https:\/\/www.edubox.ch\/shop\/?s={search_term_string}"},"query-input":{"@type":"PropertyValueSpecification","valueRequired":true,"valueName":"search_term_string"}}],"inLanguage":"de-CH"},{"@type":"Organization","@id":"https:\/\/www.edubox.ch\/shop\/#organization","name":"EduBox GmbH","url":"https:\/\/www.edubox.ch\/shop\/","logo":{"@type":"ImageObject","inLanguage":"de-CH","@id":"https:\/\/www.edubox.ch\/shop\/#\/schema\/logo\/image\/","url":"https:\/\/www.edubox.ch\/shop\/wp-content\/uploads\/Logo-Laengs-ohne-Slogan-Transparent-Hoehe-1.5cm-fuer-Lehrbuch-KfK.png","contentUrl":"https:\/\/www.edubox.ch\/shop\/wp-content\/uploads\/Logo-Laengs-ohne-Slogan-Transparent-Hoehe-1.5cm-fuer-Lehrbuch-KfK.png","width":725,"height":177,"caption":"EduBox GmbH"},"image":{"@id":"https:\/\/www.edubox.ch\/shop\/#\/schema\/logo\/image\/"},"sameAs":["https:\/\/www.facebook.com\/EduBox.CH","https:\/\/x.com\/EduBox_CH","https:\/\/www.linkedin.com\/company\/2981682\/admin\/dashboard\/","https:\/\/www.xing.com\/pages\/eduboxgmbh"]}]}},"_links":{"self":[{"href":"https:\/\/www.edubox.ch\/shop\/wp-json\/wp\/v2\/product\/5517","targetHints":{"allow":["GET"]}}],"collection":[{"href":"https:\/\/www.edubox.ch\/shop\/wp-json\/wp\/v2\/product"}],"about":[{"href":"https:\/\/www.edubox.ch\/shop\/wp-json\/wp\/v2\/types\/product"}],"replies":[{"embeddable":true,"href":"https:\/\/www.edubox.ch\/shop\/wp-json\/wp\/v2\/comments?post=5517"}],"wp:featuredmedia":[{"embeddable":true,"href":"https:\/\/www.edubox.ch\/shop\/wp-json\/wp\/v2\/media\/5549"}],"wp:attachment":[{"href":"https:\/\/www.edubox.ch\/shop\/wp-json\/wp\/v2\/media?parent=5517"}],"wp:term":[{"taxonomy":"product_brand","embeddable":true,"href":"https:\/\/www.edubox.ch\/shop\/wp-json\/wp\/v2\/product_brand?post=5517"},{"taxonomy":"product_cat","embeddable":true,"href":"https:\/\/www.edubox.ch\/shop\/wp-json\/wp\/v2\/product_cat?post=5517"},{"taxonomy":"product_tag","embeddable":true,"href":"https:\/\/www.edubox.ch\/shop\/wp-json\/wp\/v2\/product_tag?post=5517"}],"curies":[{"name":"wp","href":"https:\/\/api.w.org\/{rel}","templated":true}]}}