{"id":5700,"date":"2025-09-15T13:12:14","date_gmt":"2025-09-15T12:12:14","guid":{"rendered":"https:\/\/www.edubox.ch\/shop\/?post_type=product&#038;p=5700"},"modified":"2026-03-11T17:47:36","modified_gmt":"2026-03-11T16:47:36","slug":"lehrbuch-textverarbeitung-advanced-mit-microsoft-word-2024-365-icdl-advanced","status":"publish","type":"product","link":"https:\/\/www.edubox.ch\/shop\/produkt\/lehrbuch-textverarbeitung-advanced-mit-microsoft-word-2024-365-icdl-advanced\/","title":{"rendered":"Lehrbuch: Textverarbeitung Advanced mit Microsoft Word 2024\/365 (ICDL Advanced)"},"content":{"rendered":"<p>Schnell und einfach den kompletten Pr\u00fcfungsstoff des ICDL Advanced Moduls &#171;Textverarbeitung mit Microsoft Word f\u00fcr Office 2024\/Microsoft 365&#187; erlernen. Alle Themen sind anhand <strong>\u00fcber 1100 farbiger Bildschirmbilder<\/strong> und wenig Text Schritt f\u00fcr Schritt erkl\u00e4rt. Die Unterlage basiert auf dem Syllabus Version 3.0 (g\u00fcltig seit September 2021) und <strong>beinhaltet nur pr\u00fcfungsrelevante Themen<\/strong>. <strong>Mit<\/strong> dem Lehrmittel werden <strong>\u00dcbungs- und L\u00f6sungsdateien, passend zur Theorie<\/strong>, ausgeliefert. Bei vielen Unterkapiteln kann zudem praxisorientiert mit Daten des fiktiven Praxisunternehmens BrotBox GmbH individuell mit eigenen Ideen ge\u00fcbt werden.<\/p>\n","protected":false},"excerpt":{"rendered":"<p>ICDL Advanced Modul<\/p>\n<p><strong>Klick f\u00fcr Klick zum ICDL <\/strong>Lehrmittel enthalten jeweils die komplette Theorie zu den Testinhalten eines ICDL Moduls.<\/p>\n<p>Textverarbeitung mit Microsoft Word <strong>f\u00fcr Office 2024\/Microsoft 365<\/strong>, Syllabus 3.0 (<a href=\"https:\/\/www.edubox.ch\/shop\/wp-content\/uploads\/leseprobe\/9783906310589_leseprobe_01.pdf\" target=\"_blank\" rel=\"noopener noreferrer\">Leseprobe<\/a>)<\/p>\n","protected":false},"featured_media":5708,"comment_status":"open","ping_status":"closed","template":"","meta":{"_lmt_disableupdate":"no","_lmt_disable":""},"product_brand":[],"product_cat":[528,30,239],"product_tag":[668,531,93,624,630,10,8,571],"class_list":{"0":"post-5700","1":"product","2":"type-product","3":"status-publish","4":"has-post-thumbnail","6":"product_cat-ecdl-advanced-module","7":"product_cat-ecdl-lehrmittel-kfk","8":"product_cat-lehrbuecher","9":"product_tag-668","10":"product_tag-531","11":"product_tag-advanced","12":"product_tag-icdl","13":"product_tag-icdl-advanced-textverarbeitung","14":"product_tag-kfk","15":"product_tag-word","16":"product_tag-word-advanced","18":"first","19":"instock","20":"sale","21":"taxable","22":"shipping-taxable","23":"purchasable","24":"product-type-variable"},"yoast_head":"<!-- This site is optimized with the Yoast SEO plugin v27.2 - https:\/\/yoast.com\/product\/yoast-seo-wordpress\/ -->\n<title>Lehrbuch: Textverarbeitung Advanced mit Microsoft Word 2024\/365 (ICDL Advanced) - EduBox GmbH<\/title>\n<meta name=\"robots\" content=\"index, follow, max-snippet:-1, max-image-preview:large, max-video-preview:-1\" \/>\n<link rel=\"canonical\" href=\"https:\/\/www.edubox.ch\/shop\/produkt\/lehrbuch-textverarbeitung-advanced-mit-microsoft-word-2024-365-icdl-advanced\/\" \/>\n<meta property=\"og:locale\" content=\"de_DE\" \/>\n<meta property=\"og:type\" content=\"article\" \/>\n<meta property=\"og:title\" content=\"Lehrbuch: Textverarbeitung Advanced mit Microsoft Word 2024\/365 (ICDL Advanced) - EduBox GmbH\" \/>\n<meta property=\"og:description\" content=\"ICDL Advanced Modul  Klick f\u00fcr Klick zum ICDL Lehrmittel enthalten jeweils die komplette Theorie zu den Testinhalten eines ICDL Moduls.  Textverarbeitung mit Microsoft Word f\u00fcr Office 2024\/Microsoft 365, Syllabus 3.0 (Leseprobe)\" \/>\n<meta property=\"og:url\" content=\"https:\/\/www.edubox.ch\/shop\/produkt\/lehrbuch-textverarbeitung-advanced-mit-microsoft-word-2024-365-icdl-advanced\/\" \/>\n<meta property=\"og:site_name\" content=\"EduBox GmbH\" \/>\n<meta property=\"article:publisher\" content=\"https:\/\/www.facebook.com\/EduBox.CH\" \/>\n<meta property=\"article:modified_time\" content=\"2026-03-11T16:47:36+00:00\" \/>\n<meta property=\"og:image\" content=\"https:\/\/www.edubox.ch\/shop\/wp-content\/uploads\/cover.png\" \/>\n\t<meta property=\"og:image:width\" content=\"2204\" \/>\n\t<meta property=\"og:image:height\" content=\"2250\" \/>\n\t<meta property=\"og:image:type\" content=\"image\/png\" \/>\n<meta name=\"twitter:card\" content=\"summary_large_image\" \/>\n<meta name=\"twitter:site\" content=\"@EduBox_CH\" \/>\n<meta name=\"twitter:label1\" content=\"Gesch\u00e4tzte Lesezeit\" \/>\n\t<meta name=\"twitter:data1\" content=\"1\u00a0Minute\" \/>\n<script type=\"application\/ld+json\" class=\"yoast-schema-graph\">{\"@context\":\"https:\/\/schema.org\",\"@graph\":[{\"@type\":\"WebPage\",\"@id\":\"https:\/\/www.edubox.ch\/shop\/produkt\/lehrbuch-textverarbeitung-advanced-mit-microsoft-word-2024-365-icdl-advanced\/\",\"url\":\"https:\/\/www.edubox.ch\/shop\/produkt\/lehrbuch-textverarbeitung-advanced-mit-microsoft-word-2024-365-icdl-advanced\/\",\"name\":\"Lehrbuch: Textverarbeitung Advanced mit Microsoft Word 2024\/365 (ICDL Advanced) - EduBox GmbH\",\"isPartOf\":{\"@id\":\"https:\/\/www.edubox.ch\/shop\/#website\"},\"primaryImageOfPage\":{\"@id\":\"https:\/\/www.edubox.ch\/shop\/produkt\/lehrbuch-textverarbeitung-advanced-mit-microsoft-word-2024-365-icdl-advanced\/#primaryimage\"},\"image\":{\"@id\":\"https:\/\/www.edubox.ch\/shop\/produkt\/lehrbuch-textverarbeitung-advanced-mit-microsoft-word-2024-365-icdl-advanced\/#primaryimage\"},\"thumbnailUrl\":\"https:\/\/www.edubox.ch\/shop\/wp-content\/uploads\/cover.png\",\"datePublished\":\"2025-09-15T12:12:14+00:00\",\"dateModified\":\"2026-03-11T16:47:36+00:00\",\"breadcrumb\":{\"@id\":\"https:\/\/www.edubox.ch\/shop\/produkt\/lehrbuch-textverarbeitung-advanced-mit-microsoft-word-2024-365-icdl-advanced\/#breadcrumb\"},\"inLanguage\":\"de-CH\",\"potentialAction\":[{\"@type\":\"ReadAction\",\"target\":[\"https:\/\/www.edubox.ch\/shop\/produkt\/lehrbuch-textverarbeitung-advanced-mit-microsoft-word-2024-365-icdl-advanced\/\"]}]},{\"@type\":\"ImageObject\",\"inLanguage\":\"de-CH\",\"@id\":\"https:\/\/www.edubox.ch\/shop\/produkt\/lehrbuch-textverarbeitung-advanced-mit-microsoft-word-2024-365-icdl-advanced\/#primaryimage\",\"url\":\"https:\/\/www.edubox.ch\/shop\/wp-content\/uploads\/cover.png\",\"contentUrl\":\"https:\/\/www.edubox.ch\/shop\/wp-content\/uploads\/cover.png\",\"width\":2204,\"height\":2250},{\"@type\":\"BreadcrumbList\",\"@id\":\"https:\/\/www.edubox.ch\/shop\/produkt\/lehrbuch-textverarbeitung-advanced-mit-microsoft-word-2024-365-icdl-advanced\/#breadcrumb\",\"itemListElement\":[{\"@type\":\"ListItem\",\"position\":1,\"name\":\"Startseite\",\"item\":\"https:\/\/www.edubox.ch\/shop\/\"},{\"@type\":\"ListItem\",\"position\":2,\"name\":\"Alle Produkte\",\"item\":\"https:\/\/www.edubox.ch\/shop\/alle-produkte\/\"},{\"@type\":\"ListItem\",\"position\":3,\"name\":\"Lehrbuch: Textverarbeitung Advanced mit Microsoft Word 2024\/365 (ICDL Advanced)\"}]},{\"@type\":\"WebSite\",\"@id\":\"https:\/\/www.edubox.ch\/shop\/#website\",\"url\":\"https:\/\/www.edubox.ch\/shop\/\",\"name\":\"EduBox GmbH\",\"description\":\"Die erste virtuelle ICT-Schule der Schweiz!\",\"publisher\":{\"@id\":\"https:\/\/www.edubox.ch\/shop\/#organization\"},\"potentialAction\":[{\"@type\":\"SearchAction\",\"target\":{\"@type\":\"EntryPoint\",\"urlTemplate\":\"https:\/\/www.edubox.ch\/shop\/?s={search_term_string}\"},\"query-input\":{\"@type\":\"PropertyValueSpecification\",\"valueRequired\":true,\"valueName\":\"search_term_string\"}}],\"inLanguage\":\"de-CH\"},{\"@type\":\"Organization\",\"@id\":\"https:\/\/www.edubox.ch\/shop\/#organization\",\"name\":\"EduBox GmbH\",\"url\":\"https:\/\/www.edubox.ch\/shop\/\",\"logo\":{\"@type\":\"ImageObject\",\"inLanguage\":\"de-CH\",\"@id\":\"https:\/\/www.edubox.ch\/shop\/#\/schema\/logo\/image\/\",\"url\":\"https:\/\/www.edubox.ch\/shop\/wp-content\/uploads\/Logo-Laengs-ohne-Slogan-Transparent-Hoehe-1.5cm-fuer-Lehrbuch-KfK.png\",\"contentUrl\":\"https:\/\/www.edubox.ch\/shop\/wp-content\/uploads\/Logo-Laengs-ohne-Slogan-Transparent-Hoehe-1.5cm-fuer-Lehrbuch-KfK.png\",\"width\":725,\"height\":177,\"caption\":\"EduBox GmbH\"},\"image\":{\"@id\":\"https:\/\/www.edubox.ch\/shop\/#\/schema\/logo\/image\/\"},\"sameAs\":[\"https:\/\/www.facebook.com\/EduBox.CH\",\"https:\/\/x.com\/EduBox_CH\",\"https:\/\/www.linkedin.com\/company\/2981682\/admin\/dashboard\/\",\"https:\/\/www.xing.com\/pages\/eduboxgmbh\"]}]}<\/script>\n<!-- \/ Yoast SEO plugin. -->","yoast_head_json":{"title":"Lehrbuch: Textverarbeitung Advanced mit Microsoft Word 2024\/365 (ICDL Advanced) - EduBox GmbH","robots":{"index":"index","follow":"follow","max-snippet":"max-snippet:-1","max-image-preview":"max-image-preview:large","max-video-preview":"max-video-preview:-1"},"canonical":"https:\/\/www.edubox.ch\/shop\/produkt\/lehrbuch-textverarbeitung-advanced-mit-microsoft-word-2024-365-icdl-advanced\/","og_locale":"de_DE","og_type":"article","og_title":"Lehrbuch: Textverarbeitung Advanced mit Microsoft Word 2024\/365 (ICDL Advanced) - EduBox GmbH","og_description":"ICDL Advanced Modul  Klick f\u00fcr Klick zum ICDL Lehrmittel enthalten jeweils die komplette Theorie zu den Testinhalten eines ICDL Moduls.  Textverarbeitung mit Microsoft Word f\u00fcr Office 2024\/Microsoft 365, Syllabus 3.0 (Leseprobe)","og_url":"https:\/\/www.edubox.ch\/shop\/produkt\/lehrbuch-textverarbeitung-advanced-mit-microsoft-word-2024-365-icdl-advanced\/","og_site_name":"EduBox GmbH","article_publisher":"https:\/\/www.facebook.com\/EduBox.CH","article_modified_time":"2026-03-11T16:47:36+00:00","og_image":[{"width":2204,"height":2250,"url":"https:\/\/www.edubox.ch\/shop\/wp-content\/uploads\/cover.png","type":"image\/png"}],"twitter_card":"summary_large_image","twitter_site":"@EduBox_CH","twitter_misc":{"Gesch\u00e4tzte Lesezeit":"1\u00a0Minute"},"schema":{"@context":"https:\/\/schema.org","@graph":[{"@type":"WebPage","@id":"https:\/\/www.edubox.ch\/shop\/produkt\/lehrbuch-textverarbeitung-advanced-mit-microsoft-word-2024-365-icdl-advanced\/","url":"https:\/\/www.edubox.ch\/shop\/produkt\/lehrbuch-textverarbeitung-advanced-mit-microsoft-word-2024-365-icdl-advanced\/","name":"Lehrbuch: Textverarbeitung Advanced mit Microsoft Word 2024\/365 (ICDL Advanced) - EduBox GmbH","isPartOf":{"@id":"https:\/\/www.edubox.ch\/shop\/#website"},"primaryImageOfPage":{"@id":"https:\/\/www.edubox.ch\/shop\/produkt\/lehrbuch-textverarbeitung-advanced-mit-microsoft-word-2024-365-icdl-advanced\/#primaryimage"},"image":{"@id":"https:\/\/www.edubox.ch\/shop\/produkt\/lehrbuch-textverarbeitung-advanced-mit-microsoft-word-2024-365-icdl-advanced\/#primaryimage"},"thumbnailUrl":"https:\/\/www.edubox.ch\/shop\/wp-content\/uploads\/cover.png","datePublished":"2025-09-15T12:12:14+00:00","dateModified":"2026-03-11T16:47:36+00:00","breadcrumb":{"@id":"https:\/\/www.edubox.ch\/shop\/produkt\/lehrbuch-textverarbeitung-advanced-mit-microsoft-word-2024-365-icdl-advanced\/#breadcrumb"},"inLanguage":"de-CH","potentialAction":[{"@type":"ReadAction","target":["https:\/\/www.edubox.ch\/shop\/produkt\/lehrbuch-textverarbeitung-advanced-mit-microsoft-word-2024-365-icdl-advanced\/"]}]},{"@type":"ImageObject","inLanguage":"de-CH","@id":"https:\/\/www.edubox.ch\/shop\/produkt\/lehrbuch-textverarbeitung-advanced-mit-microsoft-word-2024-365-icdl-advanced\/#primaryimage","url":"https:\/\/www.edubox.ch\/shop\/wp-content\/uploads\/cover.png","contentUrl":"https:\/\/www.edubox.ch\/shop\/wp-content\/uploads\/cover.png","width":2204,"height":2250},{"@type":"BreadcrumbList","@id":"https:\/\/www.edubox.ch\/shop\/produkt\/lehrbuch-textverarbeitung-advanced-mit-microsoft-word-2024-365-icdl-advanced\/#breadcrumb","itemListElement":[{"@type":"ListItem","position":1,"name":"Startseite","item":"https:\/\/www.edubox.ch\/shop\/"},{"@type":"ListItem","position":2,"name":"Alle Produkte","item":"https:\/\/www.edubox.ch\/shop\/alle-produkte\/"},{"@type":"ListItem","position":3,"name":"Lehrbuch: Textverarbeitung Advanced mit Microsoft Word 2024\/365 (ICDL Advanced)"}]},{"@type":"WebSite","@id":"https:\/\/www.edubox.ch\/shop\/#website","url":"https:\/\/www.edubox.ch\/shop\/","name":"EduBox GmbH","description":"Die erste virtuelle ICT-Schule der Schweiz!","publisher":{"@id":"https:\/\/www.edubox.ch\/shop\/#organization"},"potentialAction":[{"@type":"SearchAction","target":{"@type":"EntryPoint","urlTemplate":"https:\/\/www.edubox.ch\/shop\/?s={search_term_string}"},"query-input":{"@type":"PropertyValueSpecification","valueRequired":true,"valueName":"search_term_string"}}],"inLanguage":"de-CH"},{"@type":"Organization","@id":"https:\/\/www.edubox.ch\/shop\/#organization","name":"EduBox GmbH","url":"https:\/\/www.edubox.ch\/shop\/","logo":{"@type":"ImageObject","inLanguage":"de-CH","@id":"https:\/\/www.edubox.ch\/shop\/#\/schema\/logo\/image\/","url":"https:\/\/www.edubox.ch\/shop\/wp-content\/uploads\/Logo-Laengs-ohne-Slogan-Transparent-Hoehe-1.5cm-fuer-Lehrbuch-KfK.png","contentUrl":"https:\/\/www.edubox.ch\/shop\/wp-content\/uploads\/Logo-Laengs-ohne-Slogan-Transparent-Hoehe-1.5cm-fuer-Lehrbuch-KfK.png","width":725,"height":177,"caption":"EduBox GmbH"},"image":{"@id":"https:\/\/www.edubox.ch\/shop\/#\/schema\/logo\/image\/"},"sameAs":["https:\/\/www.facebook.com\/EduBox.CH","https:\/\/x.com\/EduBox_CH","https:\/\/www.linkedin.com\/company\/2981682\/admin\/dashboard\/","https:\/\/www.xing.com\/pages\/eduboxgmbh"]}]}},"_links":{"self":[{"href":"https:\/\/www.edubox.ch\/shop\/wp-json\/wp\/v2\/product\/5700","targetHints":{"allow":["GET"]}}],"collection":[{"href":"https:\/\/www.edubox.ch\/shop\/wp-json\/wp\/v2\/product"}],"about":[{"href":"https:\/\/www.edubox.ch\/shop\/wp-json\/wp\/v2\/types\/product"}],"replies":[{"embeddable":true,"href":"https:\/\/www.edubox.ch\/shop\/wp-json\/wp\/v2\/comments?post=5700"}],"wp:featuredmedia":[{"embeddable":true,"href":"https:\/\/www.edubox.ch\/shop\/wp-json\/wp\/v2\/media\/5708"}],"wp:attachment":[{"href":"https:\/\/www.edubox.ch\/shop\/wp-json\/wp\/v2\/media?parent=5700"}],"wp:term":[{"taxonomy":"product_brand","embeddable":true,"href":"https:\/\/www.edubox.ch\/shop\/wp-json\/wp\/v2\/product_brand?post=5700"},{"taxonomy":"product_cat","embeddable":true,"href":"https:\/\/www.edubox.ch\/shop\/wp-json\/wp\/v2\/product_cat?post=5700"},{"taxonomy":"product_tag","embeddable":true,"href":"https:\/\/www.edubox.ch\/shop\/wp-json\/wp\/v2\/product_tag?post=5700"}],"curies":[{"name":"wp","href":"https:\/\/api.w.org\/{rel}","templated":true}]}}