{"id":835,"date":"2017-04-06T14:14:12","date_gmt":"2017-04-06T13:14:12","guid":{"rendered":"https:\/\/www.edubox.ch\/shop\/?post_type=product&#038;p=835"},"modified":"2026-03-11T17:34:37","modified_gmt":"2026-03-11T16:34:37","slug":"ecdl-base-textverarbeitung-mit-microsoft-word-webkurs","status":"publish","type":"product","link":"https:\/\/www.edubox.ch\/shop\/produkt\/ecdl-base-textverarbeitung-mit-microsoft-word-webkurs\/","title":{"rendered":"ICDL\/ECDL Base: Textverarbeitung mit Microsoft Word (Webkurs)"},"content":{"rendered":"<p>Die e-Learning Kurse von bit media stehen f\u00fcr praxisnahen Zugang zur Thematik und nachhaltigen Lernerfolg. Die Lernprogramme nutzen dabei modernste Content Technologie um effektive und kurzweilige Lernerlebnisse zu bieten: Einfache und \u00fcbersichtliche Navigation, volle Skalierbarkeit der Lerninhalte und die Suche nach individuellen Themen.<\/p>\n<p>Sie lernen Texte mit Word zu erstellen, zu bearbeiten und zu formatieren. Schwerpunkte sind die Anwendung der vielf\u00e4ltigen Gestaltungsm\u00f6glichkeiten in Word, das Verwalten Ihrer Dokumente, das Einf\u00fcgen von Tabellen und grafischen Elementen und der Ausdruck Ihrer Dokumente. Ein eigenes Kapitel widmet sich dem Erstellen von Seriendruck Dokumenten.<\/p>\n<p><strong>Demo:<br \/>\n<\/strong>Einige Themen k\u00f6nnen kostenlos und ohne Login getestet werden.<br \/>\nKlicken Sie dazu\u00a0auf die gew\u00fcnschte Version:\u00a0[<a href=\"http:\/\/content1.bitmedia.cc\/bitmedia\/demo_neu\/m316bgdem\/index.html\">2016\/2019<\/a>].<\/p>\n<p><strong>Umfang:<br \/>\n<\/strong>Ca. 7 Stunden &#8211; 12 Stunden\u00a0je nach Version.<\/p>\n<p><strong>Aktivierung des Webkurses auf dem Lernportal:<br \/>\n<\/strong>Nach der Bestellung dieses Webkurses erhalten Sie innert 2-3 Arbeitstagen eine E-Mail mit einem Code sowie einem Link zur Einl\u00f6sung des Codes. Nach der umgehenden automatischen Kursfreischaltung erhalten Sie eine weitere E-Mail mit Ihren Zugangsdaten zum Lernportal, wo der Kurs ab dem ersten Login f\u00fcr 12 Monate aufgeschaltet ist. Den Code m\u00fcssen Sie innerhalb von 24 Monaten einl\u00f6sen.<\/p>\n<p><strong>Technische Voraussetzungen:<br \/>\n<\/strong>Betriebssystem:<br \/>\n&#8211; ab MS Windows 8<br \/>\n&#8211; ab Apple Mac OS X 10.6<\/p>\n<p>Aktuelle Version einer der folgenden Webbrowser:<br \/>\n&#8211; Mozilla Firefox<br \/>\n&#8211; Microsoft EDGE<br \/>\n&#8211; Google Chrome<br \/>\n&#8211; Safari<\/p>\n<p>Softwarevoraussetzungen am Client:<br \/>\n&#8211; PDF Reader (optional)<\/p>\n","protected":false},"excerpt":{"rendered":"<p>Das ICDL approbierte Lernprogramm von bit media vermittelt Ihnen die grundlegenden Arbeitsweisen und die wichtigsten Funktionen des Textverarbeitungsprogrammes Microsoft Word.<\/p>\n","protected":false},"featured_media":832,"comment_status":"open","ping_status":"closed","template":"","meta":{"_lmt_disableupdate":"no","_lmt_disable":""},"product_brand":[],"product_cat":[164,165],"product_tag":[],"class_list":{"0":"post-835","1":"product","2":"type-product","3":"status-publish","4":"has-post-thumbnail","6":"product_cat-e-learning-ecdl","7":"product_cat-base-e-learning-ecdl","9":"first","10":"instock","11":"taxable","12":"shipping-taxable","13":"purchasable","14":"product-type-variable"},"yoast_head":"<!-- This site is optimized with the Yoast SEO plugin v27.2 - https:\/\/yoast.com\/product\/yoast-seo-wordpress\/ -->\n<title>ICDL\/ECDL Base: Textverarbeitung mit Microsoft Word (Webkurs) - EduBox GmbH<\/title>\n<meta name=\"robots\" content=\"index, follow, max-snippet:-1, max-image-preview:large, max-video-preview:-1\" \/>\n<link rel=\"canonical\" href=\"https:\/\/www.edubox.ch\/shop\/produkt\/ecdl-base-textverarbeitung-mit-microsoft-word-webkurs\/\" \/>\n<meta property=\"og:locale\" content=\"de_DE\" \/>\n<meta property=\"og:type\" content=\"article\" \/>\n<meta property=\"og:title\" content=\"ICDL\/ECDL Base: Textverarbeitung mit Microsoft Word (Webkurs) - EduBox GmbH\" \/>\n<meta property=\"og:description\" content=\"Das ICDL approbierte Lernprogramm von bit media vermittelt Ihnen die grundlegenden Arbeitsweisen und die wichtigsten Funktionen des Textverarbeitungsprogrammes Microsoft Word.\" \/>\n<meta property=\"og:url\" content=\"https:\/\/www.edubox.ch\/shop\/produkt\/ecdl-base-textverarbeitung-mit-microsoft-word-webkurs\/\" \/>\n<meta property=\"og:site_name\" content=\"EduBox GmbH\" \/>\n<meta property=\"article:publisher\" content=\"https:\/\/www.facebook.com\/EduBox.CH\" \/>\n<meta property=\"article:modified_time\" content=\"2026-03-11T16:34:37+00:00\" \/>\n<meta property=\"og:image\" content=\"https:\/\/www.edubox.ch\/shop\/wp-content\/uploads\/eShop_ECDL_Base_Webkurs_Textverarbeitung.png\" \/>\n\t<meta property=\"og:image:width\" content=\"594\" \/>\n\t<meta property=\"og:image:height\" content=\"938\" \/>\n\t<meta property=\"og:image:type\" content=\"image\/png\" \/>\n<meta name=\"twitter:card\" content=\"summary_large_image\" \/>\n<meta name=\"twitter:site\" content=\"@EduBox_CH\" \/>\n<meta name=\"twitter:label1\" content=\"Gesch\u00e4tzte Lesezeit\" \/>\n\t<meta name=\"twitter:data1\" content=\"2\u00a0Minuten\" \/>\n<script type=\"application\/ld+json\" class=\"yoast-schema-graph\">{\"@context\":\"https:\/\/schema.org\",\"@graph\":[{\"@type\":\"WebPage\",\"@id\":\"https:\/\/www.edubox.ch\/shop\/produkt\/ecdl-base-textverarbeitung-mit-microsoft-word-webkurs\/\",\"url\":\"https:\/\/www.edubox.ch\/shop\/produkt\/ecdl-base-textverarbeitung-mit-microsoft-word-webkurs\/\",\"name\":\"ICDL\/ECDL Base: Textverarbeitung mit Microsoft Word (Webkurs) - EduBox GmbH\",\"isPartOf\":{\"@id\":\"https:\/\/www.edubox.ch\/shop\/#website\"},\"primaryImageOfPage\":{\"@id\":\"https:\/\/www.edubox.ch\/shop\/produkt\/ecdl-base-textverarbeitung-mit-microsoft-word-webkurs\/#primaryimage\"},\"image\":{\"@id\":\"https:\/\/www.edubox.ch\/shop\/produkt\/ecdl-base-textverarbeitung-mit-microsoft-word-webkurs\/#primaryimage\"},\"thumbnailUrl\":\"https:\/\/www.edubox.ch\/shop\/wp-content\/uploads\/eShop_ECDL_Base_Webkurs_Textverarbeitung.png\",\"datePublished\":\"2017-04-06T13:14:12+00:00\",\"dateModified\":\"2026-03-11T16:34:37+00:00\",\"breadcrumb\":{\"@id\":\"https:\/\/www.edubox.ch\/shop\/produkt\/ecdl-base-textverarbeitung-mit-microsoft-word-webkurs\/#breadcrumb\"},\"inLanguage\":\"de-CH\",\"potentialAction\":[{\"@type\":\"ReadAction\",\"target\":[\"https:\/\/www.edubox.ch\/shop\/produkt\/ecdl-base-textverarbeitung-mit-microsoft-word-webkurs\/\"]}]},{\"@type\":\"ImageObject\",\"inLanguage\":\"de-CH\",\"@id\":\"https:\/\/www.edubox.ch\/shop\/produkt\/ecdl-base-textverarbeitung-mit-microsoft-word-webkurs\/#primaryimage\",\"url\":\"https:\/\/www.edubox.ch\/shop\/wp-content\/uploads\/eShop_ECDL_Base_Webkurs_Textverarbeitung.png\",\"contentUrl\":\"https:\/\/www.edubox.ch\/shop\/wp-content\/uploads\/eShop_ECDL_Base_Webkurs_Textverarbeitung.png\",\"width\":594,\"height\":938},{\"@type\":\"BreadcrumbList\",\"@id\":\"https:\/\/www.edubox.ch\/shop\/produkt\/ecdl-base-textverarbeitung-mit-microsoft-word-webkurs\/#breadcrumb\",\"itemListElement\":[{\"@type\":\"ListItem\",\"position\":1,\"name\":\"Startseite\",\"item\":\"https:\/\/www.edubox.ch\/shop\/\"},{\"@type\":\"ListItem\",\"position\":2,\"name\":\"Alle Produkte\",\"item\":\"https:\/\/www.edubox.ch\/shop\/alle-produkte\/\"},{\"@type\":\"ListItem\",\"position\":3,\"name\":\"ICDL\/ECDL Base: Textverarbeitung mit Microsoft Word (Webkurs)\"}]},{\"@type\":\"WebSite\",\"@id\":\"https:\/\/www.edubox.ch\/shop\/#website\",\"url\":\"https:\/\/www.edubox.ch\/shop\/\",\"name\":\"EduBox GmbH\",\"description\":\"Die erste virtuelle ICT-Schule der Schweiz!\",\"publisher\":{\"@id\":\"https:\/\/www.edubox.ch\/shop\/#organization\"},\"potentialAction\":[{\"@type\":\"SearchAction\",\"target\":{\"@type\":\"EntryPoint\",\"urlTemplate\":\"https:\/\/www.edubox.ch\/shop\/?s={search_term_string}\"},\"query-input\":{\"@type\":\"PropertyValueSpecification\",\"valueRequired\":true,\"valueName\":\"search_term_string\"}}],\"inLanguage\":\"de-CH\"},{\"@type\":\"Organization\",\"@id\":\"https:\/\/www.edubox.ch\/shop\/#organization\",\"name\":\"EduBox GmbH\",\"url\":\"https:\/\/www.edubox.ch\/shop\/\",\"logo\":{\"@type\":\"ImageObject\",\"inLanguage\":\"de-CH\",\"@id\":\"https:\/\/www.edubox.ch\/shop\/#\/schema\/logo\/image\/\",\"url\":\"https:\/\/www.edubox.ch\/shop\/wp-content\/uploads\/Logo-Laengs-ohne-Slogan-Transparent-Hoehe-1.5cm-fuer-Lehrbuch-KfK.png\",\"contentUrl\":\"https:\/\/www.edubox.ch\/shop\/wp-content\/uploads\/Logo-Laengs-ohne-Slogan-Transparent-Hoehe-1.5cm-fuer-Lehrbuch-KfK.png\",\"width\":725,\"height\":177,\"caption\":\"EduBox GmbH\"},\"image\":{\"@id\":\"https:\/\/www.edubox.ch\/shop\/#\/schema\/logo\/image\/\"},\"sameAs\":[\"https:\/\/www.facebook.com\/EduBox.CH\",\"https:\/\/x.com\/EduBox_CH\",\"https:\/\/www.linkedin.com\/company\/2981682\/admin\/dashboard\/\",\"https:\/\/www.xing.com\/pages\/eduboxgmbh\"]}]}<\/script>\n<!-- \/ Yoast SEO plugin. -->","yoast_head_json":{"title":"ICDL\/ECDL Base: Textverarbeitung mit Microsoft Word (Webkurs) - EduBox GmbH","robots":{"index":"index","follow":"follow","max-snippet":"max-snippet:-1","max-image-preview":"max-image-preview:large","max-video-preview":"max-video-preview:-1"},"canonical":"https:\/\/www.edubox.ch\/shop\/produkt\/ecdl-base-textverarbeitung-mit-microsoft-word-webkurs\/","og_locale":"de_DE","og_type":"article","og_title":"ICDL\/ECDL Base: Textverarbeitung mit Microsoft Word (Webkurs) - EduBox GmbH","og_description":"Das ICDL approbierte Lernprogramm von bit media vermittelt Ihnen die grundlegenden Arbeitsweisen und die wichtigsten Funktionen des Textverarbeitungsprogrammes Microsoft Word.","og_url":"https:\/\/www.edubox.ch\/shop\/produkt\/ecdl-base-textverarbeitung-mit-microsoft-word-webkurs\/","og_site_name":"EduBox GmbH","article_publisher":"https:\/\/www.facebook.com\/EduBox.CH","article_modified_time":"2026-03-11T16:34:37+00:00","og_image":[{"width":594,"height":938,"url":"https:\/\/www.edubox.ch\/shop\/wp-content\/uploads\/eShop_ECDL_Base_Webkurs_Textverarbeitung.png","type":"image\/png"}],"twitter_card":"summary_large_image","twitter_site":"@EduBox_CH","twitter_misc":{"Gesch\u00e4tzte Lesezeit":"2\u00a0Minuten"},"schema":{"@context":"https:\/\/schema.org","@graph":[{"@type":"WebPage","@id":"https:\/\/www.edubox.ch\/shop\/produkt\/ecdl-base-textverarbeitung-mit-microsoft-word-webkurs\/","url":"https:\/\/www.edubox.ch\/shop\/produkt\/ecdl-base-textverarbeitung-mit-microsoft-word-webkurs\/","name":"ICDL\/ECDL Base: Textverarbeitung mit Microsoft Word (Webkurs) - EduBox GmbH","isPartOf":{"@id":"https:\/\/www.edubox.ch\/shop\/#website"},"primaryImageOfPage":{"@id":"https:\/\/www.edubox.ch\/shop\/produkt\/ecdl-base-textverarbeitung-mit-microsoft-word-webkurs\/#primaryimage"},"image":{"@id":"https:\/\/www.edubox.ch\/shop\/produkt\/ecdl-base-textverarbeitung-mit-microsoft-word-webkurs\/#primaryimage"},"thumbnailUrl":"https:\/\/www.edubox.ch\/shop\/wp-content\/uploads\/eShop_ECDL_Base_Webkurs_Textverarbeitung.png","datePublished":"2017-04-06T13:14:12+00:00","dateModified":"2026-03-11T16:34:37+00:00","breadcrumb":{"@id":"https:\/\/www.edubox.ch\/shop\/produkt\/ecdl-base-textverarbeitung-mit-microsoft-word-webkurs\/#breadcrumb"},"inLanguage":"de-CH","potentialAction":[{"@type":"ReadAction","target":["https:\/\/www.edubox.ch\/shop\/produkt\/ecdl-base-textverarbeitung-mit-microsoft-word-webkurs\/"]}]},{"@type":"ImageObject","inLanguage":"de-CH","@id":"https:\/\/www.edubox.ch\/shop\/produkt\/ecdl-base-textverarbeitung-mit-microsoft-word-webkurs\/#primaryimage","url":"https:\/\/www.edubox.ch\/shop\/wp-content\/uploads\/eShop_ECDL_Base_Webkurs_Textverarbeitung.png","contentUrl":"https:\/\/www.edubox.ch\/shop\/wp-content\/uploads\/eShop_ECDL_Base_Webkurs_Textverarbeitung.png","width":594,"height":938},{"@type":"BreadcrumbList","@id":"https:\/\/www.edubox.ch\/shop\/produkt\/ecdl-base-textverarbeitung-mit-microsoft-word-webkurs\/#breadcrumb","itemListElement":[{"@type":"ListItem","position":1,"name":"Startseite","item":"https:\/\/www.edubox.ch\/shop\/"},{"@type":"ListItem","position":2,"name":"Alle Produkte","item":"https:\/\/www.edubox.ch\/shop\/alle-produkte\/"},{"@type":"ListItem","position":3,"name":"ICDL\/ECDL Base: Textverarbeitung mit Microsoft Word (Webkurs)"}]},{"@type":"WebSite","@id":"https:\/\/www.edubox.ch\/shop\/#website","url":"https:\/\/www.edubox.ch\/shop\/","name":"EduBox GmbH","description":"Die erste virtuelle ICT-Schule der Schweiz!","publisher":{"@id":"https:\/\/www.edubox.ch\/shop\/#organization"},"potentialAction":[{"@type":"SearchAction","target":{"@type":"EntryPoint","urlTemplate":"https:\/\/www.edubox.ch\/shop\/?s={search_term_string}"},"query-input":{"@type":"PropertyValueSpecification","valueRequired":true,"valueName":"search_term_string"}}],"inLanguage":"de-CH"},{"@type":"Organization","@id":"https:\/\/www.edubox.ch\/shop\/#organization","name":"EduBox GmbH","url":"https:\/\/www.edubox.ch\/shop\/","logo":{"@type":"ImageObject","inLanguage":"de-CH","@id":"https:\/\/www.edubox.ch\/shop\/#\/schema\/logo\/image\/","url":"https:\/\/www.edubox.ch\/shop\/wp-content\/uploads\/Logo-Laengs-ohne-Slogan-Transparent-Hoehe-1.5cm-fuer-Lehrbuch-KfK.png","contentUrl":"https:\/\/www.edubox.ch\/shop\/wp-content\/uploads\/Logo-Laengs-ohne-Slogan-Transparent-Hoehe-1.5cm-fuer-Lehrbuch-KfK.png","width":725,"height":177,"caption":"EduBox GmbH"},"image":{"@id":"https:\/\/www.edubox.ch\/shop\/#\/schema\/logo\/image\/"},"sameAs":["https:\/\/www.facebook.com\/EduBox.CH","https:\/\/x.com\/EduBox_CH","https:\/\/www.linkedin.com\/company\/2981682\/admin\/dashboard\/","https:\/\/www.xing.com\/pages\/eduboxgmbh"]}]}},"_links":{"self":[{"href":"https:\/\/www.edubox.ch\/shop\/wp-json\/wp\/v2\/product\/835","targetHints":{"allow":["GET"]}}],"collection":[{"href":"https:\/\/www.edubox.ch\/shop\/wp-json\/wp\/v2\/product"}],"about":[{"href":"https:\/\/www.edubox.ch\/shop\/wp-json\/wp\/v2\/types\/product"}],"replies":[{"embeddable":true,"href":"https:\/\/www.edubox.ch\/shop\/wp-json\/wp\/v2\/comments?post=835"}],"wp:featuredmedia":[{"embeddable":true,"href":"https:\/\/www.edubox.ch\/shop\/wp-json\/wp\/v2\/media\/832"}],"wp:attachment":[{"href":"https:\/\/www.edubox.ch\/shop\/wp-json\/wp\/v2\/media?parent=835"}],"wp:term":[{"taxonomy":"product_brand","embeddable":true,"href":"https:\/\/www.edubox.ch\/shop\/wp-json\/wp\/v2\/product_brand?post=835"},{"taxonomy":"product_cat","embeddable":true,"href":"https:\/\/www.edubox.ch\/shop\/wp-json\/wp\/v2\/product_cat?post=835"},{"taxonomy":"product_tag","embeddable":true,"href":"https:\/\/www.edubox.ch\/shop\/wp-json\/wp\/v2\/product_tag?post=835"}],"curies":[{"name":"wp","href":"https:\/\/api.w.org\/{rel}","templated":true}]}}