{"id":891,"date":"2017-04-18T10:30:33","date_gmt":"2017-04-18T09:30:33","guid":{"rendered":"https:\/\/www.edubox.ch\/shop\/?post_type=product&#038;p=891"},"modified":"2026-03-11T17:40:08","modified_gmt":"2026-03-11T16:40:08","slug":"ecdl-typing-skills-certificate","status":"publish","type":"product","link":"https:\/\/www.edubox.ch\/shop\/produkt\/ecdl-typing-skills-certificate\/","title":{"rendered":"ICDL\/ECDL: Zertifikatspr\u00fcfung Typing Skills Certificate"},"content":{"rendered":"","protected":false},"excerpt":{"rendered":"<p class=\"ai-optimize-31\">Die EduBox GmbH nimmt als approbiertes ICDL-Test-Center ICDL-Zertifikatspr\u00fcfungen ab.<\/p>\n<p class=\"ai-optimize-32\"><b>Alle unsere ICDL Zertifikatspr\u00fcfungen werden virtuell (online per Fern\u00fcberwachung) durchgef\u00fchrt. <a href=\"https:\/\/www.edubox.ch\/shop\/merkblatt-fuer-kandidaten-ecdl-typing-skills-certificate-zu-hause-oder-im-geschaeft-per-fernueberwachung-durchfuehren\/\">F\u00dcR DETAILS HIER KLICKEN!<\/a><\/b><\/p>\n<p class=\"ai-optimize-33\"><span style=\"color: #ff0000;\"><strong>Aktuell verf\u00fcgbare Pr\u00fcfungstermine:<\/strong><\/span><\/p>\n<ul>\n<li class=\"ai-optimize-33\"><span style=\"color: #ff0000;\"><a style=\"color: #ff0000;\" href=\"https:\/\/www.edubox.ch\/icdl\/Anmeldung_Typing_Ohne_Versicherung\" target=\"_blank\" rel=\"noopener\"><strong>ohne Versicherung<\/strong><\/a><\/span><\/li>\n<li class=\"ai-optimize-32\"><a href=\"https:\/\/www.edubox.ch\/icdl\/Anmeldung_Typing_Mit_Versicherung\" target=\"_blank\" rel=\"noopener\"><span style=\"color: #ff0000;\"><strong>mit Versicherung<\/strong><\/span><\/a><\/li>\n<\/ul>\n","protected":false},"featured_media":5333,"comment_status":"closed","ping_status":"closed","template":"","meta":{"_lmt_disableupdate":"no","_lmt_disable":""},"product_brand":[],"product_cat":[120],"product_tag":[],"class_list":{"0":"post-891","1":"product","2":"type-product","3":"status-publish","4":"has-post-thumbnail","6":"product_cat-ecdl-typing-skills-certificate","8":"first","9":"instock","10":"taxable","11":"shipping-taxable","12":"purchasable","13":"product-type-variable"},"yoast_head":"<!-- This site is optimized with the Yoast SEO plugin v27.2 - https:\/\/yoast.com\/product\/yoast-seo-wordpress\/ -->\n<title>ICDL\/ECDL: Zertifikatspr\u00fcfung Typing Skills Certificate - EduBox GmbH<\/title>\n<meta name=\"robots\" content=\"index, follow, max-snippet:-1, max-image-preview:large, max-video-preview:-1\" \/>\n<link rel=\"canonical\" href=\"https:\/\/www.edubox.ch\/shop\/produkt\/ecdl-typing-skills-certificate\/\" \/>\n<meta property=\"og:locale\" content=\"de_DE\" \/>\n<meta property=\"og:type\" content=\"article\" \/>\n<meta property=\"og:title\" content=\"ICDL\/ECDL: Zertifikatspr\u00fcfung Typing Skills Certificate - EduBox GmbH\" \/>\n<meta property=\"og:description\" content=\"Die EduBox GmbH nimmt als approbiertes ICDL-Test-Center ICDL-Zertifikatspr\u00fcfungen ab. Alle unsere ICDL Zertifikatspr\u00fcfungen werden virtuell (online per Fern\u00fcberwachung) durchgef\u00fchrt. F\u00dcR DETAILS HIER KLICKEN! Aktuell verf\u00fcgbare Pr\u00fcfungstermine:    ohne Versicherung  mit Versicherung\" \/>\n<meta property=\"og:url\" content=\"https:\/\/www.edubox.ch\/shop\/produkt\/ecdl-typing-skills-certificate\/\" \/>\n<meta property=\"og:site_name\" content=\"EduBox GmbH\" \/>\n<meta property=\"article:publisher\" content=\"https:\/\/www.facebook.com\/EduBox.CH\" \/>\n<meta property=\"article:modified_time\" content=\"2026-03-11T16:40:08+00:00\" \/>\n<meta property=\"og:image\" content=\"https:\/\/www.edubox.ch\/shop\/wp-content\/uploads\/Designer-3.jpg\" \/>\n\t<meta property=\"og:image:width\" content=\"1024\" \/>\n\t<meta property=\"og:image:height\" content=\"1024\" \/>\n\t<meta property=\"og:image:type\" content=\"image\/jpeg\" \/>\n<meta name=\"twitter:card\" content=\"summary_large_image\" \/>\n<meta name=\"twitter:site\" content=\"@EduBox_CH\" \/>\n<meta name=\"twitter:label1\" content=\"Gesch\u00e4tzte Lesezeit\" \/>\n\t<meta name=\"twitter:data1\" content=\"1\u00a0Minute\" \/>\n<script type=\"application\/ld+json\" class=\"yoast-schema-graph\">{\"@context\":\"https:\/\/schema.org\",\"@graph\":[{\"@type\":\"WebPage\",\"@id\":\"https:\/\/www.edubox.ch\/shop\/produkt\/ecdl-typing-skills-certificate\/\",\"url\":\"https:\/\/www.edubox.ch\/shop\/produkt\/ecdl-typing-skills-certificate\/\",\"name\":\"ICDL\/ECDL: Zertifikatspr\u00fcfung Typing Skills Certificate - EduBox GmbH\",\"isPartOf\":{\"@id\":\"https:\/\/www.edubox.ch\/shop\/#website\"},\"primaryImageOfPage\":{\"@id\":\"https:\/\/www.edubox.ch\/shop\/produkt\/ecdl-typing-skills-certificate\/#primaryimage\"},\"image\":{\"@id\":\"https:\/\/www.edubox.ch\/shop\/produkt\/ecdl-typing-skills-certificate\/#primaryimage\"},\"thumbnailUrl\":\"https:\/\/www.edubox.ch\/shop\/wp-content\/uploads\/Designer-3.jpg\",\"datePublished\":\"2017-04-18T09:30:33+00:00\",\"dateModified\":\"2026-03-11T16:40:08+00:00\",\"breadcrumb\":{\"@id\":\"https:\/\/www.edubox.ch\/shop\/produkt\/ecdl-typing-skills-certificate\/#breadcrumb\"},\"inLanguage\":\"de-CH\",\"potentialAction\":[{\"@type\":\"ReadAction\",\"target\":[\"https:\/\/www.edubox.ch\/shop\/produkt\/ecdl-typing-skills-certificate\/\"]}]},{\"@type\":\"ImageObject\",\"inLanguage\":\"de-CH\",\"@id\":\"https:\/\/www.edubox.ch\/shop\/produkt\/ecdl-typing-skills-certificate\/#primaryimage\",\"url\":\"https:\/\/www.edubox.ch\/shop\/wp-content\/uploads\/Designer-3.jpg\",\"contentUrl\":\"https:\/\/www.edubox.ch\/shop\/wp-content\/uploads\/Designer-3.jpg\",\"width\":1024,\"height\":1024},{\"@type\":\"BreadcrumbList\",\"@id\":\"https:\/\/www.edubox.ch\/shop\/produkt\/ecdl-typing-skills-certificate\/#breadcrumb\",\"itemListElement\":[{\"@type\":\"ListItem\",\"position\":1,\"name\":\"Startseite\",\"item\":\"https:\/\/www.edubox.ch\/shop\/\"},{\"@type\":\"ListItem\",\"position\":2,\"name\":\"Alle Produkte\",\"item\":\"https:\/\/www.edubox.ch\/shop\/alle-produkte\/\"},{\"@type\":\"ListItem\",\"position\":3,\"name\":\"ICDL\/ECDL: Zertifikatspr\u00fcfung Typing Skills Certificate\"}]},{\"@type\":\"WebSite\",\"@id\":\"https:\/\/www.edubox.ch\/shop\/#website\",\"url\":\"https:\/\/www.edubox.ch\/shop\/\",\"name\":\"EduBox GmbH\",\"description\":\"Die erste virtuelle ICT-Schule der Schweiz!\",\"publisher\":{\"@id\":\"https:\/\/www.edubox.ch\/shop\/#organization\"},\"potentialAction\":[{\"@type\":\"SearchAction\",\"target\":{\"@type\":\"EntryPoint\",\"urlTemplate\":\"https:\/\/www.edubox.ch\/shop\/?s={search_term_string}\"},\"query-input\":{\"@type\":\"PropertyValueSpecification\",\"valueRequired\":true,\"valueName\":\"search_term_string\"}}],\"inLanguage\":\"de-CH\"},{\"@type\":\"Organization\",\"@id\":\"https:\/\/www.edubox.ch\/shop\/#organization\",\"name\":\"EduBox GmbH\",\"url\":\"https:\/\/www.edubox.ch\/shop\/\",\"logo\":{\"@type\":\"ImageObject\",\"inLanguage\":\"de-CH\",\"@id\":\"https:\/\/www.edubox.ch\/shop\/#\/schema\/logo\/image\/\",\"url\":\"https:\/\/www.edubox.ch\/shop\/wp-content\/uploads\/Logo-Laengs-ohne-Slogan-Transparent-Hoehe-1.5cm-fuer-Lehrbuch-KfK.png\",\"contentUrl\":\"https:\/\/www.edubox.ch\/shop\/wp-content\/uploads\/Logo-Laengs-ohne-Slogan-Transparent-Hoehe-1.5cm-fuer-Lehrbuch-KfK.png\",\"width\":725,\"height\":177,\"caption\":\"EduBox GmbH\"},\"image\":{\"@id\":\"https:\/\/www.edubox.ch\/shop\/#\/schema\/logo\/image\/\"},\"sameAs\":[\"https:\/\/www.facebook.com\/EduBox.CH\",\"https:\/\/x.com\/EduBox_CH\",\"https:\/\/www.linkedin.com\/company\/2981682\/admin\/dashboard\/\",\"https:\/\/www.xing.com\/pages\/eduboxgmbh\"]}]}<\/script>\n<!-- \/ Yoast SEO plugin. -->","yoast_head_json":{"title":"ICDL\/ECDL: Zertifikatspr\u00fcfung Typing Skills Certificate - EduBox GmbH","robots":{"index":"index","follow":"follow","max-snippet":"max-snippet:-1","max-image-preview":"max-image-preview:large","max-video-preview":"max-video-preview:-1"},"canonical":"https:\/\/www.edubox.ch\/shop\/produkt\/ecdl-typing-skills-certificate\/","og_locale":"de_DE","og_type":"article","og_title":"ICDL\/ECDL: Zertifikatspr\u00fcfung Typing Skills Certificate - EduBox GmbH","og_description":"Die EduBox GmbH nimmt als approbiertes ICDL-Test-Center ICDL-Zertifikatspr\u00fcfungen ab. Alle unsere ICDL Zertifikatspr\u00fcfungen werden virtuell (online per Fern\u00fcberwachung) durchgef\u00fchrt. F\u00dcR DETAILS HIER KLICKEN! Aktuell verf\u00fcgbare Pr\u00fcfungstermine:    ohne Versicherung  mit Versicherung","og_url":"https:\/\/www.edubox.ch\/shop\/produkt\/ecdl-typing-skills-certificate\/","og_site_name":"EduBox GmbH","article_publisher":"https:\/\/www.facebook.com\/EduBox.CH","article_modified_time":"2026-03-11T16:40:08+00:00","og_image":[{"width":1024,"height":1024,"url":"https:\/\/www.edubox.ch\/shop\/wp-content\/uploads\/Designer-3.jpg","type":"image\/jpeg"}],"twitter_card":"summary_large_image","twitter_site":"@EduBox_CH","twitter_misc":{"Gesch\u00e4tzte Lesezeit":"1\u00a0Minute"},"schema":{"@context":"https:\/\/schema.org","@graph":[{"@type":"WebPage","@id":"https:\/\/www.edubox.ch\/shop\/produkt\/ecdl-typing-skills-certificate\/","url":"https:\/\/www.edubox.ch\/shop\/produkt\/ecdl-typing-skills-certificate\/","name":"ICDL\/ECDL: Zertifikatspr\u00fcfung Typing Skills Certificate - EduBox GmbH","isPartOf":{"@id":"https:\/\/www.edubox.ch\/shop\/#website"},"primaryImageOfPage":{"@id":"https:\/\/www.edubox.ch\/shop\/produkt\/ecdl-typing-skills-certificate\/#primaryimage"},"image":{"@id":"https:\/\/www.edubox.ch\/shop\/produkt\/ecdl-typing-skills-certificate\/#primaryimage"},"thumbnailUrl":"https:\/\/www.edubox.ch\/shop\/wp-content\/uploads\/Designer-3.jpg","datePublished":"2017-04-18T09:30:33+00:00","dateModified":"2026-03-11T16:40:08+00:00","breadcrumb":{"@id":"https:\/\/www.edubox.ch\/shop\/produkt\/ecdl-typing-skills-certificate\/#breadcrumb"},"inLanguage":"de-CH","potentialAction":[{"@type":"ReadAction","target":["https:\/\/www.edubox.ch\/shop\/produkt\/ecdl-typing-skills-certificate\/"]}]},{"@type":"ImageObject","inLanguage":"de-CH","@id":"https:\/\/www.edubox.ch\/shop\/produkt\/ecdl-typing-skills-certificate\/#primaryimage","url":"https:\/\/www.edubox.ch\/shop\/wp-content\/uploads\/Designer-3.jpg","contentUrl":"https:\/\/www.edubox.ch\/shop\/wp-content\/uploads\/Designer-3.jpg","width":1024,"height":1024},{"@type":"BreadcrumbList","@id":"https:\/\/www.edubox.ch\/shop\/produkt\/ecdl-typing-skills-certificate\/#breadcrumb","itemListElement":[{"@type":"ListItem","position":1,"name":"Startseite","item":"https:\/\/www.edubox.ch\/shop\/"},{"@type":"ListItem","position":2,"name":"Alle Produkte","item":"https:\/\/www.edubox.ch\/shop\/alle-produkte\/"},{"@type":"ListItem","position":3,"name":"ICDL\/ECDL: Zertifikatspr\u00fcfung Typing Skills Certificate"}]},{"@type":"WebSite","@id":"https:\/\/www.edubox.ch\/shop\/#website","url":"https:\/\/www.edubox.ch\/shop\/","name":"EduBox GmbH","description":"Die erste virtuelle ICT-Schule der Schweiz!","publisher":{"@id":"https:\/\/www.edubox.ch\/shop\/#organization"},"potentialAction":[{"@type":"SearchAction","target":{"@type":"EntryPoint","urlTemplate":"https:\/\/www.edubox.ch\/shop\/?s={search_term_string}"},"query-input":{"@type":"PropertyValueSpecification","valueRequired":true,"valueName":"search_term_string"}}],"inLanguage":"de-CH"},{"@type":"Organization","@id":"https:\/\/www.edubox.ch\/shop\/#organization","name":"EduBox GmbH","url":"https:\/\/www.edubox.ch\/shop\/","logo":{"@type":"ImageObject","inLanguage":"de-CH","@id":"https:\/\/www.edubox.ch\/shop\/#\/schema\/logo\/image\/","url":"https:\/\/www.edubox.ch\/shop\/wp-content\/uploads\/Logo-Laengs-ohne-Slogan-Transparent-Hoehe-1.5cm-fuer-Lehrbuch-KfK.png","contentUrl":"https:\/\/www.edubox.ch\/shop\/wp-content\/uploads\/Logo-Laengs-ohne-Slogan-Transparent-Hoehe-1.5cm-fuer-Lehrbuch-KfK.png","width":725,"height":177,"caption":"EduBox GmbH"},"image":{"@id":"https:\/\/www.edubox.ch\/shop\/#\/schema\/logo\/image\/"},"sameAs":["https:\/\/www.facebook.com\/EduBox.CH","https:\/\/x.com\/EduBox_CH","https:\/\/www.linkedin.com\/company\/2981682\/admin\/dashboard\/","https:\/\/www.xing.com\/pages\/eduboxgmbh"]}]}},"_links":{"self":[{"href":"https:\/\/www.edubox.ch\/shop\/wp-json\/wp\/v2\/product\/891","targetHints":{"allow":["GET"]}}],"collection":[{"href":"https:\/\/www.edubox.ch\/shop\/wp-json\/wp\/v2\/product"}],"about":[{"href":"https:\/\/www.edubox.ch\/shop\/wp-json\/wp\/v2\/types\/product"}],"replies":[{"embeddable":true,"href":"https:\/\/www.edubox.ch\/shop\/wp-json\/wp\/v2\/comments?post=891"}],"wp:featuredmedia":[{"embeddable":true,"href":"https:\/\/www.edubox.ch\/shop\/wp-json\/wp\/v2\/media\/5333"}],"wp:attachment":[{"href":"https:\/\/www.edubox.ch\/shop\/wp-json\/wp\/v2\/media?parent=891"}],"wp:term":[{"taxonomy":"product_brand","embeddable":true,"href":"https:\/\/www.edubox.ch\/shop\/wp-json\/wp\/v2\/product_brand?post=891"},{"taxonomy":"product_cat","embeddable":true,"href":"https:\/\/www.edubox.ch\/shop\/wp-json\/wp\/v2\/product_cat?post=891"},{"taxonomy":"product_tag","embeddable":true,"href":"https:\/\/www.edubox.ch\/shop\/wp-json\/wp\/v2\/product_tag?post=891"}],"curies":[{"name":"wp","href":"https:\/\/api.w.org\/{rel}","templated":true}]}}